{"id":848,"date":"2019-04-02T09:11:53","date_gmt":"2019-04-02T09:11:53","guid":{"rendered":"http:\/\/propokanpro.com\/?page_id=848"},"modified":"2019-04-22T06:29:12","modified_gmt":"2019-04-22T06:29:12","slug":"zastita-prodora-cevi-i-kablova","status":"publish","type":"page","link":"https:\/\/propokanpro.com\/eng\/zastita-prodora-cevi-i-kablova\/","title":{"rendered":"Fire Rated Sealants"},"content":{"rendered":"\r\n<p>Po\u017earni sektor se smatra vitalnim delom svakog projektnog pristupa za za\u0161titu od po\u017eara i predstavlja oblik pasivne za\u0161tite od po\u017eara, jer obi\u010dno ne reaguje ili se ne menja u bilo kojim uslovima po\u017eara. Po\u017earni sektor je u su\u0161tini podelilo zgradu u razli\u010dite &#8222;c\u0301elije&#8220; kako bi se ograni\u010dilo ili zadr\u017ealo \u0161irenje vatre, toplote i dima u ili iz drugog dela iste zgrade ili susedne zgrade u odre\u0111eno vreme. Time se \u0161tite stanovnici zgrada i dozvoljava im vreme za evakuaciju, a istovremeno pru\u017ea moguc\u0301nost lokalnim vatrogasnim slu\u017ebama da deluju i smanje potencijalne \u0161tete u slu\u010daju po\u017eara. Po\u017earni sektori su odvojeni jedni od drugih zidovima u punoj visini i podovima od vatrootpornih materijala i konstrukcije.<\/p>\r\n<p>Jedna moguc\u0301a slabost unutar zidova po\u017earnog sektora dolazi sa potrebom da stvari prolaze kroz njih, bez obzira da li se to odnosi na potrebe ljudi (praznine za vrata) ili usluge izgradnje (elektri\u010dni kablovi, cevi, ventilacioni i dimovodni kanali), te stvaraju otvore i stoga slabosti unutar zidova po\u017earnog sektora.<\/p>\r\n<p>Ovim otvorima treba posvetiti posebnu pa\u017enju. Za\u0161tita od po\u017eara je termin koji se odnosi na razli\u010dite komponente koje se koriste za zaptivanje otvora u pregradnim zidovima. Svaki kori\u0161\u0107eni metod se razlikuje u zavisnosti od tipa i veli\u010dine otvora zida.<\/p>\r\n<p>Veoma ekspanzivni, intumescentni Propokan Pro sistem je lak za nano\u0161enje zaptiva\u010d otvora. \u0160iri se na temperaturama iznad 135 \u00b0C i zaptiva oko razli\u010ditih prodora i usluga kako bi se spre\u010dio prolaz dima i vatre.<\/p>\r\n<p style=\"text-align: center;\">\u00a0<\/p>\r\n\r\n\r\n\r\n<p>[vc_row][vc_column]<div class=\"share-options align-left\"><h6>Podelite:<\/h6><a href=\"\" class=\"twitter-sharer\" onClick=\"twitterSharer()\"><i class=\"fa fa-twitter\"><\/i><\/a><a href=\"\" class=\"facebook-sharer\" onClick=\"facebookSharer()\"><i class=\"fa fa-facebook\"><\/i><\/a><a href=\"\" class=\"pinterest-sharer\" onClick=\"pinterestSharer()\"><i class=\"fa fa-pinterest\"><\/i><\/a><a href=\"\" class=\"google-sharer\" onClick=\"googleSharer()\"><i class=\"fa fa-google-plus\"><\/i><\/a><a href=\"\" class=\"delicious-sharer\" onClick=\"deliciousSharer()\"><i class=\"fa fa-share\"><\/i><\/a><a href=\"\" class=\"linkedin-sharer\" onClick=\"linkedinSharer()\"><i class=\"fa fa-linkedin\"><\/i><\/a><\/div><p><\/p>[\/vc_column][\/vc_row]<\/p>\r\n","protected":false},"excerpt":{"rendered":"<p>Po\u017earni sektor se smatra vitalnim delom svakog projektnog pristupa za za\u0161titu od po\u017eara i predstavlja oblik pasivne za\u0161tite&#8230; <a class=\"excerpt-read-more\" href=\"https:\/\/propokanpro.com\/eng\/zastita-prodora-cevi-i-kablova\/\"><span>Read More<\/span><\/a><\/p>","protected":false},"author":1,"featured_media":0,"parent":0,"menu_order":0,"comment_status":"closed","ping_status":"closed","template":"","meta":{"footnotes":""},"yoast_head":"<!-- This site is optimized with the Yoast SEO plugin v23.5 - https:\/\/yoast.com\/wordpress\/plugins\/seo\/ -->\n<title>PP za\u0161tita prodora, cevi i kablova - PropokanPro<\/title>\n<meta name=\"robots\" content=\"index, follow, max-snippet:-1, max-image-preview:large, max-video-preview:-1\" \/>\n<link rel=\"canonical\" href=\"https:\/\/propokanpro.com\/eng\/zastita-prodora-cevi-i-kablova\/\" \/>\n<meta property=\"og:locale\" content=\"en_US\" \/>\n<meta property=\"og:type\" content=\"article\" \/>\n<meta property=\"og:title\" content=\"PP za\u0161tita prodora, cevi i kablova - PropokanPro\" \/>\n<meta property=\"og:description\" content=\"Po\u017earni sektor se smatra vitalnim delom svakog projektnog pristupa za za\u0161titu od po\u017eara i predstavlja oblik pasivne za\u0161tite... Read More\" \/>\n<meta property=\"og:url\" content=\"https:\/\/propokanpro.com\/eng\/zastita-prodora-cevi-i-kablova\/\" \/>\n<meta property=\"og:site_name\" content=\"PropokanPro\" \/>\n<meta property=\"article:modified_time\" content=\"2019-04-22T06:29:12+00:00\" \/>\n<meta name=\"twitter:card\" content=\"summary_large_image\" \/>\n<meta name=\"twitter:label1\" content=\"Est. reading time\" \/>\n\t<meta name=\"twitter:data1\" content=\"1 minute\" \/>\n<script type=\"application\/ld+json\" class=\"yoast-schema-graph\">{\"@context\":\"https:\/\/schema.org\",\"@graph\":[{\"@type\":\"WebPage\",\"@id\":\"https:\/\/propokanpro.com\/zastita-prodora-cevi-i-kablova\/\",\"url\":\"https:\/\/propokanpro.com\/zastita-prodora-cevi-i-kablova\/\",\"name\":\"PP za\u0161tita prodora, cevi i kablova - PropokanPro\",\"isPartOf\":{\"@id\":\"https:\/\/propokanpro.com\/#website\"},\"datePublished\":\"2019-04-02T09:11:53+00:00\",\"dateModified\":\"2019-04-22T06:29:12+00:00\",\"breadcrumb\":{\"@id\":\"https:\/\/propokanpro.com\/zastita-prodora-cevi-i-kablova\/#breadcrumb\"},\"inLanguage\":\"en-US\",\"potentialAction\":[{\"@type\":\"ReadAction\",\"target\":[\"https:\/\/propokanpro.com\/zastita-prodora-cevi-i-kablova\/\"]}]},{\"@type\":\"BreadcrumbList\",\"@id\":\"https:\/\/propokanpro.com\/zastita-prodora-cevi-i-kablova\/#breadcrumb\",\"itemListElement\":[{\"@type\":\"ListItem\",\"position\":1,\"name\":\"Home\",\"item\":\"https:\/\/propokanpro.com\/\"},{\"@type\":\"ListItem\",\"position\":2,\"name\":\"PP za\u0161tita prodora, cevi i kablova\"}]},{\"@type\":\"WebSite\",\"@id\":\"https:\/\/propokanpro.com\/#website\",\"url\":\"https:\/\/propokanpro.com\/\",\"name\":\"PropokanPro\",\"description\":\"\",\"publisher\":{\"@id\":\"https:\/\/propokanpro.com\/#organization\"},\"potentialAction\":[{\"@type\":\"SearchAction\",\"target\":{\"@type\":\"EntryPoint\",\"urlTemplate\":\"https:\/\/propokanpro.com\/?s={search_term_string}\"},\"query-input\":{\"@type\":\"PropertyValueSpecification\",\"valueRequired\":true,\"valueName\":\"search_term_string\"}}],\"inLanguage\":\"en-US\"},{\"@type\":\"Organization\",\"@id\":\"https:\/\/propokanpro.com\/#organization\",\"name\":\"Propokan Pro d.o.o.\",\"url\":\"https:\/\/propokanpro.com\/\",\"logo\":{\"@type\":\"ImageObject\",\"inLanguage\":\"en-US\",\"@id\":\"https:\/\/propokanpro.com\/#\/schema\/logo\/image\/\",\"url\":\"https:\/\/propokanpro.com\/wp-content\/uploads\/2019\/04\/cropped-miki1-e1554138477224.png\",\"contentUrl\":\"https:\/\/propokanpro.com\/wp-content\/uploads\/2019\/04\/cropped-miki1-e1554138477224.png\",\"width\":200,\"height\":75,\"caption\":\"Propokan Pro d.o.o.\"},\"image\":{\"@id\":\"https:\/\/propokanpro.com\/#\/schema\/logo\/image\/\"},\"sameAs\":[\"https:\/\/www.linkedin.com\/company\/propokan-pro-passive-fire-protection\/?viewAsMember=true\"]}]}<\/script>\n<!-- \/ Yoast SEO plugin. -->","yoast_head_json":{"title":"PP za\u0161tita prodora, cevi i kablova - PropokanPro","robots":{"index":"index","follow":"follow","max-snippet":"max-snippet:-1","max-image-preview":"max-image-preview:large","max-video-preview":"max-video-preview:-1"},"canonical":"https:\/\/propokanpro.com\/eng\/zastita-prodora-cevi-i-kablova\/","og_locale":"en_US","og_type":"article","og_title":"PP za\u0161tita prodora, cevi i kablova - PropokanPro","og_description":"Po\u017earni sektor se smatra vitalnim delom svakog projektnog pristupa za za\u0161titu od po\u017eara i predstavlja oblik pasivne za\u0161tite... Read More","og_url":"https:\/\/propokanpro.com\/eng\/zastita-prodora-cevi-i-kablova\/","og_site_name":"PropokanPro","article_modified_time":"2019-04-22T06:29:12+00:00","twitter_card":"summary_large_image","twitter_misc":{"Est. reading time":"1 minute"},"schema":{"@context":"https:\/\/schema.org","@graph":[{"@type":"WebPage","@id":"https:\/\/propokanpro.com\/zastita-prodora-cevi-i-kablova\/","url":"https:\/\/propokanpro.com\/zastita-prodora-cevi-i-kablova\/","name":"PP za\u0161tita prodora, cevi i kablova - PropokanPro","isPartOf":{"@id":"https:\/\/propokanpro.com\/#website"},"datePublished":"2019-04-02T09:11:53+00:00","dateModified":"2019-04-22T06:29:12+00:00","breadcrumb":{"@id":"https:\/\/propokanpro.com\/zastita-prodora-cevi-i-kablova\/#breadcrumb"},"inLanguage":"en-US","potentialAction":[{"@type":"ReadAction","target":["https:\/\/propokanpro.com\/zastita-prodora-cevi-i-kablova\/"]}]},{"@type":"BreadcrumbList","@id":"https:\/\/propokanpro.com\/zastita-prodora-cevi-i-kablova\/#breadcrumb","itemListElement":[{"@type":"ListItem","position":1,"name":"Home","item":"https:\/\/propokanpro.com\/"},{"@type":"ListItem","position":2,"name":"PP za\u0161tita prodora, cevi i kablova"}]},{"@type":"WebSite","@id":"https:\/\/propokanpro.com\/#website","url":"https:\/\/propokanpro.com\/","name":"PropokanPro","description":"","publisher":{"@id":"https:\/\/propokanpro.com\/#organization"},"potentialAction":[{"@type":"SearchAction","target":{"@type":"EntryPoint","urlTemplate":"https:\/\/propokanpro.com\/?s={search_term_string}"},"query-input":{"@type":"PropertyValueSpecification","valueRequired":true,"valueName":"search_term_string"}}],"inLanguage":"en-US"},{"@type":"Organization","@id":"https:\/\/propokanpro.com\/#organization","name":"AT&amp;\u0422C Propokan pro system doo","url":"https:\/\/propokanpro.com\/","logo":{"@type":"ImageObject","inLanguage":"en-US","@id":"https:\/\/propokanpro.com\/#\/schema\/logo\/image\/","url":"https:\/\/propokanpro.com\/wp-content\/uploads\/2019\/04\/cropped-miki1-e1554138477224.png","contentUrl":"https:\/\/propokanpro.com\/wp-content\/uploads\/2019\/04\/cropped-miki1-e1554138477224.png","width":200,"height":75,"caption":"Propokan Pro d.o.o."},"image":{"@id":"https:\/\/propokanpro.com\/#\/schema\/logo\/image\/"},"sameAs":["https:\/\/www.linkedin.com\/company\/propokan-pro-passive-fire-protection\/?viewAsMember=true"]}]}},"_links":{"self":[{"href":"https:\/\/propokanpro.com\/eng\/wp-json\/wp\/v2\/pages\/848"}],"collection":[{"href":"https:\/\/propokanpro.com\/eng\/wp-json\/wp\/v2\/pages"}],"about":[{"href":"https:\/\/propokanpro.com\/eng\/wp-json\/wp\/v2\/types\/page"}],"author":[{"embeddable":true,"href":"https:\/\/propokanpro.com\/eng\/wp-json\/wp\/v2\/users\/1"}],"replies":[{"embeddable":true,"href":"https:\/\/propokanpro.com\/eng\/wp-json\/wp\/v2\/comments?post=848"}],"version-history":[{"count":32,"href":"https:\/\/propokanpro.com\/eng\/wp-json\/wp\/v2\/pages\/848\/revisions"}],"predecessor-version":[{"id":1967,"href":"https:\/\/propokanpro.com\/eng\/wp-json\/wp\/v2\/pages\/848\/revisions\/1967"}],"wp:attachment":[{"href":"https:\/\/propokanpro.com\/eng\/wp-json\/wp\/v2\/media?parent=848"}],"curies":[{"name":"wp","href":"https:\/\/api.w.org\/{rel}","templated":true}]}}