{"id":846,"date":"2019-04-02T09:11:38","date_gmt":"2019-04-02T09:11:38","guid":{"rendered":"http:\/\/propokanpro.com\/?page_id=846"},"modified":"2020-12-26T07:43:06","modified_gmt":"2020-12-26T07:43:06","slug":"zastita-ventilacionih-i-dimovodnih-kanala","status":"publish","type":"page","link":"https:\/\/propokanpro.com\/eng\/zastita-ventilacionih-i-dimovodnih-kanala\/","title":{"rendered":"Fire Rated Ducts"},"content":{"rendered":"<p><strong>Ventilacija i odimljavanje<\/strong><\/p>\n<p>&nbsp;<\/p>\n\n\n<div class=\"entry-content\">\n<p>Protivpo\u017earna za\u0161tita ventilacionih i dimovodnih kanala u trajanju od 120 min. brzo i efikasno se obezbe\u0111uje primenom Propokan sistema za\u0161tite.<\/p>\n<p>&nbsp;<\/p>\n<p><strong>Komponente sistema<\/strong><\/p>\n<p>Sistem protivpo\u017earne za\u0161tite kanala Propokan sastoji se od tri glavne komponente:<\/p>\n<ol>\n<li><strong>Odma\u0161\u0107iva\u010d<\/strong><\/li>\n<li><strong>Prajmer<\/strong> (50\u00b120 \u00b5m) &#8211;&nbsp; FIRE S EPO<\/li>\n<li><strong>Protivpo\u017earni premaz<\/strong> (350\u00b150 \u00b5m)<\/li>\n<\/ol>\n<p>Opciono, na povr\u0161inu protivpo\u017earnog premaza mo\u017ee se naneti i bilo koja boja iz RAL karte, \u0161to pobolj\u0161ava vizuelnu dopadljivost, a ne uti\u010de na funkciju za\u0161ti\u0107enog kanala u slu\u010daju po\u017eara.<\/p>\n<div class=\"wp-block-image\">\n<figure class=\"alignleft is-resized\"><img loading=\"lazy\" decoding=\"async\" class=\"wp-image-33\" src=\"http:\/\/propokanpro.com\/wp-content\/uploads\/2019\/04\/Bobika-foto-11-768x1024.jpg\" sizes=\"(max-width: 301px) 100vw, 301px\" srcset=\"http:\/\/propokanpro.com\/wp-content\/uploads\/2019\/04\/Bobika-foto-11-768x1024.jpg 768w, http:\/\/propokanpro.com\/wp-content\/uploads\/2019\/04\/Bobika-foto-11-225x300.jpg 225w, http:\/\/propokanpro.com\/wp-content\/uploads\/2019\/04\/Bobika-foto-11.jpg 960w\" alt=\"\" width=\"301\" height=\"402\"><\/figure>\n<\/div>\n<br>\n<p>1. Kanal &#8211; Odma\u0161\u0107iva\u010d<\/p>\n<p>2. Prajmer<\/p>\n<p>3. Protivpo\u017earni premaz<\/p>\n<p>4. RAL boja<\/p>\n<br><br><br><br><br><br><br>\n<p>&nbsp;<\/p>\n<\/div>\n<p>&nbsp;<\/p>\n<div class=\"entry-content\">\n<p><strong><img loading=\"lazy\" decoding=\"async\" class=\"aligncenter size-full wp-image-2084\" src=\"http:\/\/propokanpro.com\/wp-content\/uploads\/2019\/05\/koleno.jpg\" alt=\"\" width=\"960\" height=\"1280\" srcset=\"https:\/\/propokanpro.com\/wp-content\/uploads\/2019\/05\/koleno.jpg 960w, https:\/\/propokanpro.com\/wp-content\/uploads\/2019\/05\/koleno-225x300.jpg 225w, https:\/\/propokanpro.com\/wp-content\/uploads\/2019\/05\/koleno-768x1024.jpg 768w, https:\/\/propokanpro.com\/wp-content\/uploads\/2019\/05\/koleno-640x853.jpg 640w\" sizes=\"(max-width: 960px) 100vw, 960px\" \/>Kanali<\/strong><\/p>\n<p>Sistemom Propokan mogu se \u0161tititi kanali koju su izra\u0111eni u skladu sa standardom DW 144, pravougaonog ili kru\u017enog popre\u010dnog preseka.<\/p>\n<p>&nbsp;<\/p>\n<p><strong>Ispitivanja (atesti)<\/strong><\/p>\n<p>Propokan sistem je ispitan u laboratoriji FIRES (Slova\u010dka) akreditovanoj prema ILAC MRA (<a href=\"https:\/\/ilac.org\/about-ilac\/\">https:\/\/ilac.org\/about-ilac\/<\/a>) koja je ujedno i sama akrediatciono i sertifikaciono telo.<\/p>\n<p>Ispitivanja su izvr\u0161ena u skladu sa:<\/p>\n<ul>\n<li><strong>(SRPS) EN 1366-1:<\/strong> Ispitivanja otpornosti servisnih instalacija na po\u017ear \u2014 Deo 1: Ventilacioni kanali<\/li>\n<\/ul>\n<ul>\n<li><strong>(SRPS) EN 1366-9:<\/strong> Ispitivanje otpornosti na po\u017ear servisnih instalacija \u2014 Deo 9: Kanali za ekstrakciju dima iz jednog po\u017earnog sektora<\/li>\n<\/ul>\n<ul>\n<li><strong>(SRPS) EN 13501-4<\/strong>: Po\u017earna klasifikacija gra\u0111evinskih proizvoda i elemenata zgrade \u2014 Deo 4: Klasifikacija na osnovu podataka dobijenih ispitivanjem otpornosti na po\u017ear na komponentama sistema za kontrolu dima<\/li>\n<\/ul>\n<p>&nbsp;<\/p>\n<p><strong>Klasifikacija<\/strong><\/p>\n<p>Na osnovu ispitivanja prema (SRPS) EN 13501-4 Propokan sistem je klasifikovan kao: <br><br><\/p>\n<table class=\"wp-block-table aligncenter\">\n<tbody>\n<tr>\n<td>\u22641250&#215;1000 mm<\/td>\n<td>E600 120 ho1000 single<\/td>\n<\/tr>\n<\/tbody>\n<\/table>\n<p>&nbsp;<\/p>\n<p><strong>Delovanje vatre<\/strong><\/p>\n<p>S obzirom da je Propokan sistem ispitan u potpunosti u skladu sa (SRPS) EN 1366-1 delovanje vatre mogu\u0107e je:<\/p>\n<p style=\"text-align: center;\">Spolja (Tip A)<\/p>\n<div class=\"wp-block-image\">\n<figure class=\"aligncenter\"><img loading=\"lazy\" decoding=\"async\" width=\"740\" height=\"238\" class=\"wp-image-1097\" src=\"http:\/\/propokanpro.com\/wp-content\/uploads\/2019\/04\/11111.png\" alt=\"\" srcset=\"https:\/\/propokanpro.com\/wp-content\/uploads\/2019\/04\/11111.png 740w, https:\/\/propokanpro.com\/wp-content\/uploads\/2019\/04\/11111-300x96.png 300w, https:\/\/propokanpro.com\/wp-content\/uploads\/2019\/04\/11111-640x206.png 640w\" sizes=\"(max-width: 740px) 100vw, 740px\" \/><\/figure>\n<\/div>\n<p style=\"text-align: center;\">Iznutra (Tip B)<\/p>\n<div class=\"wp-block-image\">\n<figure class=\"aligncenter\"><img loading=\"lazy\" decoding=\"async\" width=\"740\" height=\"240\" class=\"wp-image-1098\" src=\"http:\/\/propokanpro.com\/wp-content\/uploads\/2019\/04\/22222.png\" alt=\"\" srcset=\"https:\/\/propokanpro.com\/wp-content\/uploads\/2019\/04\/22222.png 740w, https:\/\/propokanpro.com\/wp-content\/uploads\/2019\/04\/22222-300x97.png 300w, https:\/\/propokanpro.com\/wp-content\/uploads\/2019\/04\/22222-640x208.png 640w\" sizes=\"(max-width: 740px) 100vw, 740px\" \/><\/figure>\n<\/div>\n<p>&nbsp;<\/p>\n<p><strong>Ostali elementi ugradnje<\/strong><\/p>\n<p>S obzirom da je Propokan sistem ispitan u potpunosti u skladu sa (SRPS) EN 1366-9 i (SRPS) EN 1366-1, ostali elementi koji se \u0161tite su prodori i nosa\u010di kanala.<\/p>\n<div class=\"wp-block-image\">\n<figure class=\"aligncenter is-resized\"><img loading=\"lazy\" decoding=\"async\" class=\"wp-image-1099\" src=\"http:\/\/propokanpro.com\/wp-content\/uploads\/2019\/04\/33333.png\" alt=\"\" width=\"314\" height=\"235\"><\/figure>\n<\/div>\n<\/div>\n\n\n\n<p>[vc_row][vc_column]<div class=\"share-options align-left\"><h6>Podelite:<\/h6><a href=\"\" class=\"twitter-sharer\" onClick=\"twitterSharer()\"><i class=\"fa fa-twitter\"><\/i><\/a><a href=\"\" class=\"facebook-sharer\" onClick=\"facebookSharer()\"><i class=\"fa fa-facebook\"><\/i><\/a><a href=\"\" class=\"pinterest-sharer\" onClick=\"pinterestSharer()\"><i class=\"fa fa-pinterest\"><\/i><\/a><a href=\"\" class=\"google-sharer\" onClick=\"googleSharer()\"><i class=\"fa fa-google-plus\"><\/i><\/a><a href=\"\" class=\"delicious-sharer\" onClick=\"deliciousSharer()\"><i class=\"fa fa-share\"><\/i><\/a><a href=\"\" class=\"linkedin-sharer\" onClick=\"linkedinSharer()\"><i class=\"fa fa-linkedin\"><\/i><\/a><\/div><p><\/p>[\/vc_column][\/vc_row]<\/p>\n","protected":false},"excerpt":{"rendered":"<p>Ventilacija i odimljavanje &nbsp; Protivpo\u017earna za\u0161tita ventilacionih i dimovodnih kanala u trajanju od 120 min. brzo i efikasno&#8230; <a class=\"excerpt-read-more\" href=\"https:\/\/propokanpro.com\/eng\/zastita-ventilacionih-i-dimovodnih-kanala\/\"><span>Read More<\/span><\/a><\/p>","protected":false},"author":1,"featured_media":0,"parent":0,"menu_order":0,"comment_status":"closed","ping_status":"closed","template":"","meta":{"footnotes":""},"yoast_head":"<!-- This site is optimized with the Yoast SEO plugin v23.5 - https:\/\/yoast.com\/wordpress\/plugins\/seo\/ -->\n<title>PP za\u0161tita ventilacionih i dimovodnih kanala - PropokanPro<\/title>\n<meta name=\"robots\" content=\"index, follow, max-snippet:-1, max-image-preview:large, max-video-preview:-1\" \/>\n<link rel=\"canonical\" href=\"https:\/\/propokanpro.com\/eng\/zastita-ventilacionih-i-dimovodnih-kanala\/\" \/>\n<meta property=\"og:locale\" content=\"en_US\" \/>\n<meta property=\"og:type\" content=\"article\" \/>\n<meta property=\"og:title\" content=\"PP za\u0161tita ventilacionih i dimovodnih kanala - PropokanPro\" \/>\n<meta property=\"og:description\" content=\"Ventilacija i odimljavanje &nbsp; Protivpo\u017earna za\u0161tita ventilacionih i dimovodnih kanala u trajanju od 120 min. brzo i efikasno... Read More\" \/>\n<meta property=\"og:url\" content=\"https:\/\/propokanpro.com\/eng\/zastita-ventilacionih-i-dimovodnih-kanala\/\" \/>\n<meta property=\"og:site_name\" content=\"PropokanPro\" \/>\n<meta property=\"article:modified_time\" content=\"2020-12-26T07:43:06+00:00\" \/>\n<meta property=\"og:image\" content=\"http:\/\/propokanpro.com\/wp-content\/uploads\/2019\/04\/Bobika-foto-11-768x1024.jpg\" \/>\n<meta name=\"twitter:card\" content=\"summary_large_image\" \/>\n<meta name=\"twitter:label1\" content=\"Est. reading time\" \/>\n\t<meta name=\"twitter:data1\" content=\"2 minutes\" \/>\n<script type=\"application\/ld+json\" class=\"yoast-schema-graph\">{\"@context\":\"https:\/\/schema.org\",\"@graph\":[{\"@type\":\"WebPage\",\"@id\":\"https:\/\/propokanpro.com\/zastita-ventilacionih-i-dimovodnih-kanala\/\",\"url\":\"https:\/\/propokanpro.com\/zastita-ventilacionih-i-dimovodnih-kanala\/\",\"name\":\"PP za\u0161tita ventilacionih i dimovodnih kanala - PropokanPro\",\"isPartOf\":{\"@id\":\"https:\/\/propokanpro.com\/#website\"},\"primaryImageOfPage\":{\"@id\":\"https:\/\/propokanpro.com\/zastita-ventilacionih-i-dimovodnih-kanala\/#primaryimage\"},\"image\":{\"@id\":\"https:\/\/propokanpro.com\/zastita-ventilacionih-i-dimovodnih-kanala\/#primaryimage\"},\"thumbnailUrl\":\"http:\/\/propokanpro.com\/wp-content\/uploads\/2019\/04\/Bobika-foto-11-768x1024.jpg\",\"datePublished\":\"2019-04-02T09:11:38+00:00\",\"dateModified\":\"2020-12-26T07:43:06+00:00\",\"breadcrumb\":{\"@id\":\"https:\/\/propokanpro.com\/zastita-ventilacionih-i-dimovodnih-kanala\/#breadcrumb\"},\"inLanguage\":\"en-US\",\"potentialAction\":[{\"@type\":\"ReadAction\",\"target\":[\"https:\/\/propokanpro.com\/zastita-ventilacionih-i-dimovodnih-kanala\/\"]}]},{\"@type\":\"ImageObject\",\"inLanguage\":\"en-US\",\"@id\":\"https:\/\/propokanpro.com\/zastita-ventilacionih-i-dimovodnih-kanala\/#primaryimage\",\"url\":\"http:\/\/propokanpro.com\/wp-content\/uploads\/2019\/04\/Bobika-foto-11-768x1024.jpg\",\"contentUrl\":\"http:\/\/propokanpro.com\/wp-content\/uploads\/2019\/04\/Bobika-foto-11-768x1024.jpg\"},{\"@type\":\"BreadcrumbList\",\"@id\":\"https:\/\/propokanpro.com\/zastita-ventilacionih-i-dimovodnih-kanala\/#breadcrumb\",\"itemListElement\":[{\"@type\":\"ListItem\",\"position\":1,\"name\":\"Home\",\"item\":\"https:\/\/propokanpro.com\/\"},{\"@type\":\"ListItem\",\"position\":2,\"name\":\"PP za\u0161tita ventilacionih i dimovodnih kanala\"}]},{\"@type\":\"WebSite\",\"@id\":\"https:\/\/propokanpro.com\/#website\",\"url\":\"https:\/\/propokanpro.com\/\",\"name\":\"PropokanPro\",\"description\":\"\",\"publisher\":{\"@id\":\"https:\/\/propokanpro.com\/#organization\"},\"potentialAction\":[{\"@type\":\"SearchAction\",\"target\":{\"@type\":\"EntryPoint\",\"urlTemplate\":\"https:\/\/propokanpro.com\/?s={search_term_string}\"},\"query-input\":{\"@type\":\"PropertyValueSpecification\",\"valueRequired\":true,\"valueName\":\"search_term_string\"}}],\"inLanguage\":\"en-US\"},{\"@type\":\"Organization\",\"@id\":\"https:\/\/propokanpro.com\/#organization\",\"name\":\"Propokan Pro d.o.o.\",\"url\":\"https:\/\/propokanpro.com\/\",\"logo\":{\"@type\":\"ImageObject\",\"inLanguage\":\"en-US\",\"@id\":\"https:\/\/propokanpro.com\/#\/schema\/logo\/image\/\",\"url\":\"https:\/\/propokanpro.com\/wp-content\/uploads\/2019\/04\/cropped-miki1-e1554138477224.png\",\"contentUrl\":\"https:\/\/propokanpro.com\/wp-content\/uploads\/2019\/04\/cropped-miki1-e1554138477224.png\",\"width\":200,\"height\":75,\"caption\":\"Propokan Pro d.o.o.\"},\"image\":{\"@id\":\"https:\/\/propokanpro.com\/#\/schema\/logo\/image\/\"},\"sameAs\":[\"https:\/\/www.linkedin.com\/company\/propokan-pro-passive-fire-protection\/?viewAsMember=true\"]}]}<\/script>\n<!-- \/ Yoast SEO plugin. -->","yoast_head_json":{"title":"PP za\u0161tita ventilacionih i dimovodnih kanala - PropokanPro","robots":{"index":"index","follow":"follow","max-snippet":"max-snippet:-1","max-image-preview":"max-image-preview:large","max-video-preview":"max-video-preview:-1"},"canonical":"https:\/\/propokanpro.com\/eng\/zastita-ventilacionih-i-dimovodnih-kanala\/","og_locale":"en_US","og_type":"article","og_title":"PP za\u0161tita ventilacionih i dimovodnih kanala - PropokanPro","og_description":"Ventilacija i odimljavanje &nbsp; Protivpo\u017earna za\u0161tita ventilacionih i dimovodnih kanala u trajanju od 120 min. brzo i efikasno... Read More","og_url":"https:\/\/propokanpro.com\/eng\/zastita-ventilacionih-i-dimovodnih-kanala\/","og_site_name":"PropokanPro","article_modified_time":"2020-12-26T07:43:06+00:00","og_image":[{"url":"http:\/\/propokanpro.com\/wp-content\/uploads\/2019\/04\/Bobika-foto-11-768x1024.jpg"}],"twitter_card":"summary_large_image","twitter_misc":{"Est. reading time":"2 minutes"},"schema":{"@context":"https:\/\/schema.org","@graph":[{"@type":"WebPage","@id":"https:\/\/propokanpro.com\/zastita-ventilacionih-i-dimovodnih-kanala\/","url":"https:\/\/propokanpro.com\/zastita-ventilacionih-i-dimovodnih-kanala\/","name":"PP za\u0161tita ventilacionih i dimovodnih kanala - PropokanPro","isPartOf":{"@id":"https:\/\/propokanpro.com\/#website"},"primaryImageOfPage":{"@id":"https:\/\/propokanpro.com\/zastita-ventilacionih-i-dimovodnih-kanala\/#primaryimage"},"image":{"@id":"https:\/\/propokanpro.com\/zastita-ventilacionih-i-dimovodnih-kanala\/#primaryimage"},"thumbnailUrl":"http:\/\/propokanpro.com\/wp-content\/uploads\/2019\/04\/Bobika-foto-11-768x1024.jpg","datePublished":"2019-04-02T09:11:38+00:00","dateModified":"2020-12-26T07:43:06+00:00","breadcrumb":{"@id":"https:\/\/propokanpro.com\/zastita-ventilacionih-i-dimovodnih-kanala\/#breadcrumb"},"inLanguage":"en-US","potentialAction":[{"@type":"ReadAction","target":["https:\/\/propokanpro.com\/zastita-ventilacionih-i-dimovodnih-kanala\/"]}]},{"@type":"ImageObject","inLanguage":"en-US","@id":"https:\/\/propokanpro.com\/zastita-ventilacionih-i-dimovodnih-kanala\/#primaryimage","url":"http:\/\/propokanpro.com\/wp-content\/uploads\/2019\/04\/Bobika-foto-11-768x1024.jpg","contentUrl":"http:\/\/propokanpro.com\/wp-content\/uploads\/2019\/04\/Bobika-foto-11-768x1024.jpg"},{"@type":"BreadcrumbList","@id":"https:\/\/propokanpro.com\/zastita-ventilacionih-i-dimovodnih-kanala\/#breadcrumb","itemListElement":[{"@type":"ListItem","position":1,"name":"Home","item":"https:\/\/propokanpro.com\/"},{"@type":"ListItem","position":2,"name":"PP za\u0161tita ventilacionih i dimovodnih kanala"}]},{"@type":"WebSite","@id":"https:\/\/propokanpro.com\/#website","url":"https:\/\/propokanpro.com\/","name":"PropokanPro","description":"","publisher":{"@id":"https:\/\/propokanpro.com\/#organization"},"potentialAction":[{"@type":"SearchAction","target":{"@type":"EntryPoint","urlTemplate":"https:\/\/propokanpro.com\/?s={search_term_string}"},"query-input":{"@type":"PropertyValueSpecification","valueRequired":true,"valueName":"search_term_string"}}],"inLanguage":"en-US"},{"@type":"Organization","@id":"https:\/\/propokanpro.com\/#organization","name":"AT&amp;\u0422C Propokan pro system doo","url":"https:\/\/propokanpro.com\/","logo":{"@type":"ImageObject","inLanguage":"en-US","@id":"https:\/\/propokanpro.com\/#\/schema\/logo\/image\/","url":"https:\/\/propokanpro.com\/wp-content\/uploads\/2019\/04\/cropped-miki1-e1554138477224.png","contentUrl":"https:\/\/propokanpro.com\/wp-content\/uploads\/2019\/04\/cropped-miki1-e1554138477224.png","width":200,"height":75,"caption":"Propokan Pro d.o.o."},"image":{"@id":"https:\/\/propokanpro.com\/#\/schema\/logo\/image\/"},"sameAs":["https:\/\/www.linkedin.com\/company\/propokan-pro-passive-fire-protection\/?viewAsMember=true"]}]}},"_links":{"self":[{"href":"https:\/\/propokanpro.com\/eng\/wp-json\/wp\/v2\/pages\/846"}],"collection":[{"href":"https:\/\/propokanpro.com\/eng\/wp-json\/wp\/v2\/pages"}],"about":[{"href":"https:\/\/propokanpro.com\/eng\/wp-json\/wp\/v2\/types\/page"}],"author":[{"embeddable":true,"href":"https:\/\/propokanpro.com\/eng\/wp-json\/wp\/v2\/users\/1"}],"replies":[{"embeddable":true,"href":"https:\/\/propokanpro.com\/eng\/wp-json\/wp\/v2\/comments?post=846"}],"version-history":[{"count":19,"href":"https:\/\/propokanpro.com\/eng\/wp-json\/wp\/v2\/pages\/846\/revisions"}],"predecessor-version":[{"id":2777,"href":"https:\/\/propokanpro.com\/eng\/wp-json\/wp\/v2\/pages\/846\/revisions\/2777"}],"wp:attachment":[{"href":"https:\/\/propokanpro.com\/eng\/wp-json\/wp\/v2\/media?parent=846"}],"curies":[{"name":"wp","href":"https:\/\/api.w.org\/{rel}","templated":true}]}}