{"id":803,"date":"2019-04-02T08:12:29","date_gmt":"2019-04-02T08:12:29","guid":{"rendered":"http:\/\/propokanpro.com\/?page_id=803"},"modified":"2020-12-26T07:29:24","modified_gmt":"2020-12-26T07:29:24","slug":"intumescentni-premazi","status":"publish","type":"page","link":"https:\/\/propokanpro.com\/eng\/intumescentni-premazi\/","title":{"rendered":"Intumescent coatings"},"content":{"rendered":"\n<div class=\"wp-block-group\"><div class=\"wp-block-group__inner-container is-layout-flow wp-block-group-is-layout-flow\">\n<div class=\"entry-content\">\n<p><strong>Intumescentni premazi<\/strong> su tankofilmni premazi koji su inertni na niskim temperaturama, ali ekspandiraju prilikom povi\u0161enih temperatura i posledi\u010dno stvaraju penasti sloj (oblogu) koji je slabo provodljiv i predstavlja temperaturni izolator.<\/p>\n<div class=\"row\">\n<div class=\"col-xs-12 col-md-6 col\" style=\"float: left; \/* width: 600px;\">\n<div class=\"banner-box\" style=\"float: left; text-align: justify; position: relative; overflow: hidden; margin: 40px;\"><a style=\"color: #444444; font-weight: bold; line-height: 25px;\" href=\"#\"> <figure><figure><img decoding=\"async\" class=\"img-responsive\" src=\"http:\/\/propokanpro.com\/wp-content\/uploads\/2019\/04\/11.png\" alt=\"\"><\/figure><\/figure><\/a><\/div>\n<\/div>\n<div class=\"col-xs-12 col-md-6 col\">\n<div class=\"banner-box\" style=\"\/* float: left; *\/text-align: justify; position: relative; overflow: hidden; margin: 40px; float: left; \/* width: 600px;\"><a style=\"color: #444444; font-weight: bold; line-height: 25px;\" href=\"#\"> <figure><figure><img decoding=\"async\" class=\"img-responsive\" src=\"http:\/\/propokanpro.com\/wp-content\/uploads\/2019\/04\/12.png\" alt=\"\"><\/figure><\/figure><\/a><\/div>\n<\/div>\n<\/div>\n<div class=\"blok\">\n<ul>\n<li>Mogu se primenjivati za za\u0161titu od po\u017eara na \u010delicnim konstrukcijama i kanalima za odvod dima i tolpote do 120 min.<\/li>\n<li>Nanose se lako i brzo pomo\u0107u \u010detke, valjka ili airless kompresora.<\/li>\n<li>Nano\u0161enje intumescentnih premaza mo\u017ee se vr\u0161iti i van gradili\u0161ta (u proizvodnim pogonima i radionicama) pa nakon toga elementi mogu biti montirani na gradili\u0161tu \u0161to umnogome mo\u017ee u\u0161tedeti period izvo\u0111enja u kriti\u010dnim fazama projekta.<\/li>\n<li>Zavr\u0161ne boje iz RAL karte mogu se nanositi preko intumescentnih premaza bez ikakvog uticaja na vatrootpornost, a sa ciljem uklapanja u enterijer i vizuelne dopadljivosti.<\/li>\n<li>Zavr\u0161ni premazi, kao i sami intumescentni premazi, mogu se dora\u0111ivati i popravljati nakon manjih o\u0161te\u0107enja.<\/li>\n<li>Intumescentni premazi mogu se primeniti na pocinkovanim i prohromskim povr\u0161inama sa istom efikasno\u0161\u0107u kao i kod crnog \u010delika.<\/li>\n<li>Proizvo\u0111a\u010di intumescentnih premaza su ustanovili udru\u017eenje za ovu vrstu premaza Intumescent Coating Forum (ICF), kako bi konstantno usavr\u0161avali metode proizvodnje, testiranja, instalacije i inspekcije ove vrste materijala.<\/li>\n<\/ul>\n<\/div>\n<br>\n<p>ICF website: <a href=\"https:\/\/www.coatings.org.uk\/search\/category.aspx?CategoryId=24\">https:\/\/www.coatings.org.uk\/search\/category.aspx?CategoryId=24<\/a><\/p>\n<p>Princip rada intumescentnih premaza:<\/p>\n<figure class=\"aligncenter is-resized\"><figure><figure><img decoding=\"async\" class=\"wp-image-1492\" src=\"http:\/\/propokanpro.com\/wp-content\/uploads\/2019\/04\/1-1-1024x563.jpg\" sizes=\"(max-width: 1024px) 100vw, 1024px\" srcset=\"http:\/\/propokanpro.com\/wp-content\/uploads\/2019\/04\/1-1-1024x563.jpg 1024w, http:\/\/propokanpro.com\/wp-content\/uploads\/2019\/04\/1-1-300x165.jpg 300w, http:\/\/propokanpro.com\/wp-content\/uploads\/2019\/04\/1-1-768x422.jpg 768w, http:\/\/propokanpro.com\/wp-content\/uploads\/2019\/04\/1-1-640x352.jpg 640w, http:\/\/propokanpro.com\/wp-content\/uploads\/2019\/04\/1-1.jpg 1043w\" alt=\"\" width=\"770\" height=\"NaN\"><\/figure><\/figure><\/figure>\n<figure class=\"aligncenter is-resized\"><figure><figure><img loading=\"lazy\" decoding=\"async\" class=\"wp-image-1493\" src=\"http:\/\/propokanpro.com\/wp-content\/uploads\/2019\/04\/2-1.jpg\" alt=\"\" width=\"770\" height=\"263\"><\/figure><\/figure><\/figure>\n<figure class=\"wp-block-embed-youtube aligncenter wp-block-embed is-type-video is-provider-youtube wp-embed-aspect-4-3 wp-has-aspect-ratio\">\n<div>&nbsp;<\/div>\n<div>&nbsp;<\/div>\n<div class=\"wp-block-embed__wrapper\">\n<p><\/p><\/div><\/figure><\/div>\n<\/div><\/div>\n\n\n\n<figure class=\"wp-block-video aligncenter\"><video controls src=\"http:\/\/propokanpro.com\/wp-content\/uploads\/2019\/11\/Propokan-Fireproofing.mp4\"><\/video><\/figure>\n\n\n\n<figure class=\"wp-block-video aligncenter\"><video controls src=\"http:\/\/propokanpro.com\/wp-content\/uploads\/2019\/11\/PropokanPro-sistem-nanosenje-na-kanale.mp4\"><\/video><\/figure>\n\n\n\n<p class=\"has-text-align-center\">Tehnika nano\u0161enja premaza<\/p>\n\n\n\n<h6 class=\"has-text-align-center wp-block-heading\">Pictures taken from http:\/\/www.thamesidefirestopping.com&nbsp; &nbsp;&nbsp; and&nbsp; &nbsp; http:\/\/www.thermoguarduk.com<\/h6>\n\n\n\n<figure class=\"wp-block-embed-youtube wp-block-embed is-type-video is-provider-youtube wp-embed-aspect-4-3 wp-has-aspect-ratio\">\n<figcaption><\/figcaption>\n<\/figure>\n\n\n\n<p><br>[vc_row][vc_column]<div class=\"share-options align-left\"><h6>Podelite:<\/h6><a href=\"\" class=\"twitter-sharer\" onClick=\"twitterSharer()\"><i class=\"fa fa-twitter\"><\/i><\/a><a href=\"\" class=\"facebook-sharer\" onClick=\"facebookSharer()\"><i class=\"fa fa-facebook\"><\/i><\/a><a href=\"\" class=\"pinterest-sharer\" onClick=\"pinterestSharer()\"><i class=\"fa fa-pinterest\"><\/i><\/a><a href=\"\" class=\"google-sharer\" onClick=\"googleSharer()\"><i class=\"fa fa-google-plus\"><\/i><\/a><a href=\"\" class=\"delicious-sharer\" onClick=\"deliciousSharer()\"><i class=\"fa fa-share\"><\/i><\/a><a href=\"\" class=\"linkedin-sharer\" onClick=\"linkedinSharer()\"><i class=\"fa fa-linkedin\"><\/i><\/a><\/div><p><\/p>[\/vc_column][\/vc_row]<\/p>\n","protected":false},"excerpt":{"rendered":"<p>Intumescentni premazi su tankofilmni premazi koji su inertni na niskim temperaturama, ali ekspandiraju prilikom povi\u0161enih temperatura i posledi\u010dno&#8230; <a class=\"excerpt-read-more\" href=\"https:\/\/propokanpro.com\/eng\/intumescentni-premazi\/\"><span>Read More<\/span><\/a><\/p>","protected":false},"author":1,"featured_media":808,"parent":0,"menu_order":0,"comment_status":"closed","ping_status":"closed","template":"","meta":{"footnotes":""},"yoast_head":"<!-- This site is optimized with the Yoast SEO plugin v23.5 - https:\/\/yoast.com\/wordpress\/plugins\/seo\/ -->\n<title>Intumescentni premazi - PropokanPro<\/title>\n<meta name=\"robots\" content=\"index, follow, max-snippet:-1, max-image-preview:large, max-video-preview:-1\" \/>\n<link rel=\"canonical\" href=\"https:\/\/propokanpro.com\/eng\/intumescentni-premazi\/\" \/>\n<meta property=\"og:locale\" content=\"en_US\" \/>\n<meta property=\"og:type\" content=\"article\" \/>\n<meta property=\"og:title\" content=\"Intumescentni premazi - PropokanPro\" \/>\n<meta property=\"og:description\" content=\"Intumescentni premazi su tankofilmni premazi koji su inertni na niskim temperaturama, ali ekspandiraju prilikom povi\u0161enih temperatura i posledi\u010dno... Read More\" \/>\n<meta property=\"og:url\" content=\"https:\/\/propokanpro.com\/eng\/intumescentni-premazi\/\" \/>\n<meta property=\"og:site_name\" content=\"PropokanPro\" \/>\n<meta property=\"article:modified_time\" content=\"2020-12-26T07:29:24+00:00\" \/>\n<meta property=\"og:image\" content=\"https:\/\/propokanpro.com\/wp-content\/uploads\/2019\/04\/12.png\" \/>\n\t<meta property=\"og:image:width\" content=\"484\" \/>\n\t<meta property=\"og:image:height\" content=\"363\" \/>\n\t<meta property=\"og:image:type\" content=\"image\/png\" \/>\n<meta name=\"twitter:card\" content=\"summary_large_image\" \/>\n<meta name=\"twitter:label1\" content=\"Est. reading time\" \/>\n\t<meta name=\"twitter:data1\" content=\"1 minute\" \/>\n<script type=\"application\/ld+json\" class=\"yoast-schema-graph\">{\"@context\":\"https:\/\/schema.org\",\"@graph\":[{\"@type\":\"WebPage\",\"@id\":\"https:\/\/propokanpro.com\/intumescentni-premazi\/\",\"url\":\"https:\/\/propokanpro.com\/intumescentni-premazi\/\",\"name\":\"Intumescentni premazi - PropokanPro\",\"isPartOf\":{\"@id\":\"https:\/\/propokanpro.com\/#website\"},\"primaryImageOfPage\":{\"@id\":\"https:\/\/propokanpro.com\/intumescentni-premazi\/#primaryimage\"},\"image\":{\"@id\":\"https:\/\/propokanpro.com\/intumescentni-premazi\/#primaryimage\"},\"thumbnailUrl\":\"https:\/\/propokanpro.com\/wp-content\/uploads\/2019\/04\/12.png\",\"datePublished\":\"2019-04-02T08:12:29+00:00\",\"dateModified\":\"2020-12-26T07:29:24+00:00\",\"breadcrumb\":{\"@id\":\"https:\/\/propokanpro.com\/intumescentni-premazi\/#breadcrumb\"},\"inLanguage\":\"en-US\",\"potentialAction\":[{\"@type\":\"ReadAction\",\"target\":[\"https:\/\/propokanpro.com\/intumescentni-premazi\/\"]}]},{\"@type\":\"ImageObject\",\"inLanguage\":\"en-US\",\"@id\":\"https:\/\/propokanpro.com\/intumescentni-premazi\/#primaryimage\",\"url\":\"https:\/\/propokanpro.com\/wp-content\/uploads\/2019\/04\/12.png\",\"contentUrl\":\"https:\/\/propokanpro.com\/wp-content\/uploads\/2019\/04\/12.png\",\"width\":484,\"height\":363},{\"@type\":\"BreadcrumbList\",\"@id\":\"https:\/\/propokanpro.com\/intumescentni-premazi\/#breadcrumb\",\"itemListElement\":[{\"@type\":\"ListItem\",\"position\":1,\"name\":\"Home\",\"item\":\"https:\/\/propokanpro.com\/\"},{\"@type\":\"ListItem\",\"position\":2,\"name\":\"Intumescentni premazi\"}]},{\"@type\":\"WebSite\",\"@id\":\"https:\/\/propokanpro.com\/#website\",\"url\":\"https:\/\/propokanpro.com\/\",\"name\":\"PropokanPro\",\"description\":\"\",\"publisher\":{\"@id\":\"https:\/\/propokanpro.com\/#organization\"},\"potentialAction\":[{\"@type\":\"SearchAction\",\"target\":{\"@type\":\"EntryPoint\",\"urlTemplate\":\"https:\/\/propokanpro.com\/?s={search_term_string}\"},\"query-input\":{\"@type\":\"PropertyValueSpecification\",\"valueRequired\":true,\"valueName\":\"search_term_string\"}}],\"inLanguage\":\"en-US\"},{\"@type\":\"Organization\",\"@id\":\"https:\/\/propokanpro.com\/#organization\",\"name\":\"Propokan Pro d.o.o.\",\"url\":\"https:\/\/propokanpro.com\/\",\"logo\":{\"@type\":\"ImageObject\",\"inLanguage\":\"en-US\",\"@id\":\"https:\/\/propokanpro.com\/#\/schema\/logo\/image\/\",\"url\":\"https:\/\/propokanpro.com\/wp-content\/uploads\/2019\/04\/cropped-miki1-e1554138477224.png\",\"contentUrl\":\"https:\/\/propokanpro.com\/wp-content\/uploads\/2019\/04\/cropped-miki1-e1554138477224.png\",\"width\":200,\"height\":75,\"caption\":\"Propokan Pro d.o.o.\"},\"image\":{\"@id\":\"https:\/\/propokanpro.com\/#\/schema\/logo\/image\/\"},\"sameAs\":[\"https:\/\/www.linkedin.com\/company\/propokan-pro-passive-fire-protection\/?viewAsMember=true\"]}]}<\/script>\n<!-- \/ Yoast SEO plugin. -->","yoast_head_json":{"title":"Intumescentni premazi - PropokanPro","robots":{"index":"index","follow":"follow","max-snippet":"max-snippet:-1","max-image-preview":"max-image-preview:large","max-video-preview":"max-video-preview:-1"},"canonical":"https:\/\/propokanpro.com\/eng\/intumescentni-premazi\/","og_locale":"en_US","og_type":"article","og_title":"Intumescentni premazi - PropokanPro","og_description":"Intumescentni premazi su tankofilmni premazi koji su inertni na niskim temperaturama, ali ekspandiraju prilikom povi\u0161enih temperatura i posledi\u010dno... Read More","og_url":"https:\/\/propokanpro.com\/eng\/intumescentni-premazi\/","og_site_name":"PropokanPro","article_modified_time":"2020-12-26T07:29:24+00:00","og_image":[{"width":484,"height":363,"url":"https:\/\/propokanpro.com\/wp-content\/uploads\/2019\/04\/12.png","type":"image\/png"}],"twitter_card":"summary_large_image","twitter_misc":{"Est. reading time":"1 minute"},"schema":{"@context":"https:\/\/schema.org","@graph":[{"@type":"WebPage","@id":"https:\/\/propokanpro.com\/intumescentni-premazi\/","url":"https:\/\/propokanpro.com\/intumescentni-premazi\/","name":"Intumescentni premazi - PropokanPro","isPartOf":{"@id":"https:\/\/propokanpro.com\/#website"},"primaryImageOfPage":{"@id":"https:\/\/propokanpro.com\/intumescentni-premazi\/#primaryimage"},"image":{"@id":"https:\/\/propokanpro.com\/intumescentni-premazi\/#primaryimage"},"thumbnailUrl":"https:\/\/propokanpro.com\/wp-content\/uploads\/2019\/04\/12.png","datePublished":"2019-04-02T08:12:29+00:00","dateModified":"2020-12-26T07:29:24+00:00","breadcrumb":{"@id":"https:\/\/propokanpro.com\/intumescentni-premazi\/#breadcrumb"},"inLanguage":"en-US","potentialAction":[{"@type":"ReadAction","target":["https:\/\/propokanpro.com\/intumescentni-premazi\/"]}]},{"@type":"ImageObject","inLanguage":"en-US","@id":"https:\/\/propokanpro.com\/intumescentni-premazi\/#primaryimage","url":"https:\/\/propokanpro.com\/wp-content\/uploads\/2019\/04\/12.png","contentUrl":"https:\/\/propokanpro.com\/wp-content\/uploads\/2019\/04\/12.png","width":484,"height":363},{"@type":"BreadcrumbList","@id":"https:\/\/propokanpro.com\/intumescentni-premazi\/#breadcrumb","itemListElement":[{"@type":"ListItem","position":1,"name":"Home","item":"https:\/\/propokanpro.com\/"},{"@type":"ListItem","position":2,"name":"Intumescentni premazi"}]},{"@type":"WebSite","@id":"https:\/\/propokanpro.com\/#website","url":"https:\/\/propokanpro.com\/","name":"PropokanPro","description":"","publisher":{"@id":"https:\/\/propokanpro.com\/#organization"},"potentialAction":[{"@type":"SearchAction","target":{"@type":"EntryPoint","urlTemplate":"https:\/\/propokanpro.com\/?s={search_term_string}"},"query-input":{"@type":"PropertyValueSpecification","valueRequired":true,"valueName":"search_term_string"}}],"inLanguage":"en-US"},{"@type":"Organization","@id":"https:\/\/propokanpro.com\/#organization","name":"AT&amp;\u0422C Propokan pro system doo","url":"https:\/\/propokanpro.com\/","logo":{"@type":"ImageObject","inLanguage":"en-US","@id":"https:\/\/propokanpro.com\/#\/schema\/logo\/image\/","url":"https:\/\/propokanpro.com\/wp-content\/uploads\/2019\/04\/cropped-miki1-e1554138477224.png","contentUrl":"https:\/\/propokanpro.com\/wp-content\/uploads\/2019\/04\/cropped-miki1-e1554138477224.png","width":200,"height":75,"caption":"Propokan Pro d.o.o."},"image":{"@id":"https:\/\/propokanpro.com\/#\/schema\/logo\/image\/"},"sameAs":["https:\/\/www.linkedin.com\/company\/propokan-pro-passive-fire-protection\/?viewAsMember=true"]}]}},"_links":{"self":[{"href":"https:\/\/propokanpro.com\/eng\/wp-json\/wp\/v2\/pages\/803"}],"collection":[{"href":"https:\/\/propokanpro.com\/eng\/wp-json\/wp\/v2\/pages"}],"about":[{"href":"https:\/\/propokanpro.com\/eng\/wp-json\/wp\/v2\/types\/page"}],"author":[{"embeddable":true,"href":"https:\/\/propokanpro.com\/eng\/wp-json\/wp\/v2\/users\/1"}],"replies":[{"embeddable":true,"href":"https:\/\/propokanpro.com\/eng\/wp-json\/wp\/v2\/comments?post=803"}],"version-history":[{"count":51,"href":"https:\/\/propokanpro.com\/eng\/wp-json\/wp\/v2\/pages\/803\/revisions"}],"predecessor-version":[{"id":2776,"href":"https:\/\/propokanpro.com\/eng\/wp-json\/wp\/v2\/pages\/803\/revisions\/2776"}],"wp:featuredmedia":[{"embeddable":true,"href":"https:\/\/propokanpro.com\/eng\/wp-json\/wp\/v2\/media\/808"}],"wp:attachment":[{"href":"https:\/\/propokanpro.com\/eng\/wp-json\/wp\/v2\/media?parent=803"}],"curies":[{"name":"wp","href":"https:\/\/api.w.org\/{rel}","templated":true}]}}