{"id":322,"date":"2019-04-01T11:26:45","date_gmt":"2019-04-01T11:26:45","guid":{"rendered":"http:\/\/propokanpro.com\/?page_id=322"},"modified":"2023-01-27T15:01:28","modified_gmt":"2023-01-27T15:01:28","slug":"o-propokanu","status":"publish","type":"page","link":"https:\/\/propokanpro.com\/eng\/o-propokanu\/","title":{"rendered":"About Propokan"},"content":{"rendered":"\r\n<p class=\"has-medium-font-size\"><strong>Istorijat i delatnost<\/strong><\/p>\r\n\r\n\r\n\r\n<p class=\"has-text-align-left has-medium-font-size\">Osnovna privredna aktivnost AT&#038;TC Propokan Pro System doo Beograd, predstavlja za\u0161titu od po\u017eara kanala za ventilaciju i odimljavanje upotrebom ekspandiraju\u0107ih premaza, u skladu sa evropskim &nbsp;normama i tehni\u010dkim standardima. Pored te osnovne aktivnosti ova kompanija se bavi i poslovima vezanim za termi\u010dku za\u0161titu pocinkovanih \u010deli\u010dnih kanala i cevi, kao i poslovima sterilizacije vazduha u klimatizacionim kanalima na bazi UVC zra\u010denja.\r\n<\/p>\r\n\r\n\r\n\r\n<div class=\"wp-block-group\"><div class=\"wp-block-group__inner-container is-layout-flow wp-block-group-is-layout-flow\">\r\n<p class=\"has-text-align-left has-medium-font-size\">Kompanija AT&#038;TC Propokan Pro System doo sastoji se od vrsnih profesionalaca iz oblasti prava, ekonomije i ma\u0161instva, vi\u0161estruko me\u0111unarodno nagra\u0111ivanih i sa iskustvom u radu u najve\u0107im svetskim multinacionalnim kompanijama. Kompanija AT&#038;TC Propokan Pro System doo kao pravni naslednik kompanije Firestop konstrukcije d.o.o., dobitnik je presti\u017enog priznanja &#8222;Global award for perfection and ideal performance&#8220;, kao i priznanja &#8222;Total Quality Customer Satisfactions&#8220;. Osvajanjem priznanja, kompanija je postala \u010dlan me\u0111unarodne asocijacije OMAC (Otherways Management Association Club), sertifikacionog tela koje je \u010dlan ameri\u010dkog udru\u017eenja za upravljanje kvaliteta menad\u017ementom.<\/p>\r\n<\/div><\/div>\r\n\r\n\r\n\r\n<div class=\"wp-block-image\"><figure class=\"aligncenter size-large is-resized\"><img loading=\"lazy\" decoding=\"async\" src=\"http:\/\/propokanpro.com\/wp-content\/uploads\/2019\/04\/imageadvokat2-1-768x1024.jpeg\" alt=\"\" class=\"wp-image-414\" width=\"384\" height=\"512\" srcset=\"https:\/\/propokanpro.com\/wp-content\/uploads\/2019\/04\/imageadvokat2-1-768x1024.jpeg 768w, https:\/\/propokanpro.com\/wp-content\/uploads\/2019\/04\/imageadvokat2-1-225x300.jpeg 225w\" sizes=\"(max-width: 384px) 100vw, 384px\" \/><\/figure><\/div>\r\n\r\n\r\n\r\n<p class=\"has-medium-font-size\"><strong>Vizija i koncept<\/strong><\/p>\r\n\r\n\r\n\r\n<p class=\"has-medium-font-size\">Zagovornici smo savremenog poslovnog koncepta, tehni\u010dkih invovacija i modernih trendova u poslovanju baziranih na po\u0161tovanju propisanih standarda, evropskih normi i inzenjerskih&nbsp;pravila. To je upravo rezultiralo Propokan protivpo\u017earnim kanalom ura\u0111enim po najnovijim evropskim standardima kao gotovog proizvoda koji \u0107e jo\u0161 olak\u0161ati i ubrzati protivpo\u017earnu za\u0161titu u segmentu ventilacije i odimljavanja. Na\u0161a nastojanja su usmerena ka tome da u svemu poma\u017eemo investitorima, projektantima, izvo\u0111a\u010dima i svim ostalim saradnicima radi br\u017eeg i efikasnijeg okon\u010danja poslova, tj. realizaiji projekata jer to upravo predstavlja zajedni\u010dki cilj. <\/p>\r\n\r\n\r\n\r\n<div class=\"wp-block-image\"><figure class=\"aligncenter size-full\"><img loading=\"lazy\" decoding=\"async\" width=\"604\" height=\"339\" src=\"http:\/\/propokanpro.com\/wp-content\/uploads\/2019\/04\/11.jpg\" alt=\"\" class=\"wp-image-1500\" srcset=\"https:\/\/propokanpro.com\/wp-content\/uploads\/2019\/04\/11.jpg 604w, https:\/\/propokanpro.com\/wp-content\/uploads\/2019\/04\/11-300x168.jpg 300w\" sizes=\"(max-width: 604px) 100vw, 604px\" \/><\/figure><\/div>\r\n\r\n\r\n\r\n<p class=\"has-medium-font-size\"> <strong>Poslovanje<\/strong> <\/p>\r\n\r\n\r\n\r\n<p class=\"has-medium-font-size\">Kompanija AT&#038;TC Propokan Pro System doo je 2019. godine u\u010destvovala u takmi\u010denju za najbolju tehnolo\u0161ku inovaciju, i nagra\u0111ena za najbolji proizvod u kategoriji gra\u0111evinskih materijala &#8211; Propokan sistem protivpo\u017earne za\u0161tite ventilacionih i dimovodnih kanala. Novi inovativni proizvod HVAC UVC kanal, kompanije AT&#038;TC Propokan Pro System doo, 2020. godine je prepoznat i podr\u017ean od strane Ministarstva za inovacije i tehnolo\u0161ki razvoj Republike Srbije, u okviru akcije spre\u010davanja \u0161irenja i suzbijanja zarazne bolesti Covid 19, \u201eBudi i ti heroj&#8220;. Svoje inovativno re\u0161enje kompanija AT&#038;TC Propokan Pro System doo je stavila na raspolaganje Republici Srbiji za vreme krize izazvane pandemijom virusa Covid-19. Sva tri glavna proizvoda u ponudi kompanije AT&#038;TC Propokan Pro System doo su za\u0161ti\u0107ena patentom kod Zavoda za intelektualnu svojinu Republike Srbije. Patentno re\u0161enje za pronalazak pod nazivom &#8222;Protivpo\u017earni kanal za ventilaciju i odvod dima i toplote&#8220;, pravno je za\u0161ti\u0107eno i zavedeno pod brojem 2020\/6197-MP-2019\/0069, objavljeno je u Glasniku intelektulne svojine Republike Srbije u junu 2020. godine. Patentno re\u0161enje za pronalazak pod nazivom  &#8222;Termoizolacioni klimatizacioni i ventilacioni kanal&#8220;, pravno je za\u0161ti\u0107eno i zavedeno pod brojem MP-2020\/0016. <\/p>\r\n\r\n\r\n\r\n<div class=\"wp-block-image\"><figure class=\"aligncenter size-full\"><img loading=\"lazy\" decoding=\"async\" width=\"589\" height=\"368\" src=\"http:\/\/propokanpro.com\/wp-content\/uploads\/2019\/04\/22.jpg\" alt=\"\" class=\"wp-image-1504\" srcset=\"https:\/\/propokanpro.com\/wp-content\/uploads\/2019\/04\/22.jpg 589w, https:\/\/propokanpro.com\/wp-content\/uploads\/2019\/04\/22-300x187.jpg 300w\" sizes=\"(max-width: 589px) 100vw, 589px\" \/><\/figure><\/div>\r\n\r\n\r\n\r\n<p>[vc_column_text][\/vc_column_text][\/vc_column][\/vc_row][vc_row][vc_column]<div class=\"carousel-slider-outer carousel-slider-outer-image-carousel carousel-slider-outer-1215\" style=\"--carousel-slider-nav-color:#515151;--carousel-slider-active-nav-color:#e53232;--carousel-slider-arrow-size:48px;--carousel-slider-bullet-size:10px\">\n<div id=\"&#039;id-1215\" class=\"carousel-slider carousel-slider-1215 arrows-visibility-hover dots-visibility-always arrows-outside dots-center dots-circle owl-carousel\" data-slide-type=\"image-carousel\" data-owl-settings='{\"nav\":true,\"dots\":true,\"slideBy\":1,\"stagePadding\":0,\"margin\":10,\"loop\":true,\"lazyLoad\":true,\"autoplay\":true,\"autoplayTimeout\":5000,\"autoplaySpeed\":500,\"autoplayHoverPause\":true,\"autoWidth\":false,\"responsive\":{\"300\":{\"items\":1},\"576\":{\"items\":2},\"768\":{\"items\":2},\"1024\":{\"items\":3},\"1280\":{\"items\":4},\"1536\":{\"items\":5}}}'>\n<div class=\"carousel-slider__item\">\n\t<a class=\"magnific-popup\" href=\"https:\/\/propokanpro.com\/wp-content\/uploads\/2019\/04\/neodgovarajuca_1-1024x768.jpg\" data-width=\"1024\" data-height=\"768\"><img class=\"owl-lazy\" data-src=\"https:\/\/propokanpro.com\/wp-content\/uploads\/2019\/04\/neodgovarajuca_1-1024x768-640x480.jpg\" alt=\"\"><\/a><\/div>\n\n<div class=\"carousel-slider__item\">\n\t<a class=\"magnific-popup\" href=\"https:\/\/propokanpro.com\/wp-content\/uploads\/2019\/04\/neodgovarajuca_2-1024x768.jpg\" data-width=\"1024\" data-height=\"768\"><img class=\"owl-lazy\" data-src=\"https:\/\/propokanpro.com\/wp-content\/uploads\/2019\/04\/neodgovarajuca_2-1024x768-640x480.jpg\" alt=\"\"><\/a><\/div>\n\n<div class=\"carousel-slider__item\">\n\t<a class=\"magnific-popup\" href=\"https:\/\/propokanpro.com\/wp-content\/uploads\/2019\/04\/neodgovarajuca_3-1024x768.jpg\" data-width=\"1024\" data-height=\"768\"><img class=\"owl-lazy\" data-src=\"https:\/\/propokanpro.com\/wp-content\/uploads\/2019\/04\/neodgovarajuca_3-1024x768-640x480.jpg\" alt=\"\"><\/a><\/div>\n\n<div class=\"carousel-slider__item\">\n\t<a class=\"magnific-popup\" href=\"https:\/\/propokanpro.com\/wp-content\/uploads\/2019\/04\/neodgovarajuca_4.jpg\" data-width=\"640\" data-height=\"480\"><img class=\"owl-lazy\" data-src=\"https:\/\/propokanpro.com\/wp-content\/uploads\/2019\/04\/neodgovarajuca_4.jpg\" alt=\"\"><\/a><\/div>\n\n<div class=\"carousel-slider__item\">\n\t<a class=\"magnific-popup\" href=\"https:\/\/propokanpro.com\/wp-content\/uploads\/2019\/04\/neodgovarajuca_5.jpg\" data-width=\"640\" data-height=\"480\"><img class=\"owl-lazy\" data-src=\"https:\/\/propokanpro.com\/wp-content\/uploads\/2019\/04\/neodgovarajuca_5.jpg\" alt=\"\"><\/a><\/div>\n\n<div class=\"carousel-slider__item\">\n\t<a class=\"magnific-popup\" href=\"https:\/\/propokanpro.com\/wp-content\/uploads\/2019\/04\/neodgovarajuca_6.jpg\" data-width=\"640\" data-height=\"480\"><img class=\"owl-lazy\" data-src=\"https:\/\/propokanpro.com\/wp-content\/uploads\/2019\/04\/neodgovarajuca_6.jpg\" alt=\"\"><\/a><\/div>\n\n<div class=\"carousel-slider__item\">\n\t<a class=\"magnific-popup\" href=\"https:\/\/propokanpro.com\/wp-content\/uploads\/2019\/04\/neodgovarajuca_7.jpg\" data-width=\"640\" data-height=\"480\"><img class=\"owl-lazy\" data-src=\"https:\/\/propokanpro.com\/wp-content\/uploads\/2019\/04\/neodgovarajuca_7.jpg\" alt=\"\"><\/a><\/div>\n\n<div class=\"carousel-slider__item\">\n\t<a class=\"magnific-popup\" href=\"https:\/\/propokanpro.com\/wp-content\/uploads\/2019\/04\/SLIKA1OZ-1024x830.jpg\" data-width=\"1024\" data-height=\"830\"><img class=\"owl-lazy\" data-src=\"https:\/\/propokanpro.com\/wp-content\/uploads\/2019\/04\/SLIKA1OZ-1024x830-640x480.jpg\" alt=\"\"><\/a><\/div>\n\n<div class=\"carousel-slider__item\">\n\t<a class=\"magnific-popup\" href=\"https:\/\/propokanpro.com\/wp-content\/uploads\/2019\/04\/SLIKA12Z-1024x730.jpg\" data-width=\"1024\" data-height=\"730\"><img class=\"owl-lazy\" data-src=\"https:\/\/propokanpro.com\/wp-content\/uploads\/2019\/04\/SLIKA12Z-1024x730-640x480.jpg\" alt=\"\"><\/a><\/div>\n\n<div class=\"carousel-slider__item\">\n\t<a class=\"magnific-popup\" href=\"https:\/\/propokanpro.com\/wp-content\/uploads\/2019\/04\/SLIKA13Z-1024x886.jpg\" data-width=\"1024\" data-height=\"886\"><img class=\"owl-lazy\" data-src=\"https:\/\/propokanpro.com\/wp-content\/uploads\/2019\/04\/SLIKA13Z-1024x886-640x480.jpg\" alt=\"\"><\/a><\/div>\n\n<div class=\"carousel-slider__item\">\n\t<a class=\"magnific-popup\" href=\"https:\/\/propokanpro.com\/wp-content\/uploads\/2019\/04\/SLIKA14Z-1024x739.jpg\" data-width=\"1024\" data-height=\"739\"><img class=\"owl-lazy\" data-src=\"https:\/\/propokanpro.com\/wp-content\/uploads\/2019\/04\/SLIKA14Z-1024x739-640x480.jpg\" alt=\"\"><\/a><\/div>\n\n<div class=\"carousel-slider__item\">\n\t<a class=\"magnific-popup\" href=\"https:\/\/propokanpro.com\/wp-content\/uploads\/2019\/04\/SLIKA15Z-1024x671.jpg\" data-width=\"1024\" data-height=\"671\"><img class=\"owl-lazy\" data-src=\"https:\/\/propokanpro.com\/wp-content\/uploads\/2019\/04\/SLIKA15Z-1024x671-640x480.jpg\" alt=\"\"><\/a><\/div>\n\n<div class=\"carousel-slider__item\">\n\t<a class=\"magnific-popup\" href=\"https:\/\/propokanpro.com\/wp-content\/uploads\/2019\/04\/SLIKA16Z.jpg\" data-width=\"1003\" data-height=\"702\"><img class=\"owl-lazy\" data-src=\"https:\/\/propokanpro.com\/wp-content\/uploads\/2019\/04\/SLIKA16Z-640x480.jpg\" alt=\"\"><\/a><\/div>\n\n<div class=\"carousel-slider__item\">\n\t<a class=\"magnific-popup\" href=\"https:\/\/propokanpro.com\/wp-content\/uploads\/2019\/04\/SLIKA17Z.jpg\" data-width=\"989\" data-height=\"688\"><img class=\"owl-lazy\" data-src=\"https:\/\/propokanpro.com\/wp-content\/uploads\/2019\/04\/SLIKA17Z-640x480.jpg\" alt=\"\"><\/a><\/div>\n\n<\/div><!-- .carousel-slider-1215 -->\n<\/div><!-- .carousel-slider-outer-1215 -->\n[\/vc_column][\/vc_row][vc_row][vc_column][vc_column_text]<\/p>\r\n\r\n\r\n\r\n<p>[\/vc_column_text][\/vc_column][\/vc_row][vc_row][vc_column]<div class=\"share-options align-left\"><h6>Podelite:<\/h6><a href=\"\" class=\"twitter-sharer\" onClick=\"twitterSharer()\"><i class=\"fa fa-twitter\"><\/i><\/a><a href=\"\" class=\"facebook-sharer\" onClick=\"facebookSharer()\"><i class=\"fa fa-facebook\"><\/i><\/a><a href=\"\" class=\"pinterest-sharer\" onClick=\"pinterestSharer()\"><i class=\"fa fa-pinterest\"><\/i><\/a><a href=\"\" class=\"google-sharer\" onClick=\"googleSharer()\"><i class=\"fa fa-google-plus\"><\/i><\/a><a href=\"\" class=\"delicious-sharer\" onClick=\"deliciousSharer()\"><i class=\"fa fa-share\"><\/i><\/a><a href=\"\" class=\"linkedin-sharer\" onClick=\"linkedinSharer()\"><i class=\"fa fa-linkedin\"><\/i><\/a><\/div><p><\/p>[\/vc_column][\/vc_row][vc_row][vc_column][vc_column_text] [\/vc_column_text][\/vc_column][\/vc_row]<\/p>\r\n\r\n\r\n\r\n<p><\/p>\r\n","protected":false},"excerpt":{"rendered":"<p>Istorijat i delatnost Osnovna privredna aktivnost AT&#038;TC Propokan Pro System doo Beograd, predstavlja za\u0161titu od po\u017eara kanala za&#8230; <a class=\"excerpt-read-more\" href=\"https:\/\/propokanpro.com\/eng\/o-propokanu\/\"><span>Read More<\/span><\/a><\/p>","protected":false},"author":1,"featured_media":0,"parent":0,"menu_order":0,"comment_status":"closed","ping_status":"closed","template":"","meta":{"footnotes":""},"yoast_head":"<!-- This site is optimized with the Yoast SEO plugin v23.5 - https:\/\/yoast.com\/wordpress\/plugins\/seo\/ -->\n<title>O nama \u2013 Profil kompanije - PropokanPro<\/title>\n<meta name=\"robots\" content=\"index, follow, max-snippet:-1, max-image-preview:large, max-video-preview:-1\" \/>\n<link rel=\"canonical\" href=\"https:\/\/propokanpro.com\/eng\/o-propokanu\/\" \/>\n<meta property=\"og:locale\" content=\"en_US\" \/>\n<meta property=\"og:type\" content=\"article\" \/>\n<meta property=\"og:title\" content=\"O nama \u2013 Profil kompanije - PropokanPro\" \/>\n<meta property=\"og:description\" content=\"Istorijat i delatnost Osnovna privredna aktivnost AT&#038;TC Propokan Pro System doo Beograd, predstavlja za\u0161titu od po\u017eara kanala za... Read More\" \/>\n<meta property=\"og:url\" content=\"https:\/\/propokanpro.com\/eng\/o-propokanu\/\" \/>\n<meta property=\"og:site_name\" content=\"PropokanPro\" \/>\n<meta property=\"article:modified_time\" content=\"2023-01-27T15:01:28+00:00\" \/>\n<meta property=\"og:image\" content=\"http:\/\/propokanpro.com\/wp-content\/uploads\/2019\/04\/imageadvokat2-1-768x1024.jpeg\" \/>\n<meta name=\"twitter:card\" content=\"summary_large_image\" \/>\n<meta name=\"twitter:label1\" content=\"Est. reading time\" \/>\n\t<meta name=\"twitter:data1\" content=\"3 minutes\" \/>\n<script type=\"application\/ld+json\" class=\"yoast-schema-graph\">{\"@context\":\"https:\/\/schema.org\",\"@graph\":[{\"@type\":\"WebPage\",\"@id\":\"https:\/\/propokanpro.com\/o-propokanu\/\",\"url\":\"https:\/\/propokanpro.com\/o-propokanu\/\",\"name\":\"O nama \u2013 Profil kompanije - PropokanPro\",\"isPartOf\":{\"@id\":\"https:\/\/propokanpro.com\/#website\"},\"primaryImageOfPage\":{\"@id\":\"https:\/\/propokanpro.com\/o-propokanu\/#primaryimage\"},\"image\":{\"@id\":\"https:\/\/propokanpro.com\/o-propokanu\/#primaryimage\"},\"thumbnailUrl\":\"http:\/\/propokanpro.com\/wp-content\/uploads\/2019\/04\/imageadvokat2-1-768x1024.jpeg\",\"datePublished\":\"2019-04-01T11:26:45+00:00\",\"dateModified\":\"2023-01-27T15:01:28+00:00\",\"breadcrumb\":{\"@id\":\"https:\/\/propokanpro.com\/o-propokanu\/#breadcrumb\"},\"inLanguage\":\"en-US\",\"potentialAction\":[{\"@type\":\"ReadAction\",\"target\":[\"https:\/\/propokanpro.com\/o-propokanu\/\"]}]},{\"@type\":\"ImageObject\",\"inLanguage\":\"en-US\",\"@id\":\"https:\/\/propokanpro.com\/o-propokanu\/#primaryimage\",\"url\":\"http:\/\/propokanpro.com\/wp-content\/uploads\/2019\/04\/imageadvokat2-1-768x1024.jpeg\",\"contentUrl\":\"http:\/\/propokanpro.com\/wp-content\/uploads\/2019\/04\/imageadvokat2-1-768x1024.jpeg\"},{\"@type\":\"BreadcrumbList\",\"@id\":\"https:\/\/propokanpro.com\/o-propokanu\/#breadcrumb\",\"itemListElement\":[{\"@type\":\"ListItem\",\"position\":1,\"name\":\"Home\",\"item\":\"https:\/\/propokanpro.com\/\"},{\"@type\":\"ListItem\",\"position\":2,\"name\":\"O nama \u2013 Profil kompanije\"}]},{\"@type\":\"WebSite\",\"@id\":\"https:\/\/propokanpro.com\/#website\",\"url\":\"https:\/\/propokanpro.com\/\",\"name\":\"PropokanPro\",\"description\":\"\",\"publisher\":{\"@id\":\"https:\/\/propokanpro.com\/#organization\"},\"potentialAction\":[{\"@type\":\"SearchAction\",\"target\":{\"@type\":\"EntryPoint\",\"urlTemplate\":\"https:\/\/propokanpro.com\/?s={search_term_string}\"},\"query-input\":{\"@type\":\"PropertyValueSpecification\",\"valueRequired\":true,\"valueName\":\"search_term_string\"}}],\"inLanguage\":\"en-US\"},{\"@type\":\"Organization\",\"@id\":\"https:\/\/propokanpro.com\/#organization\",\"name\":\"Propokan Pro d.o.o.\",\"url\":\"https:\/\/propokanpro.com\/\",\"logo\":{\"@type\":\"ImageObject\",\"inLanguage\":\"en-US\",\"@id\":\"https:\/\/propokanpro.com\/#\/schema\/logo\/image\/\",\"url\":\"https:\/\/propokanpro.com\/wp-content\/uploads\/2019\/04\/cropped-miki1-e1554138477224.png\",\"contentUrl\":\"https:\/\/propokanpro.com\/wp-content\/uploads\/2019\/04\/cropped-miki1-e1554138477224.png\",\"width\":200,\"height\":75,\"caption\":\"Propokan Pro d.o.o.\"},\"image\":{\"@id\":\"https:\/\/propokanpro.com\/#\/schema\/logo\/image\/\"},\"sameAs\":[\"https:\/\/www.linkedin.com\/company\/propokan-pro-passive-fire-protection\/?viewAsMember=true\"]}]}<\/script>\n<!-- \/ Yoast SEO plugin. -->","yoast_head_json":{"title":"O nama \u2013 Profil kompanije - PropokanPro","robots":{"index":"index","follow":"follow","max-snippet":"max-snippet:-1","max-image-preview":"max-image-preview:large","max-video-preview":"max-video-preview:-1"},"canonical":"https:\/\/propokanpro.com\/eng\/o-propokanu\/","og_locale":"en_US","og_type":"article","og_title":"O nama \u2013 Profil kompanije - PropokanPro","og_description":"Istorijat i delatnost Osnovna privredna aktivnost AT&#038;TC Propokan Pro System doo Beograd, predstavlja za\u0161titu od po\u017eara kanala za... Read More","og_url":"https:\/\/propokanpro.com\/eng\/o-propokanu\/","og_site_name":"PropokanPro","article_modified_time":"2023-01-27T15:01:28+00:00","og_image":[{"url":"http:\/\/propokanpro.com\/wp-content\/uploads\/2019\/04\/imageadvokat2-1-768x1024.jpeg"}],"twitter_card":"summary_large_image","twitter_misc":{"Est. reading time":"3 minutes"},"schema":{"@context":"https:\/\/schema.org","@graph":[{"@type":"WebPage","@id":"https:\/\/propokanpro.com\/o-propokanu\/","url":"https:\/\/propokanpro.com\/o-propokanu\/","name":"O nama \u2013 Profil kompanije - PropokanPro","isPartOf":{"@id":"https:\/\/propokanpro.com\/#website"},"primaryImageOfPage":{"@id":"https:\/\/propokanpro.com\/o-propokanu\/#primaryimage"},"image":{"@id":"https:\/\/propokanpro.com\/o-propokanu\/#primaryimage"},"thumbnailUrl":"http:\/\/propokanpro.com\/wp-content\/uploads\/2019\/04\/imageadvokat2-1-768x1024.jpeg","datePublished":"2019-04-01T11:26:45+00:00","dateModified":"2023-01-27T15:01:28+00:00","breadcrumb":{"@id":"https:\/\/propokanpro.com\/o-propokanu\/#breadcrumb"},"inLanguage":"en-US","potentialAction":[{"@type":"ReadAction","target":["https:\/\/propokanpro.com\/o-propokanu\/"]}]},{"@type":"ImageObject","inLanguage":"en-US","@id":"https:\/\/propokanpro.com\/o-propokanu\/#primaryimage","url":"http:\/\/propokanpro.com\/wp-content\/uploads\/2019\/04\/imageadvokat2-1-768x1024.jpeg","contentUrl":"http:\/\/propokanpro.com\/wp-content\/uploads\/2019\/04\/imageadvokat2-1-768x1024.jpeg"},{"@type":"BreadcrumbList","@id":"https:\/\/propokanpro.com\/o-propokanu\/#breadcrumb","itemListElement":[{"@type":"ListItem","position":1,"name":"Home","item":"https:\/\/propokanpro.com\/"},{"@type":"ListItem","position":2,"name":"O nama \u2013 Profil kompanije"}]},{"@type":"WebSite","@id":"https:\/\/propokanpro.com\/#website","url":"https:\/\/propokanpro.com\/","name":"PropokanPro","description":"","publisher":{"@id":"https:\/\/propokanpro.com\/#organization"},"potentialAction":[{"@type":"SearchAction","target":{"@type":"EntryPoint","urlTemplate":"https:\/\/propokanpro.com\/?s={search_term_string}"},"query-input":{"@type":"PropertyValueSpecification","valueRequired":true,"valueName":"search_term_string"}}],"inLanguage":"en-US"},{"@type":"Organization","@id":"https:\/\/propokanpro.com\/#organization","name":"AT&amp;\u0422C Propokan pro system doo","url":"https:\/\/propokanpro.com\/","logo":{"@type":"ImageObject","inLanguage":"en-US","@id":"https:\/\/propokanpro.com\/#\/schema\/logo\/image\/","url":"https:\/\/propokanpro.com\/wp-content\/uploads\/2019\/04\/cropped-miki1-e1554138477224.png","contentUrl":"https:\/\/propokanpro.com\/wp-content\/uploads\/2019\/04\/cropped-miki1-e1554138477224.png","width":200,"height":75,"caption":"Propokan Pro d.o.o."},"image":{"@id":"https:\/\/propokanpro.com\/#\/schema\/logo\/image\/"},"sameAs":["https:\/\/www.linkedin.com\/company\/propokan-pro-passive-fire-protection\/?viewAsMember=true"]}]}},"_links":{"self":[{"href":"https:\/\/propokanpro.com\/eng\/wp-json\/wp\/v2\/pages\/322"}],"collection":[{"href":"https:\/\/propokanpro.com\/eng\/wp-json\/wp\/v2\/pages"}],"about":[{"href":"https:\/\/propokanpro.com\/eng\/wp-json\/wp\/v2\/types\/page"}],"author":[{"embeddable":true,"href":"https:\/\/propokanpro.com\/eng\/wp-json\/wp\/v2\/users\/1"}],"replies":[{"embeddable":true,"href":"https:\/\/propokanpro.com\/eng\/wp-json\/wp\/v2\/comments?post=322"}],"version-history":[{"count":68,"href":"https:\/\/propokanpro.com\/eng\/wp-json\/wp\/v2\/pages\/322\/revisions"}],"predecessor-version":[{"id":2904,"href":"https:\/\/propokanpro.com\/eng\/wp-json\/wp\/v2\/pages\/322\/revisions\/2904"}],"wp:attachment":[{"href":"https:\/\/propokanpro.com\/eng\/wp-json\/wp\/v2\/media?parent=322"}],"curies":[{"name":"wp","href":"https:\/\/api.w.org\/{rel}","templated":true}]}}