{"id":2985,"date":"2024-03-26T13:28:56","date_gmt":"2024-03-26T13:28:56","guid":{"rendered":"https:\/\/propokanpro.com\/?page_id=2985"},"modified":"2024-03-26T15:14:48","modified_gmt":"2024-03-26T15:14:48","slug":"prohlorkan","status":"publish","type":"page","link":"https:\/\/propokanpro.com\/eng\/prohlorkan\/","title":{"rendered":"ProHlorKan"},"content":{"rendered":"<p><strong>BAZENSKI VENTILACIONI KANALI OTPORNI NA HLOR I OSTALA AGRESIVNA ISPARENJA<\/strong> za ventilacione sisteme zatvorenih bazena.<\/p>\n<p><strong>BAZENSKI VENTILACIONI KANALI OTPORNI NA HLOR I OSTALA AGRESIVNA ISPARENJA<\/strong> su za\u0161ti\u0107eni ProHlorKan sistemom, dvokomponentnim osnovnim antikorozivnim i termoizolacionim premazom na bazi\u00a0 epoksidnog veziva i zavr\u0161nim premazom koji je otporan na isparenja Hlora i ostalih agresivnih isparenja.<\/p>\n<p>ProHlorKan sistem je posebno formulisan da daje kvalitetnu i dugotrajnu antikorozivnu i termoizolacionu za\u0161titu pocinkovanih \u010deli\u010dnih kanala u enterijeru i eksterijeru, izlo\u017eenih izrazitim korozionim uslovima i agresivnim isprarenjima hlora, itd.<\/p>\n<p><a href=\"http:\/\/propokanpro.com\/wp-content\/uploads\/2024\/03\/bazenski-kanal.jpg\"><img loading=\"lazy\" decoding=\"async\" class=\"aligncenter size-full wp-image-2993\" src=\"http:\/\/propokanpro.com\/wp-content\/uploads\/2024\/03\/bazenski-kanal.jpg\" alt=\"\" width=\"800\" height=\"800\" srcset=\"https:\/\/propokanpro.com\/wp-content\/uploads\/2024\/03\/bazenski-kanal.jpg 800w, https:\/\/propokanpro.com\/wp-content\/uploads\/2024\/03\/bazenski-kanal-300x300.jpg 300w, https:\/\/propokanpro.com\/wp-content\/uploads\/2024\/03\/bazenski-kanal-768x768.jpg 768w, https:\/\/propokanpro.com\/wp-content\/uploads\/2024\/03\/bazenski-kanal-12x12.jpg 12w, https:\/\/propokanpro.com\/wp-content\/uploads\/2024\/03\/bazenski-kanal-640x640.jpg 640w\" sizes=\"(max-width: 800px) 100vw, 800px\" \/><\/a><\/p>","protected":false},"excerpt":{"rendered":"<p>BAZENSKI VENTILACIONI KANALI OTPORNI NA HLOR I OSTALA AGRESIVNA ISPARENJA za ventilacione sisteme zatvorenih bazena. BAZENSKI VENTILACIONI KANALI&#8230; <a class=\"excerpt-read-more\" href=\"https:\/\/propokanpro.com\/eng\/prohlorkan\/\"><span>Read More<\/span><\/a><\/p>","protected":false},"author":2,"featured_media":0,"parent":0,"menu_order":0,"comment_status":"closed","ping_status":"closed","template":"","meta":{"footnotes":""},"yoast_head":"<!-- This site is optimized with the Yoast SEO plugin v23.5 - https:\/\/yoast.com\/wordpress\/plugins\/seo\/ -->\n<title>ProHlorKan - PropokanPro<\/title>\n<meta name=\"robots\" content=\"index, follow, max-snippet:-1, max-image-preview:large, max-video-preview:-1\" \/>\n<link rel=\"canonical\" href=\"https:\/\/propokanpro.com\/eng\/prohlorkan\/\" \/>\n<meta property=\"og:locale\" content=\"en_US\" \/>\n<meta property=\"og:type\" content=\"article\" \/>\n<meta property=\"og:title\" content=\"ProHlorKan - PropokanPro\" \/>\n<meta property=\"og:description\" content=\"BAZENSKI VENTILACIONI KANALI OTPORNI NA HLOR I OSTALA AGRESIVNA ISPARENJA za ventilacione sisteme zatvorenih bazena. BAZENSKI VENTILACIONI KANALI... Read More\" \/>\n<meta property=\"og:url\" content=\"https:\/\/propokanpro.com\/eng\/prohlorkan\/\" \/>\n<meta property=\"og:site_name\" content=\"PropokanPro\" \/>\n<meta property=\"article:modified_time\" content=\"2024-03-26T15:14:48+00:00\" \/>\n<meta property=\"og:image\" content=\"http:\/\/propokanpro.com\/wp-content\/uploads\/2024\/03\/bazenski-kanal.jpg\" \/>\n<meta name=\"twitter:card\" content=\"summary_large_image\" \/>\n<meta name=\"twitter:label1\" content=\"Est. reading time\" \/>\n\t<meta name=\"twitter:data1\" content=\"1 minute\" \/>\n<script type=\"application\/ld+json\" class=\"yoast-schema-graph\">{\"@context\":\"https:\/\/schema.org\",\"@graph\":[{\"@type\":\"WebPage\",\"@id\":\"https:\/\/propokanpro.com\/prohlorkan\/\",\"url\":\"https:\/\/propokanpro.com\/prohlorkan\/\",\"name\":\"ProHlorKan - PropokanPro\",\"isPartOf\":{\"@id\":\"https:\/\/propokanpro.com\/#website\"},\"primaryImageOfPage\":{\"@id\":\"https:\/\/propokanpro.com\/prohlorkan\/#primaryimage\"},\"image\":{\"@id\":\"https:\/\/propokanpro.com\/prohlorkan\/#primaryimage\"},\"thumbnailUrl\":\"http:\/\/propokanpro.com\/wp-content\/uploads\/2024\/03\/bazenski-kanal.jpg\",\"datePublished\":\"2024-03-26T13:28:56+00:00\",\"dateModified\":\"2024-03-26T15:14:48+00:00\",\"breadcrumb\":{\"@id\":\"https:\/\/propokanpro.com\/prohlorkan\/#breadcrumb\"},\"inLanguage\":\"en-US\",\"potentialAction\":[{\"@type\":\"ReadAction\",\"target\":[\"https:\/\/propokanpro.com\/prohlorkan\/\"]}]},{\"@type\":\"ImageObject\",\"inLanguage\":\"en-US\",\"@id\":\"https:\/\/propokanpro.com\/prohlorkan\/#primaryimage\",\"url\":\"http:\/\/propokanpro.com\/wp-content\/uploads\/2024\/03\/bazenski-kanal.jpg\",\"contentUrl\":\"http:\/\/propokanpro.com\/wp-content\/uploads\/2024\/03\/bazenski-kanal.jpg\"},{\"@type\":\"BreadcrumbList\",\"@id\":\"https:\/\/propokanpro.com\/prohlorkan\/#breadcrumb\",\"itemListElement\":[{\"@type\":\"ListItem\",\"position\":1,\"name\":\"Home\",\"item\":\"https:\/\/propokanpro.com\/\"},{\"@type\":\"ListItem\",\"position\":2,\"name\":\"ProHlorKan\"}]},{\"@type\":\"WebSite\",\"@id\":\"https:\/\/propokanpro.com\/#website\",\"url\":\"https:\/\/propokanpro.com\/\",\"name\":\"PropokanPro\",\"description\":\"\",\"publisher\":{\"@id\":\"https:\/\/propokanpro.com\/#organization\"},\"potentialAction\":[{\"@type\":\"SearchAction\",\"target\":{\"@type\":\"EntryPoint\",\"urlTemplate\":\"https:\/\/propokanpro.com\/?s={search_term_string}\"},\"query-input\":{\"@type\":\"PropertyValueSpecification\",\"valueRequired\":true,\"valueName\":\"search_term_string\"}}],\"inLanguage\":\"en-US\"},{\"@type\":\"Organization\",\"@id\":\"https:\/\/propokanpro.com\/#organization\",\"name\":\"Propokan Pro d.o.o.\",\"url\":\"https:\/\/propokanpro.com\/\",\"logo\":{\"@type\":\"ImageObject\",\"inLanguage\":\"en-US\",\"@id\":\"https:\/\/propokanpro.com\/#\/schema\/logo\/image\/\",\"url\":\"https:\/\/propokanpro.com\/wp-content\/uploads\/2019\/04\/cropped-miki1-e1554138477224.png\",\"contentUrl\":\"https:\/\/propokanpro.com\/wp-content\/uploads\/2019\/04\/cropped-miki1-e1554138477224.png\",\"width\":200,\"height\":75,\"caption\":\"Propokan Pro d.o.o.\"},\"image\":{\"@id\":\"https:\/\/propokanpro.com\/#\/schema\/logo\/image\/\"},\"sameAs\":[\"https:\/\/www.linkedin.com\/company\/propokan-pro-passive-fire-protection\/?viewAsMember=true\"]}]}<\/script>\n<!-- \/ Yoast SEO plugin. -->","yoast_head_json":{"title":"ProHlorKan - PropokanPro","robots":{"index":"index","follow":"follow","max-snippet":"max-snippet:-1","max-image-preview":"max-image-preview:large","max-video-preview":"max-video-preview:-1"},"canonical":"https:\/\/propokanpro.com\/eng\/prohlorkan\/","og_locale":"en_US","og_type":"article","og_title":"ProHlorKan - PropokanPro","og_description":"BAZENSKI VENTILACIONI KANALI OTPORNI NA HLOR I OSTALA AGRESIVNA ISPARENJA za ventilacione sisteme zatvorenih bazena. BAZENSKI VENTILACIONI KANALI... Read More","og_url":"https:\/\/propokanpro.com\/eng\/prohlorkan\/","og_site_name":"PropokanPro","article_modified_time":"2024-03-26T15:14:48+00:00","og_image":[{"url":"http:\/\/propokanpro.com\/wp-content\/uploads\/2024\/03\/bazenski-kanal.jpg"}],"twitter_card":"summary_large_image","twitter_misc":{"Est. reading time":"1 minute"},"schema":{"@context":"https:\/\/schema.org","@graph":[{"@type":"WebPage","@id":"https:\/\/propokanpro.com\/prohlorkan\/","url":"https:\/\/propokanpro.com\/prohlorkan\/","name":"ProHlorKan - PropokanPro","isPartOf":{"@id":"https:\/\/propokanpro.com\/#website"},"primaryImageOfPage":{"@id":"https:\/\/propokanpro.com\/prohlorkan\/#primaryimage"},"image":{"@id":"https:\/\/propokanpro.com\/prohlorkan\/#primaryimage"},"thumbnailUrl":"http:\/\/propokanpro.com\/wp-content\/uploads\/2024\/03\/bazenski-kanal.jpg","datePublished":"2024-03-26T13:28:56+00:00","dateModified":"2024-03-26T15:14:48+00:00","breadcrumb":{"@id":"https:\/\/propokanpro.com\/prohlorkan\/#breadcrumb"},"inLanguage":"en-US","potentialAction":[{"@type":"ReadAction","target":["https:\/\/propokanpro.com\/prohlorkan\/"]}]},{"@type":"ImageObject","inLanguage":"en-US","@id":"https:\/\/propokanpro.com\/prohlorkan\/#primaryimage","url":"http:\/\/propokanpro.com\/wp-content\/uploads\/2024\/03\/bazenski-kanal.jpg","contentUrl":"http:\/\/propokanpro.com\/wp-content\/uploads\/2024\/03\/bazenski-kanal.jpg"},{"@type":"BreadcrumbList","@id":"https:\/\/propokanpro.com\/prohlorkan\/#breadcrumb","itemListElement":[{"@type":"ListItem","position":1,"name":"Home","item":"https:\/\/propokanpro.com\/"},{"@type":"ListItem","position":2,"name":"ProHlorKan"}]},{"@type":"WebSite","@id":"https:\/\/propokanpro.com\/#website","url":"https:\/\/propokanpro.com\/","name":"PropokanPro","description":"","publisher":{"@id":"https:\/\/propokanpro.com\/#organization"},"potentialAction":[{"@type":"SearchAction","target":{"@type":"EntryPoint","urlTemplate":"https:\/\/propokanpro.com\/?s={search_term_string}"},"query-input":{"@type":"PropertyValueSpecification","valueRequired":true,"valueName":"search_term_string"}}],"inLanguage":"en-US"},{"@type":"Organization","@id":"https:\/\/propokanpro.com\/#organization","name":"AT&amp;\u0422C Propokan pro system doo","url":"https:\/\/propokanpro.com\/","logo":{"@type":"ImageObject","inLanguage":"en-US","@id":"https:\/\/propokanpro.com\/#\/schema\/logo\/image\/","url":"https:\/\/propokanpro.com\/wp-content\/uploads\/2019\/04\/cropped-miki1-e1554138477224.png","contentUrl":"https:\/\/propokanpro.com\/wp-content\/uploads\/2019\/04\/cropped-miki1-e1554138477224.png","width":200,"height":75,"caption":"Propokan Pro d.o.o."},"image":{"@id":"https:\/\/propokanpro.com\/#\/schema\/logo\/image\/"},"sameAs":["https:\/\/www.linkedin.com\/company\/propokan-pro-passive-fire-protection\/?viewAsMember=true"]}]}},"_links":{"self":[{"href":"https:\/\/propokanpro.com\/eng\/wp-json\/wp\/v2\/pages\/2985"}],"collection":[{"href":"https:\/\/propokanpro.com\/eng\/wp-json\/wp\/v2\/pages"}],"about":[{"href":"https:\/\/propokanpro.com\/eng\/wp-json\/wp\/v2\/types\/page"}],"author":[{"embeddable":true,"href":"https:\/\/propokanpro.com\/eng\/wp-json\/wp\/v2\/users\/2"}],"replies":[{"embeddable":true,"href":"https:\/\/propokanpro.com\/eng\/wp-json\/wp\/v2\/comments?post=2985"}],"version-history":[{"count":17,"href":"https:\/\/propokanpro.com\/eng\/wp-json\/wp\/v2\/pages\/2985\/revisions"}],"predecessor-version":[{"id":3008,"href":"https:\/\/propokanpro.com\/eng\/wp-json\/wp\/v2\/pages\/2985\/revisions\/3008"}],"wp:attachment":[{"href":"https:\/\/propokanpro.com\/eng\/wp-json\/wp\/v2\/media?parent=2985"}],"curies":[{"name":"wp","href":"https:\/\/api.w.org\/{rel}","templated":true}]}}