{"id":2625,"date":"2020-11-04T12:09:37","date_gmt":"2020-11-04T12:09:37","guid":{"rendered":"http:\/\/propokanpro.com\/?page_id=2625"},"modified":"2022-12-13T14:26:11","modified_gmt":"2022-12-13T14:26:11","slug":"projektovanje-proizvodnja-kanala-montaza-servis-kuhinjske-ventilacije","status":"publish","type":"page","link":"https:\/\/propokanpro.com\/eng\/projektovanje-proizvodnja-kanala-montaza-servis-kuhinjske-ventilacije\/","title":{"rendered":"Design, production of ducts, installation, service of kitchen ventilation"},"content":{"rendered":"<p>Funkcija\u00a0ventilacije je da\u00a0pove\u0107a kvalitet vazduha u kuhinji spre\u010davaju\u0107i njegovu kontaminaciju produktima termi\u010dke obrade hrane, kao \u0161to su, toplota, para, dim, miris, masno\u0107a, \u0161tetni gasovi (kod gasnih ure\u0111aja\u2026). Pored toga, njen uticaj na kvalitet spolja\u0161njeg vazduha mora da bude u granicama dozvoljenog. Dakle, pored funkcionalsnosti kuhinjska (parovu\u010dna)\u00a0 ventilacija mora da zadovolji propisane zakonske i podzakonske regulative (protivpo\u017earne, sanitarne i ekolo\u0161ke normative) kao i standarde (HACCP).<\/p>\r\n\r\n\r\n\r\n<p>Osnovni parametri za dimenzionisanje kuhinjske ventilacije su:<\/p>\r\n\r\n\r\n\r\n<ul>\r\n<li>veli\u010dina (kubatura) kuhinje<\/li>\r\n<li>veli\u010dina termo bloka<\/li>\r\n<\/ul>\r\n\r\n\r\n\r\n<p>Iz ovih parametara dobijamo koli\u010dinu isparenja koju kuhinjska ventilacija treba da izvu\u010de iz objekta, odnosno broj izmena vazduha po satu. Nakon toga se odre\u0111uje ventilatora sa tra\u017eenim kapacitetom. Na osnovu\u00a0toga dimenzioni\u0161u se kanali i filter sekcije, a dimenzija haube je uslovljena termo blokom ispod nje. Ovde \u0107emo navesti osnovne delove kuhinjske ventilacije kao i njihovu ulogu u sistemu.<\/p>\r\n\r\n\r\n\r\n<ul>\r\n<li>hauba (parovuka ili ro\u0161tilja), prikuplja masna isparenja iz termo bloka<\/li>\r\n<li>filteri haube, prvi sistem filtracije masno\u0107e iz isparenja<\/li>\r\n<li>vertikalni i horizontalni kanali, transportuju masna isparenja<\/li>\r\n<li>ventilator, obezbe\u0111uje motornu snagu ventilacije<\/li>\r\n<li>filterske sekcije, filtriraju ne\u017eeljene produkte iz isparenja:<br \/>elektrostati\u010dki filter, elimini\u0161e masno\u0107u<br \/>filter sa aktivnim ugljem, elimini\u0161e mirise<\/li>\r\n<li>protivpo\u017earna klapna, sistem za\u0161tite od po\u017eara u kanalima<\/li>\r\n<\/ul>\r\n\r\n\r\n\r\n<p>Projektovanje i monta\u017ea\u00a0mora obezbediti i nesmetano redovno servisiranje i\u00a0odr\u017eavanje kuhinjske ventilacije kako bi svi kriterijumi bezbednosti bili zadovoljeni za sve vreme kori\u0161\u0107enja.<\/p>","protected":false},"excerpt":{"rendered":"<p>Funkcija\u00a0ventilacije je da\u00a0pove\u0107a kvalitet vazduha u kuhinji spre\u010davaju\u0107i njegovu kontaminaciju produktima termi\u010dke obrade hrane, kao \u0161to su, toplota,&#8230; <a class=\"excerpt-read-more\" href=\"https:\/\/propokanpro.com\/eng\/projektovanje-proizvodnja-kanala-montaza-servis-kuhinjske-ventilacije\/\"><span>Read More<\/span><\/a><\/p>","protected":false},"author":2,"featured_media":0,"parent":0,"menu_order":0,"comment_status":"closed","ping_status":"closed","template":"","meta":{"footnotes":""},"yoast_head":"<!-- This site is optimized with the Yoast SEO plugin v23.5 - https:\/\/yoast.com\/wordpress\/plugins\/seo\/ -->\n<title>Projektovanje, proizvodnja kanala, monta\u017ea, servis kuhinjske ventilacije - PropokanPro<\/title>\n<meta name=\"robots\" content=\"index, follow, max-snippet:-1, max-image-preview:large, max-video-preview:-1\" \/>\n<link rel=\"canonical\" href=\"https:\/\/propokanpro.com\/eng\/projektovanje-proizvodnja-kanala-montaza-servis-kuhinjske-ventilacije\/\" \/>\n<meta property=\"og:locale\" content=\"en_US\" \/>\n<meta property=\"og:type\" content=\"article\" \/>\n<meta property=\"og:title\" content=\"Projektovanje, proizvodnja kanala, monta\u017ea, servis kuhinjske ventilacije - PropokanPro\" \/>\n<meta property=\"og:description\" content=\"Funkcija\u00a0ventilacije je da\u00a0pove\u0107a kvalitet vazduha u kuhinji spre\u010davaju\u0107i njegovu kontaminaciju produktima termi\u010dke obrade hrane, kao \u0161to su, toplota,... Read More\" \/>\n<meta property=\"og:url\" content=\"https:\/\/propokanpro.com\/eng\/projektovanje-proizvodnja-kanala-montaza-servis-kuhinjske-ventilacije\/\" \/>\n<meta property=\"og:site_name\" content=\"PropokanPro\" \/>\n<meta property=\"article:modified_time\" content=\"2022-12-13T14:26:11+00:00\" \/>\n<meta name=\"twitter:card\" content=\"summary_large_image\" \/>\n<meta name=\"twitter:label1\" content=\"Est. reading time\" \/>\n\t<meta name=\"twitter:data1\" content=\"2 minutes\" \/>\n<script type=\"application\/ld+json\" class=\"yoast-schema-graph\">{\"@context\":\"https:\/\/schema.org\",\"@graph\":[{\"@type\":\"WebPage\",\"@id\":\"https:\/\/propokanpro.com\/projektovanje-proizvodnja-kanala-montaza-servis-kuhinjske-ventilacije\/\",\"url\":\"https:\/\/propokanpro.com\/projektovanje-proizvodnja-kanala-montaza-servis-kuhinjske-ventilacije\/\",\"name\":\"Projektovanje, proizvodnja kanala, monta\u017ea, servis kuhinjske ventilacije - PropokanPro\",\"isPartOf\":{\"@id\":\"https:\/\/propokanpro.com\/#website\"},\"datePublished\":\"2020-11-04T12:09:37+00:00\",\"dateModified\":\"2022-12-13T14:26:11+00:00\",\"breadcrumb\":{\"@id\":\"https:\/\/propokanpro.com\/projektovanje-proizvodnja-kanala-montaza-servis-kuhinjske-ventilacije\/#breadcrumb\"},\"inLanguage\":\"en-US\",\"potentialAction\":[{\"@type\":\"ReadAction\",\"target\":[\"https:\/\/propokanpro.com\/projektovanje-proizvodnja-kanala-montaza-servis-kuhinjske-ventilacije\/\"]}]},{\"@type\":\"BreadcrumbList\",\"@id\":\"https:\/\/propokanpro.com\/projektovanje-proizvodnja-kanala-montaza-servis-kuhinjske-ventilacije\/#breadcrumb\",\"itemListElement\":[{\"@type\":\"ListItem\",\"position\":1,\"name\":\"Home\",\"item\":\"https:\/\/propokanpro.com\/\"},{\"@type\":\"ListItem\",\"position\":2,\"name\":\"Projektovanje, proizvodnja kanala, monta\u017ea, servis kuhinjske ventilacije\"}]},{\"@type\":\"WebSite\",\"@id\":\"https:\/\/propokanpro.com\/#website\",\"url\":\"https:\/\/propokanpro.com\/\",\"name\":\"PropokanPro\",\"description\":\"\",\"publisher\":{\"@id\":\"https:\/\/propokanpro.com\/#organization\"},\"potentialAction\":[{\"@type\":\"SearchAction\",\"target\":{\"@type\":\"EntryPoint\",\"urlTemplate\":\"https:\/\/propokanpro.com\/?s={search_term_string}\"},\"query-input\":{\"@type\":\"PropertyValueSpecification\",\"valueRequired\":true,\"valueName\":\"search_term_string\"}}],\"inLanguage\":\"en-US\"},{\"@type\":\"Organization\",\"@id\":\"https:\/\/propokanpro.com\/#organization\",\"name\":\"Propokan Pro d.o.o.\",\"url\":\"https:\/\/propokanpro.com\/\",\"logo\":{\"@type\":\"ImageObject\",\"inLanguage\":\"en-US\",\"@id\":\"https:\/\/propokanpro.com\/#\/schema\/logo\/image\/\",\"url\":\"https:\/\/propokanpro.com\/wp-content\/uploads\/2019\/04\/cropped-miki1-e1554138477224.png\",\"contentUrl\":\"https:\/\/propokanpro.com\/wp-content\/uploads\/2019\/04\/cropped-miki1-e1554138477224.png\",\"width\":200,\"height\":75,\"caption\":\"Propokan Pro d.o.o.\"},\"image\":{\"@id\":\"https:\/\/propokanpro.com\/#\/schema\/logo\/image\/\"},\"sameAs\":[\"https:\/\/www.linkedin.com\/company\/propokan-pro-passive-fire-protection\/?viewAsMember=true\"]}]}<\/script>\n<!-- \/ Yoast SEO plugin. -->","yoast_head_json":{"title":"Projektovanje, proizvodnja kanala, monta\u017ea, servis kuhinjske ventilacije - PropokanPro","robots":{"index":"index","follow":"follow","max-snippet":"max-snippet:-1","max-image-preview":"max-image-preview:large","max-video-preview":"max-video-preview:-1"},"canonical":"https:\/\/propokanpro.com\/eng\/projektovanje-proizvodnja-kanala-montaza-servis-kuhinjske-ventilacije\/","og_locale":"en_US","og_type":"article","og_title":"Projektovanje, proizvodnja kanala, monta\u017ea, servis kuhinjske ventilacije - PropokanPro","og_description":"Funkcija\u00a0ventilacije je da\u00a0pove\u0107a kvalitet vazduha u kuhinji spre\u010davaju\u0107i njegovu kontaminaciju produktima termi\u010dke obrade hrane, kao \u0161to su, toplota,... Read More","og_url":"https:\/\/propokanpro.com\/eng\/projektovanje-proizvodnja-kanala-montaza-servis-kuhinjske-ventilacije\/","og_site_name":"PropokanPro","article_modified_time":"2022-12-13T14:26:11+00:00","twitter_card":"summary_large_image","twitter_misc":{"Est. reading time":"2 minutes"},"schema":{"@context":"https:\/\/schema.org","@graph":[{"@type":"WebPage","@id":"https:\/\/propokanpro.com\/projektovanje-proizvodnja-kanala-montaza-servis-kuhinjske-ventilacije\/","url":"https:\/\/propokanpro.com\/projektovanje-proizvodnja-kanala-montaza-servis-kuhinjske-ventilacije\/","name":"Projektovanje, proizvodnja kanala, monta\u017ea, servis kuhinjske ventilacije - PropokanPro","isPartOf":{"@id":"https:\/\/propokanpro.com\/#website"},"datePublished":"2020-11-04T12:09:37+00:00","dateModified":"2022-12-13T14:26:11+00:00","breadcrumb":{"@id":"https:\/\/propokanpro.com\/projektovanje-proizvodnja-kanala-montaza-servis-kuhinjske-ventilacije\/#breadcrumb"},"inLanguage":"en-US","potentialAction":[{"@type":"ReadAction","target":["https:\/\/propokanpro.com\/projektovanje-proizvodnja-kanala-montaza-servis-kuhinjske-ventilacije\/"]}]},{"@type":"BreadcrumbList","@id":"https:\/\/propokanpro.com\/projektovanje-proizvodnja-kanala-montaza-servis-kuhinjske-ventilacije\/#breadcrumb","itemListElement":[{"@type":"ListItem","position":1,"name":"Home","item":"https:\/\/propokanpro.com\/"},{"@type":"ListItem","position":2,"name":"Projektovanje, proizvodnja kanala, monta\u017ea, servis kuhinjske ventilacije"}]},{"@type":"WebSite","@id":"https:\/\/propokanpro.com\/#website","url":"https:\/\/propokanpro.com\/","name":"PropokanPro","description":"","publisher":{"@id":"https:\/\/propokanpro.com\/#organization"},"potentialAction":[{"@type":"SearchAction","target":{"@type":"EntryPoint","urlTemplate":"https:\/\/propokanpro.com\/?s={search_term_string}"},"query-input":{"@type":"PropertyValueSpecification","valueRequired":true,"valueName":"search_term_string"}}],"inLanguage":"en-US"},{"@type":"Organization","@id":"https:\/\/propokanpro.com\/#organization","name":"AT&amp;\u0422C Propokan pro system doo","url":"https:\/\/propokanpro.com\/","logo":{"@type":"ImageObject","inLanguage":"en-US","@id":"https:\/\/propokanpro.com\/#\/schema\/logo\/image\/","url":"https:\/\/propokanpro.com\/wp-content\/uploads\/2019\/04\/cropped-miki1-e1554138477224.png","contentUrl":"https:\/\/propokanpro.com\/wp-content\/uploads\/2019\/04\/cropped-miki1-e1554138477224.png","width":200,"height":75,"caption":"Propokan Pro d.o.o."},"image":{"@id":"https:\/\/propokanpro.com\/#\/schema\/logo\/image\/"},"sameAs":["https:\/\/www.linkedin.com\/company\/propokan-pro-passive-fire-protection\/?viewAsMember=true"]}]}},"_links":{"self":[{"href":"https:\/\/propokanpro.com\/eng\/wp-json\/wp\/v2\/pages\/2625"}],"collection":[{"href":"https:\/\/propokanpro.com\/eng\/wp-json\/wp\/v2\/pages"}],"about":[{"href":"https:\/\/propokanpro.com\/eng\/wp-json\/wp\/v2\/types\/page"}],"author":[{"embeddable":true,"href":"https:\/\/propokanpro.com\/eng\/wp-json\/wp\/v2\/users\/2"}],"replies":[{"embeddable":true,"href":"https:\/\/propokanpro.com\/eng\/wp-json\/wp\/v2\/comments?post=2625"}],"version-history":[{"count":5,"href":"https:\/\/propokanpro.com\/eng\/wp-json\/wp\/v2\/pages\/2625\/revisions"}],"predecessor-version":[{"id":2897,"href":"https:\/\/propokanpro.com\/eng\/wp-json\/wp\/v2\/pages\/2625\/revisions\/2897"}],"wp:attachment":[{"href":"https:\/\/propokanpro.com\/eng\/wp-json\/wp\/v2\/media?parent=2625"}],"curies":[{"name":"wp","href":"https:\/\/api.w.org\/{rel}","templated":true}]}}