{"id":2609,"date":"2020-11-04T12:02:03","date_gmt":"2020-11-04T12:02:03","guid":{"rendered":"http:\/\/propokanpro.com\/?page_id=2609"},"modified":"2022-12-13T14:24:35","modified_gmt":"2022-12-13T14:24:35","slug":"projektovanje-proizvodnja-kanala-montaza-ventilacionih-i-klimatizacionih-sistema","status":"publish","type":"page","link":"https:\/\/propokanpro.com\/eng\/projektovanje-proizvodnja-kanala-montaza-ventilacionih-i-klimatizacionih-sistema\/","title":{"rendered":"Design, production of ducts, installation of ventilation and air conditioning systems"},"content":{"rendered":"<p>Pri projektovanju ventilacionog sistema re\u0161avaju se problemi vezani za kvalitet unutra\u0161njeg vazduha. Budu\u0107i da je izmena vazduha jedini na\u010din za kvalitetan vazduh u zatvorenom prostoru, projekat ventilacije mora obezbediti funkcionalan sistem koji \u0107e vr\u0161iti cirkulaciju vazduha kroz objekat kao i njegovu zamenu sa spolja\u0161njim vazduhom. Optimalna koli\u010dina izmene vazduha u prostoru varira u zavisnosti od brojnih parametara od kojih je osnovni namena objekta. Pravilno isprojektovan sistem ventilacije mora zadovoljiti sve zahteve u oblasti zdravstvene, ekolo\u0161ke i protivpo\u017earne za\u0161tite.<\/p>\r\n\r\n\r\n\r\n<p>Elementi ventilacionog sistema su:<\/p>\r\n\r\n\r\n\r\n<ul>\r\n<li>\u00a0\u00a0\u00a0 kanali (horizontalni i vertikalni), kroz koje se\u00a0 transportuje vazduh, isparenja, dim i sl.<\/li>\r\n<li>\u00a0\u00a0\u00a0 anemostati, re\u0161etke za usis i odsis vazduha<\/li>\r\n<li>\u00a0\u00a0\u00a0 ventilatori<\/li>\r\n<li>\u00a0\u00a0\u00a0 klima komore<\/li>\r\n<li>\u00a0\u00a0\u00a0 filteri<\/li>\r\n<li>\u00a0\u00a0\u00a0 protivpo\u017earne klapne<\/li>\r\n<\/ul>\r\n\r\n\r\n\r\n<p>Pored pravilno isprojektovanog ventilacionog sistema neophodno je obezbediti i profesionalnu monta\u017eu kako bi se obezbedila maksimalna funkcionalnost sistema. Bez obzira na veli\u010dinu i namenu objekta na\u0161 profesionalni tim isprojektova\u0107e za Vas ventilacioni sistem a ekipa na terenu \u0107e izvr\u0161iti profesionalnu monta\u017eu uz po\u0161tovanje zahteva struke.<\/p>\r\n\r\n\r\n\r\n<figure class=\"wp-block-gallery columns-2 is-cropped\">\r\n<figure><\/figure>\r\n<\/figure>","protected":false},"excerpt":{"rendered":"<p>Pri projektovanju ventilacionog sistema re\u0161avaju se problemi vezani za kvalitet unutra\u0161njeg vazduha. Budu\u0107i da je izmena vazduha jedini&#8230; <a class=\"excerpt-read-more\" href=\"https:\/\/propokanpro.com\/eng\/projektovanje-proizvodnja-kanala-montaza-ventilacionih-i-klimatizacionih-sistema\/\"><span>Read More<\/span><\/a><\/p>","protected":false},"author":2,"featured_media":0,"parent":0,"menu_order":0,"comment_status":"closed","ping_status":"closed","template":"","meta":{"footnotes":""},"yoast_head":"<!-- This site is optimized with the Yoast SEO plugin v23.5 - https:\/\/yoast.com\/wordpress\/plugins\/seo\/ -->\n<title>Projektovanje, proizvodnja kanala, monta\u017ea ventilacionih i klimatizacionih sistema - PropokanPro<\/title>\n<meta name=\"robots\" content=\"index, follow, max-snippet:-1, max-image-preview:large, max-video-preview:-1\" \/>\n<link rel=\"canonical\" href=\"https:\/\/propokanpro.com\/eng\/projektovanje-proizvodnja-kanala-montaza-ventilacionih-i-klimatizacionih-sistema\/\" \/>\n<meta property=\"og:locale\" content=\"en_US\" \/>\n<meta property=\"og:type\" content=\"article\" \/>\n<meta property=\"og:title\" content=\"Projektovanje, proizvodnja kanala, monta\u017ea ventilacionih i klimatizacionih sistema - PropokanPro\" \/>\n<meta property=\"og:description\" content=\"Pri projektovanju ventilacionog sistema re\u0161avaju se problemi vezani za kvalitet unutra\u0161njeg vazduha. Budu\u0107i da je izmena vazduha jedini... Read More\" \/>\n<meta property=\"og:url\" content=\"https:\/\/propokanpro.com\/eng\/projektovanje-proizvodnja-kanala-montaza-ventilacionih-i-klimatizacionih-sistema\/\" \/>\n<meta property=\"og:site_name\" content=\"PropokanPro\" \/>\n<meta property=\"article:modified_time\" content=\"2022-12-13T14:24:35+00:00\" \/>\n<meta name=\"twitter:card\" content=\"summary_large_image\" \/>\n<meta name=\"twitter:label1\" content=\"Est. reading time\" \/>\n\t<meta name=\"twitter:data1\" content=\"1 minute\" \/>\n<script type=\"application\/ld+json\" class=\"yoast-schema-graph\">{\"@context\":\"https:\/\/schema.org\",\"@graph\":[{\"@type\":\"WebPage\",\"@id\":\"https:\/\/propokanpro.com\/projektovanje-proizvodnja-kanala-montaza-ventilacionih-i-klimatizacionih-sistema\/\",\"url\":\"https:\/\/propokanpro.com\/projektovanje-proizvodnja-kanala-montaza-ventilacionih-i-klimatizacionih-sistema\/\",\"name\":\"Projektovanje, proizvodnja kanala, monta\u017ea ventilacionih i klimatizacionih sistema - PropokanPro\",\"isPartOf\":{\"@id\":\"https:\/\/propokanpro.com\/#website\"},\"datePublished\":\"2020-11-04T12:02:03+00:00\",\"dateModified\":\"2022-12-13T14:24:35+00:00\",\"breadcrumb\":{\"@id\":\"https:\/\/propokanpro.com\/projektovanje-proizvodnja-kanala-montaza-ventilacionih-i-klimatizacionih-sistema\/#breadcrumb\"},\"inLanguage\":\"en-US\",\"potentialAction\":[{\"@type\":\"ReadAction\",\"target\":[\"https:\/\/propokanpro.com\/projektovanje-proizvodnja-kanala-montaza-ventilacionih-i-klimatizacionih-sistema\/\"]}]},{\"@type\":\"BreadcrumbList\",\"@id\":\"https:\/\/propokanpro.com\/projektovanje-proizvodnja-kanala-montaza-ventilacionih-i-klimatizacionih-sistema\/#breadcrumb\",\"itemListElement\":[{\"@type\":\"ListItem\",\"position\":1,\"name\":\"Home\",\"item\":\"https:\/\/propokanpro.com\/\"},{\"@type\":\"ListItem\",\"position\":2,\"name\":\"Projektovanje, proizvodnja kanala, monta\u017ea ventilacionih i klimatizacionih sistema\"}]},{\"@type\":\"WebSite\",\"@id\":\"https:\/\/propokanpro.com\/#website\",\"url\":\"https:\/\/propokanpro.com\/\",\"name\":\"PropokanPro\",\"description\":\"\",\"publisher\":{\"@id\":\"https:\/\/propokanpro.com\/#organization\"},\"potentialAction\":[{\"@type\":\"SearchAction\",\"target\":{\"@type\":\"EntryPoint\",\"urlTemplate\":\"https:\/\/propokanpro.com\/?s={search_term_string}\"},\"query-input\":{\"@type\":\"PropertyValueSpecification\",\"valueRequired\":true,\"valueName\":\"search_term_string\"}}],\"inLanguage\":\"en-US\"},{\"@type\":\"Organization\",\"@id\":\"https:\/\/propokanpro.com\/#organization\",\"name\":\"Propokan Pro d.o.o.\",\"url\":\"https:\/\/propokanpro.com\/\",\"logo\":{\"@type\":\"ImageObject\",\"inLanguage\":\"en-US\",\"@id\":\"https:\/\/propokanpro.com\/#\/schema\/logo\/image\/\",\"url\":\"https:\/\/propokanpro.com\/wp-content\/uploads\/2019\/04\/cropped-miki1-e1554138477224.png\",\"contentUrl\":\"https:\/\/propokanpro.com\/wp-content\/uploads\/2019\/04\/cropped-miki1-e1554138477224.png\",\"width\":200,\"height\":75,\"caption\":\"Propokan Pro d.o.o.\"},\"image\":{\"@id\":\"https:\/\/propokanpro.com\/#\/schema\/logo\/image\/\"},\"sameAs\":[\"https:\/\/www.linkedin.com\/company\/propokan-pro-passive-fire-protection\/?viewAsMember=true\"]}]}<\/script>\n<!-- \/ Yoast SEO plugin. -->","yoast_head_json":{"title":"Projektovanje, proizvodnja kanala, monta\u017ea ventilacionih i klimatizacionih sistema - PropokanPro","robots":{"index":"index","follow":"follow","max-snippet":"max-snippet:-1","max-image-preview":"max-image-preview:large","max-video-preview":"max-video-preview:-1"},"canonical":"https:\/\/propokanpro.com\/eng\/projektovanje-proizvodnja-kanala-montaza-ventilacionih-i-klimatizacionih-sistema\/","og_locale":"en_US","og_type":"article","og_title":"Projektovanje, proizvodnja kanala, monta\u017ea ventilacionih i klimatizacionih sistema - PropokanPro","og_description":"Pri projektovanju ventilacionog sistema re\u0161avaju se problemi vezani za kvalitet unutra\u0161njeg vazduha. Budu\u0107i da je izmena vazduha jedini... Read More","og_url":"https:\/\/propokanpro.com\/eng\/projektovanje-proizvodnja-kanala-montaza-ventilacionih-i-klimatizacionih-sistema\/","og_site_name":"PropokanPro","article_modified_time":"2022-12-13T14:24:35+00:00","twitter_card":"summary_large_image","twitter_misc":{"Est. reading time":"1 minute"},"schema":{"@context":"https:\/\/schema.org","@graph":[{"@type":"WebPage","@id":"https:\/\/propokanpro.com\/projektovanje-proizvodnja-kanala-montaza-ventilacionih-i-klimatizacionih-sistema\/","url":"https:\/\/propokanpro.com\/projektovanje-proizvodnja-kanala-montaza-ventilacionih-i-klimatizacionih-sistema\/","name":"Projektovanje, proizvodnja kanala, monta\u017ea ventilacionih i klimatizacionih sistema - PropokanPro","isPartOf":{"@id":"https:\/\/propokanpro.com\/#website"},"datePublished":"2020-11-04T12:02:03+00:00","dateModified":"2022-12-13T14:24:35+00:00","breadcrumb":{"@id":"https:\/\/propokanpro.com\/projektovanje-proizvodnja-kanala-montaza-ventilacionih-i-klimatizacionih-sistema\/#breadcrumb"},"inLanguage":"en-US","potentialAction":[{"@type":"ReadAction","target":["https:\/\/propokanpro.com\/projektovanje-proizvodnja-kanala-montaza-ventilacionih-i-klimatizacionih-sistema\/"]}]},{"@type":"BreadcrumbList","@id":"https:\/\/propokanpro.com\/projektovanje-proizvodnja-kanala-montaza-ventilacionih-i-klimatizacionih-sistema\/#breadcrumb","itemListElement":[{"@type":"ListItem","position":1,"name":"Home","item":"https:\/\/propokanpro.com\/"},{"@type":"ListItem","position":2,"name":"Projektovanje, proizvodnja kanala, monta\u017ea ventilacionih i klimatizacionih sistema"}]},{"@type":"WebSite","@id":"https:\/\/propokanpro.com\/#website","url":"https:\/\/propokanpro.com\/","name":"PropokanPro","description":"","publisher":{"@id":"https:\/\/propokanpro.com\/#organization"},"potentialAction":[{"@type":"SearchAction","target":{"@type":"EntryPoint","urlTemplate":"https:\/\/propokanpro.com\/?s={search_term_string}"},"query-input":{"@type":"PropertyValueSpecification","valueRequired":true,"valueName":"search_term_string"}}],"inLanguage":"en-US"},{"@type":"Organization","@id":"https:\/\/propokanpro.com\/#organization","name":"AT&amp;\u0422C Propokan pro system doo","url":"https:\/\/propokanpro.com\/","logo":{"@type":"ImageObject","inLanguage":"en-US","@id":"https:\/\/propokanpro.com\/#\/schema\/logo\/image\/","url":"https:\/\/propokanpro.com\/wp-content\/uploads\/2019\/04\/cropped-miki1-e1554138477224.png","contentUrl":"https:\/\/propokanpro.com\/wp-content\/uploads\/2019\/04\/cropped-miki1-e1554138477224.png","width":200,"height":75,"caption":"Propokan Pro d.o.o."},"image":{"@id":"https:\/\/propokanpro.com\/#\/schema\/logo\/image\/"},"sameAs":["https:\/\/www.linkedin.com\/company\/propokan-pro-passive-fire-protection\/?viewAsMember=true"]}]}},"_links":{"self":[{"href":"https:\/\/propokanpro.com\/eng\/wp-json\/wp\/v2\/pages\/2609"}],"collection":[{"href":"https:\/\/propokanpro.com\/eng\/wp-json\/wp\/v2\/pages"}],"about":[{"href":"https:\/\/propokanpro.com\/eng\/wp-json\/wp\/v2\/types\/page"}],"author":[{"embeddable":true,"href":"https:\/\/propokanpro.com\/eng\/wp-json\/wp\/v2\/users\/2"}],"replies":[{"embeddable":true,"href":"https:\/\/propokanpro.com\/eng\/wp-json\/wp\/v2\/comments?post=2609"}],"version-history":[{"count":9,"href":"https:\/\/propokanpro.com\/eng\/wp-json\/wp\/v2\/pages\/2609\/revisions"}],"predecessor-version":[{"id":2895,"href":"https:\/\/propokanpro.com\/eng\/wp-json\/wp\/v2\/pages\/2609\/revisions\/2895"}],"wp:attachment":[{"href":"https:\/\/propokanpro.com\/eng\/wp-json\/wp\/v2\/media?parent=2609"}],"curies":[{"name":"wp","href":"https:\/\/api.w.org\/{rel}","templated":true}]}}