{"id":2501,"date":"2020-10-07T07:33:42","date_gmt":"2020-10-07T07:33:42","guid":{"rendered":"http:\/\/propokanpro.com\/?page_id=2501"},"modified":"2020-10-21T14:50:18","modified_gmt":"2020-10-21T14:50:18","slug":"uvc-dezinfekcija-povrsina-i-soba","status":"publish","type":"page","link":"https:\/\/propokanpro.com\/eng\/uvc-dezinfekcija-povrsina-i-soba\/","title":{"rendered":"UVC SURFACE &amp; ROOM DESINFECTION"},"content":{"rendered":"<div class=\"wp-block-image\"><figure class=\"aligncenter size-full\"><img loading=\"lazy\" decoding=\"async\" width=\"1160\" height=\"700\" src=\"http:\/\/propokanpro.com\/wp-content\/uploads\/2020\/10\/UV-Light-Indoors.jpg\" alt=\"\" class=\"wp-image-2502\" srcset=\"https:\/\/propokanpro.com\/wp-content\/uploads\/2020\/10\/UV-Light-Indoors.jpg 1160w, https:\/\/propokanpro.com\/wp-content\/uploads\/2020\/10\/UV-Light-Indoors-300x181.jpg 300w, https:\/\/propokanpro.com\/wp-content\/uploads\/2020\/10\/UV-Light-Indoors-1024x618.jpg 1024w, https:\/\/propokanpro.com\/wp-content\/uploads\/2020\/10\/UV-Light-Indoors-768x463.jpg 768w, https:\/\/propokanpro.com\/wp-content\/uploads\/2020\/10\/UV-Light-Indoors-16x10.jpg 16w, https:\/\/propokanpro.com\/wp-content\/uploads\/2020\/10\/UV-Light-Indoors-1120x676.jpg 1120w, https:\/\/propokanpro.com\/wp-content\/uploads\/2020\/10\/UV-Light-Indoors-640x386.jpg 640w\" sizes=\"(max-width: 1160px) 100vw, 1160px\" \/><\/figure><\/div>\n\n\n\n<p>If you are looking to naturally desinfect surfaces and rooms, this product category consists of UVC air disinfection units that remove mold and the use for chemical products. They are used in cold chambers, in production chains, and white rooms.<\/p>\n\n\n\n<p>The place and position of UVC sterilization wall and ceiling modules in a room depends on the purpose of the room, human activities in it and its specifics. UVC wall and ceiling modules are connected to a special circuit that allows them to be manually or automatically turned on or off. During the operation of UVC wall and ceiling modules, people must not stay in the premises, unless they are protected by protective suits and glasses against UVC radiation. UVC wall and ceiling modules are exclusively in function when people are not indoors, outside working hours or at night.<\/p>\n\n\n\n<p>The approximate value of the installed power of UVC radiation of sterilization wall and ceiling modules in a room is 1W \/ m\u00b2 of the room surface.<\/p>\n\n\n\n<p>During the operation of UVC sterilization wall and ceiling modules, in addition to disinfection of the internal surfaces of the room, disinfection of the air in the rooms is also performed. Due to the natural circulation of air in the room (a consequence of the difference in air temperature of the upper and lower layers), the air will move through the UVC wall and ceiling modules and thus disinfect.<\/p>\n\n\n\n<p>On the page <a href=\"http:\/\/propokanpro.com\/uvc-tehnologija-mitovi-ili-cinjenice\/\">Myth of Fact about UVC technology<\/a> the most common misconceptions that users encounter are clarified. <\/p>","protected":false},"excerpt":{"rendered":"<p>Ako \u017eelite prirodno dezinfikovati povr\u0161ine i prostorije, ovu kategoriju proizvoda \u010dine ure\u0111aji za UVC dezinfekciju vazduha koji uklanjaju&#8230; <a class=\"excerpt-read-more\" href=\"https:\/\/propokanpro.com\/eng\/uvc-dezinfekcija-povrsina-i-soba\/\"><span>Read More<\/span><\/a><\/p>","protected":false},"author":2,"featured_media":0,"parent":0,"menu_order":0,"comment_status":"closed","ping_status":"closed","template":"","meta":{"footnotes":""},"yoast_head":"<!-- This site is optimized with the Yoast SEO plugin v23.5 - https:\/\/yoast.com\/wordpress\/plugins\/seo\/ -->\n<title>UVC DEZINFEKCIJA POVR\u0160INA I SOBA - PropokanPro<\/title>\n<meta name=\"robots\" content=\"index, follow, max-snippet:-1, max-image-preview:large, max-video-preview:-1\" \/>\n<link rel=\"canonical\" href=\"https:\/\/propokanpro.com\/eng\/uvc-dezinfekcija-povrsina-i-soba\/\" \/>\n<meta property=\"og:locale\" content=\"en_US\" \/>\n<meta property=\"og:type\" content=\"article\" \/>\n<meta property=\"og:title\" content=\"UVC DEZINFEKCIJA POVR\u0160INA I SOBA - PropokanPro\" \/>\n<meta property=\"og:description\" content=\"Ako \u017eelite prirodno dezinfikovati povr\u0161ine i prostorije, ovu kategoriju proizvoda \u010dine ure\u0111aji za UVC dezinfekciju vazduha koji uklanjaju... Read More\" \/>\n<meta property=\"og:url\" content=\"https:\/\/propokanpro.com\/eng\/uvc-dezinfekcija-povrsina-i-soba\/\" \/>\n<meta property=\"og:site_name\" content=\"PropokanPro\" \/>\n<meta property=\"article:modified_time\" content=\"2020-10-21T14:50:18+00:00\" \/>\n<meta property=\"og:image\" content=\"http:\/\/propokanpro.com\/wp-content\/uploads\/2020\/10\/UV-Light-Indoors.jpg\" \/>\n<meta name=\"twitter:card\" content=\"summary_large_image\" \/>\n<meta name=\"twitter:label1\" content=\"Est. reading time\" \/>\n\t<meta name=\"twitter:data1\" content=\"1 minute\" \/>\n<script type=\"application\/ld+json\" class=\"yoast-schema-graph\">{\"@context\":\"https:\/\/schema.org\",\"@graph\":[{\"@type\":\"WebPage\",\"@id\":\"https:\/\/propokanpro.com\/uvc-dezinfekcija-povrsina-i-soba\/\",\"url\":\"https:\/\/propokanpro.com\/uvc-dezinfekcija-povrsina-i-soba\/\",\"name\":\"UVC DEZINFEKCIJA POVR\u0160INA I SOBA - PropokanPro\",\"isPartOf\":{\"@id\":\"https:\/\/propokanpro.com\/#website\"},\"primaryImageOfPage\":{\"@id\":\"https:\/\/propokanpro.com\/uvc-dezinfekcija-povrsina-i-soba\/#primaryimage\"},\"image\":{\"@id\":\"https:\/\/propokanpro.com\/uvc-dezinfekcija-povrsina-i-soba\/#primaryimage\"},\"thumbnailUrl\":\"http:\/\/propokanpro.com\/wp-content\/uploads\/2020\/10\/UV-Light-Indoors.jpg\",\"datePublished\":\"2020-10-07T07:33:42+00:00\",\"dateModified\":\"2020-10-21T14:50:18+00:00\",\"breadcrumb\":{\"@id\":\"https:\/\/propokanpro.com\/uvc-dezinfekcija-povrsina-i-soba\/#breadcrumb\"},\"inLanguage\":\"en-US\",\"potentialAction\":[{\"@type\":\"ReadAction\",\"target\":[\"https:\/\/propokanpro.com\/uvc-dezinfekcija-povrsina-i-soba\/\"]}]},{\"@type\":\"ImageObject\",\"inLanguage\":\"en-US\",\"@id\":\"https:\/\/propokanpro.com\/uvc-dezinfekcija-povrsina-i-soba\/#primaryimage\",\"url\":\"http:\/\/propokanpro.com\/wp-content\/uploads\/2020\/10\/UV-Light-Indoors.jpg\",\"contentUrl\":\"http:\/\/propokanpro.com\/wp-content\/uploads\/2020\/10\/UV-Light-Indoors.jpg\"},{\"@type\":\"BreadcrumbList\",\"@id\":\"https:\/\/propokanpro.com\/uvc-dezinfekcija-povrsina-i-soba\/#breadcrumb\",\"itemListElement\":[{\"@type\":\"ListItem\",\"position\":1,\"name\":\"Home\",\"item\":\"https:\/\/propokanpro.com\/\"},{\"@type\":\"ListItem\",\"position\":2,\"name\":\"UVC DEZINFEKCIJA POVR\u0160INA I SOBA\"}]},{\"@type\":\"WebSite\",\"@id\":\"https:\/\/propokanpro.com\/#website\",\"url\":\"https:\/\/propokanpro.com\/\",\"name\":\"PropokanPro\",\"description\":\"\",\"publisher\":{\"@id\":\"https:\/\/propokanpro.com\/#organization\"},\"potentialAction\":[{\"@type\":\"SearchAction\",\"target\":{\"@type\":\"EntryPoint\",\"urlTemplate\":\"https:\/\/propokanpro.com\/?s={search_term_string}\"},\"query-input\":{\"@type\":\"PropertyValueSpecification\",\"valueRequired\":true,\"valueName\":\"search_term_string\"}}],\"inLanguage\":\"en-US\"},{\"@type\":\"Organization\",\"@id\":\"https:\/\/propokanpro.com\/#organization\",\"name\":\"Propokan Pro d.o.o.\",\"url\":\"https:\/\/propokanpro.com\/\",\"logo\":{\"@type\":\"ImageObject\",\"inLanguage\":\"en-US\",\"@id\":\"https:\/\/propokanpro.com\/#\/schema\/logo\/image\/\",\"url\":\"https:\/\/propokanpro.com\/wp-content\/uploads\/2019\/04\/cropped-miki1-e1554138477224.png\",\"contentUrl\":\"https:\/\/propokanpro.com\/wp-content\/uploads\/2019\/04\/cropped-miki1-e1554138477224.png\",\"width\":200,\"height\":75,\"caption\":\"Propokan Pro d.o.o.\"},\"image\":{\"@id\":\"https:\/\/propokanpro.com\/#\/schema\/logo\/image\/\"},\"sameAs\":[\"https:\/\/www.linkedin.com\/company\/propokan-pro-passive-fire-protection\/?viewAsMember=true\"]}]}<\/script>\n<!-- \/ Yoast SEO plugin. -->","yoast_head_json":{"title":"UVC DEZINFEKCIJA POVR\u0160INA I SOBA - PropokanPro","robots":{"index":"index","follow":"follow","max-snippet":"max-snippet:-1","max-image-preview":"max-image-preview:large","max-video-preview":"max-video-preview:-1"},"canonical":"https:\/\/propokanpro.com\/eng\/uvc-dezinfekcija-povrsina-i-soba\/","og_locale":"en_US","og_type":"article","og_title":"UVC DEZINFEKCIJA POVR\u0160INA I SOBA - PropokanPro","og_description":"Ako \u017eelite prirodno dezinfikovati povr\u0161ine i prostorije, ovu kategoriju proizvoda \u010dine ure\u0111aji za UVC dezinfekciju vazduha koji uklanjaju... Read More","og_url":"https:\/\/propokanpro.com\/eng\/uvc-dezinfekcija-povrsina-i-soba\/","og_site_name":"PropokanPro","article_modified_time":"2020-10-21T14:50:18+00:00","og_image":[{"url":"http:\/\/propokanpro.com\/wp-content\/uploads\/2020\/10\/UV-Light-Indoors.jpg"}],"twitter_card":"summary_large_image","twitter_misc":{"Est. reading time":"1 minute"},"schema":{"@context":"https:\/\/schema.org","@graph":[{"@type":"WebPage","@id":"https:\/\/propokanpro.com\/uvc-dezinfekcija-povrsina-i-soba\/","url":"https:\/\/propokanpro.com\/uvc-dezinfekcija-povrsina-i-soba\/","name":"UVC DEZINFEKCIJA POVR\u0160INA I SOBA - PropokanPro","isPartOf":{"@id":"https:\/\/propokanpro.com\/#website"},"primaryImageOfPage":{"@id":"https:\/\/propokanpro.com\/uvc-dezinfekcija-povrsina-i-soba\/#primaryimage"},"image":{"@id":"https:\/\/propokanpro.com\/uvc-dezinfekcija-povrsina-i-soba\/#primaryimage"},"thumbnailUrl":"http:\/\/propokanpro.com\/wp-content\/uploads\/2020\/10\/UV-Light-Indoors.jpg","datePublished":"2020-10-07T07:33:42+00:00","dateModified":"2020-10-21T14:50:18+00:00","breadcrumb":{"@id":"https:\/\/propokanpro.com\/uvc-dezinfekcija-povrsina-i-soba\/#breadcrumb"},"inLanguage":"en-US","potentialAction":[{"@type":"ReadAction","target":["https:\/\/propokanpro.com\/uvc-dezinfekcija-povrsina-i-soba\/"]}]},{"@type":"ImageObject","inLanguage":"en-US","@id":"https:\/\/propokanpro.com\/uvc-dezinfekcija-povrsina-i-soba\/#primaryimage","url":"http:\/\/propokanpro.com\/wp-content\/uploads\/2020\/10\/UV-Light-Indoors.jpg","contentUrl":"http:\/\/propokanpro.com\/wp-content\/uploads\/2020\/10\/UV-Light-Indoors.jpg"},{"@type":"BreadcrumbList","@id":"https:\/\/propokanpro.com\/uvc-dezinfekcija-povrsina-i-soba\/#breadcrumb","itemListElement":[{"@type":"ListItem","position":1,"name":"Home","item":"https:\/\/propokanpro.com\/"},{"@type":"ListItem","position":2,"name":"UVC DEZINFEKCIJA POVR\u0160INA I SOBA"}]},{"@type":"WebSite","@id":"https:\/\/propokanpro.com\/#website","url":"https:\/\/propokanpro.com\/","name":"PropokanPro","description":"","publisher":{"@id":"https:\/\/propokanpro.com\/#organization"},"potentialAction":[{"@type":"SearchAction","target":{"@type":"EntryPoint","urlTemplate":"https:\/\/propokanpro.com\/?s={search_term_string}"},"query-input":{"@type":"PropertyValueSpecification","valueRequired":true,"valueName":"search_term_string"}}],"inLanguage":"en-US"},{"@type":"Organization","@id":"https:\/\/propokanpro.com\/#organization","name":"AT&amp;\u0422C Propokan pro system doo","url":"https:\/\/propokanpro.com\/","logo":{"@type":"ImageObject","inLanguage":"en-US","@id":"https:\/\/propokanpro.com\/#\/schema\/logo\/image\/","url":"https:\/\/propokanpro.com\/wp-content\/uploads\/2019\/04\/cropped-miki1-e1554138477224.png","contentUrl":"https:\/\/propokanpro.com\/wp-content\/uploads\/2019\/04\/cropped-miki1-e1554138477224.png","width":200,"height":75,"caption":"Propokan Pro d.o.o."},"image":{"@id":"https:\/\/propokanpro.com\/#\/schema\/logo\/image\/"},"sameAs":["https:\/\/www.linkedin.com\/company\/propokan-pro-passive-fire-protection\/?viewAsMember=true"]}]}},"_links":{"self":[{"href":"https:\/\/propokanpro.com\/eng\/wp-json\/wp\/v2\/pages\/2501"}],"collection":[{"href":"https:\/\/propokanpro.com\/eng\/wp-json\/wp\/v2\/pages"}],"about":[{"href":"https:\/\/propokanpro.com\/eng\/wp-json\/wp\/v2\/types\/page"}],"author":[{"embeddable":true,"href":"https:\/\/propokanpro.com\/eng\/wp-json\/wp\/v2\/users\/2"}],"replies":[{"embeddable":true,"href":"https:\/\/propokanpro.com\/eng\/wp-json\/wp\/v2\/comments?post=2501"}],"version-history":[{"count":8,"href":"https:\/\/propokanpro.com\/eng\/wp-json\/wp\/v2\/pages\/2501\/revisions"}],"predecessor-version":[{"id":2545,"href":"https:\/\/propokanpro.com\/eng\/wp-json\/wp\/v2\/pages\/2501\/revisions\/2545"}],"wp:attachment":[{"href":"https:\/\/propokanpro.com\/eng\/wp-json\/wp\/v2\/media?parent=2501"}],"curies":[{"name":"wp","href":"https:\/\/api.w.org\/{rel}","templated":true}]}}