{"id":2409,"date":"2020-09-12T08:50:46","date_gmt":"2020-09-12T08:50:46","guid":{"rendered":"http:\/\/propokanpro.com\/?page_id=2409"},"modified":"2021-03-17T20:22:54","modified_gmt":"2021-03-17T20:22:54","slug":"hvac-uvc","status":"publish","type":"page","link":"https:\/\/propokanpro.com\/eng\/hvac-uvc\/","title":{"rendered":"HVAC UVC AIR STERILIZATION"},"content":{"rendered":"<div class=\"wp-block-media-text alignwide has-media-on-the-right is-stacked-on-mobile is-vertically-aligned-center\"><figure class=\"wp-block-media-text__media\"><img loading=\"lazy\" decoding=\"async\" width=\"500\" height=\"326\" src=\"http:\/\/propokanpro.com\/wp-content\/uploads\/2020\/08\/UVC-inside-duct-Web-4.jpg\" alt=\"\" class=\"wp-image-2395\" srcset=\"https:\/\/propokanpro.com\/wp-content\/uploads\/2020\/08\/UVC-inside-duct-Web-4.jpg 500w, https:\/\/propokanpro.com\/wp-content\/uploads\/2020\/08\/UVC-inside-duct-Web-4-300x196.jpg 300w\" sizes=\"(max-width: 500px) 100vw, 500px\" \/><\/figure><div class=\"wp-block-media-text__content\">\n<p class=\"has-medium-font-size\">Company Propokan Pro is an expert in ultraviolet air purification, providing the most advanced cost-effective UVC air sterilization systems in ventilation and air conditioning ducts and air handling units. <strong>HVAC UVC<\/strong> systems are designed to maximize exposure time by delivering the ultraviolet energy required for extremely high air sterilization efficiency. Systems <strong>HVAC UVC<\/strong> are used worldwide in commercial, medical installations. These are the most efficient systems available for air sterilization in ventilation and air conditioning ducts, and in addition to health care, they also reduce the cost of electricity consumption.  <\/p>\n<\/div><\/div>\n\n\n\n<div class=\"wp-block-group\"><div class=\"wp-block-group__inner-container is-layout-flow wp-block-group-is-layout-flow\">\n<h2 class=\"has-text-align-center wp-block-heading\"><strong>HOW DOES THE UVC AIR STERILIZATION SYSTEM WORK IN DUCTS? <\/strong><\/h2>\n\n\n\n<div class=\"wp-block-media-text alignwide is-stacked-on-mobile\"><figure class=\"wp-block-media-text__media\"><img loading=\"lazy\" decoding=\"async\" width=\"1024\" height=\"767\" src=\"http:\/\/propokanpro.com\/wp-content\/uploads\/2020\/09\/hvac-uvc-in-duct-1024x767.jpg\" alt=\"\" class=\"wp-image-2428\" srcset=\"https:\/\/propokanpro.com\/wp-content\/uploads\/2020\/09\/hvac-uvc-in-duct-1024x767.jpg 1024w, https:\/\/propokanpro.com\/wp-content\/uploads\/2020\/09\/hvac-uvc-in-duct-300x225.jpg 300w, https:\/\/propokanpro.com\/wp-content\/uploads\/2020\/09\/hvac-uvc-in-duct-768x575.jpg 768w, https:\/\/propokanpro.com\/wp-content\/uploads\/2020\/09\/hvac-uvc-in-duct-1536x1150.jpg 1536w, https:\/\/propokanpro.com\/wp-content\/uploads\/2020\/09\/hvac-uvc-in-duct-1120x839.jpg 1120w, https:\/\/propokanpro.com\/wp-content\/uploads\/2020\/09\/hvac-uvc-in-duct-640x480.jpg 640w, https:\/\/propokanpro.com\/wp-content\/uploads\/2020\/09\/hvac-uvc-in-duct.jpg 1600w\" sizes=\"(max-width: 1024px) 100vw, 1024px\" \/><\/figure><div class=\"wp-block-media-text__content\">\n<p class=\"has-medium-font-size\">Installed in parallel with the airflow inside the duct, <strong>HVAC UVC<\/strong> air sterilization systems work in any building, facility with a centralized ventilation system and improve indoor air quality. Details on the HVAC UVC system can be found in <a rel=\"noreferrer noopener\" aria-label=\"Tehni\u010dkom listu (opens in a new tab)\" href=\"http:\/\/propokanpro.com\/wp-content\/uploads\/2020\/09\/HVAC-UVC-datasheet.pdf\" target=\"_blank\">Technical datasheet<\/a>.<\/p>\n<\/div><\/div>\n<\/div><\/div>\n\n\n\n<div class=\"wp-block-group\"><div class=\"wp-block-group__inner-container is-layout-flow wp-block-group-is-layout-flow\">\n<div class=\"wp-block-group\"><div class=\"wp-block-group__inner-container is-layout-flow wp-block-group-is-layout-flow\">\n<h2 class=\"has-text-align-center wp-block-heading\"><strong>TESTED AND PROVEN TECHNOLOGY <\/strong><\/h2>\n<\/div><\/div>\n<\/div><\/div>\n\n\n\n<div class=\"wp-block-group\"><div class=\"wp-block-group__inner-container is-layout-flow wp-block-group-is-layout-flow\">\n<div class=\"wp-block-media-text alignwide has-media-on-the-right is-stacked-on-mobile\"><figure class=\"wp-block-media-text__media\"><img loading=\"lazy\" decoding=\"async\" width=\"297\" height=\"223\" src=\"http:\/\/propokanpro.com\/wp-content\/uploads\/2020\/08\/UVC-inside-duct-Web-3.jpg\" alt=\"\" class=\"wp-image-2396\"\/><\/figure><div class=\"wp-block-media-text__content\">\n<p class=\"has-medium-font-size\">Our patented, the best in class, and affordable systems maximize the contact time of viruses and bacteria in the air with UVC radiation sources to disinfect 99% of the air or surfaces in a single pass.   <a href=\"http:\/\/propokanpro.com\/hvav-uvc-sistem-rezultati-testiranja-efikasnosti\/\">The testing<\/a> was performed in an accredited testing laboratory, which is both a certification and a control body. The Agency for Medicines and Medical Devices of the Republic of Serbia has confirmed with its expert opinion that the HVAC UVC system<strong> <\/strong>is not considered a medical device and does not comply with EU Directive 93\/42 \/ EEC (General Medical Devices Directive) or EU Directive 98\/79 \/ EC <em>in vitro<\/em> diagnostic medical devices). <\/p>\n\n\n\n<p class=\"has-medium-font-size\">On the page <a href=\"http:\/\/propokanpro.com\/uvc-tehnologija-mitovi-ili-cinjenice\/\">Myth of Fact about UVC technology<\/a> the most common misconceptions that users encounter are clarified.<\/p>\n<\/div><\/div>\n<\/div><\/div>\n\n\n\n<h2 class=\"has-text-align-center wp-block-heading\"><strong>THE SUN AND UV RAYS <\/strong><\/h2>\n\n\n\n<div class=\"wp-block-media-text alignwide is-stacked-on-mobile\"><figure class=\"wp-block-media-text__media\"><img loading=\"lazy\" decoding=\"async\" width=\"512\" height=\"268\" src=\"http:\/\/propokanpro.com\/wp-content\/uploads\/2020\/09\/Inkedunnamed_LI.jpg\" alt=\"\" class=\"wp-image-2447\" srcset=\"https:\/\/propokanpro.com\/wp-content\/uploads\/2020\/09\/Inkedunnamed_LI.jpg 512w, https:\/\/propokanpro.com\/wp-content\/uploads\/2020\/09\/Inkedunnamed_LI-300x157.jpg 300w\" sizes=\"(max-width: 512px) 100vw, 512px\" \/><\/figure><div class=\"wp-block-media-text__content\">\n<p class=\"has-medium-font-size\">The sun projects UV rays (ultraviolet) with specific wavelengths that destroy and inactivate contaminants that are in the atmosphere. Just like UVA, UVB and UVC rays of the sun, <strong>HVAC UVC<\/strong> air sterilization systems produce the same UVC rays with a wavelength of 253.7 nm, bringing the same natural process indoors. <strong>HVAC UVC<\/strong> systems, installed inside the ventilation and air conditioning duct, continually destroy viruses and bacteria as they travel through the building, becoming a true air sterilization system.  <\/p>\n<\/div><\/div>\n\n\n\n<h2 class=\"has-text-align-center wp-block-heading\"><strong>DOSES OF UVC RADIATION REQUIRED FOR COVID 19 DEACTIVATION<\/strong><\/h2>\n\n\n\n<div class=\"wp-block-media-text alignwide has-media-on-the-right is-stacked-on-mobile\"><figure class=\"wp-block-media-text__media\"><img loading=\"lazy\" decoding=\"async\" width=\"677\" height=\"507\" src=\"http:\/\/propokanpro.com\/wp-content\/uploads\/2020\/09\/dnauvc.png\" alt=\"\" class=\"wp-image-2484\" srcset=\"https:\/\/propokanpro.com\/wp-content\/uploads\/2020\/09\/dnauvc.png 677w, https:\/\/propokanpro.com\/wp-content\/uploads\/2020\/09\/dnauvc-300x225.png 300w, https:\/\/propokanpro.com\/wp-content\/uploads\/2020\/09\/dnauvc-640x480.png 640w\" sizes=\"(max-width: 677px) 100vw, 677px\" \/><\/figure><div class=\"wp-block-media-text__content\">\n<p class=\"has-medium-font-size\">Recent research from several independent studies, 1. INAF and the University of Milan, Italy, 2. Signify and the University of Boston, USA, 3. the University of Essen, Germany and 4. the University of Hiroshima, Japan reveal the required doses of UVC radiation wavelength 253.7 nm for deactivation of SARS CoV-2 (Covid-19 virus).<\/p>\n\n\n\n<p class=\"has-medium-font-size\">All those studies <a href=\"http:\/\/propokanpro.com\/boston-university-validates-the-effectiveness-of-uv-c-light-sources-on-inactivating-the-virus-that-causes-covid-19\/\">shows<\/a> significantly reduced dose requirements compared to the previous estimate (20,1 mJ\/cm2 for a log3 reduction) which was based on an average for different related viruses in the Coronaviridae family. <\/p>\n<\/div><\/div>\n\n\n\n<div class=\"wp-block-media-text alignwide is-stacked-on-mobile\"><figure class=\"wp-block-media-text__media\"><img loading=\"lazy\" decoding=\"async\" width=\"1024\" height=\"683\" src=\"http:\/\/propokanpro.com\/wp-content\/uploads\/2020\/10\/covid-lab-1024x683.jpg\" alt=\"\" class=\"wp-image-2495\" srcset=\"https:\/\/propokanpro.com\/wp-content\/uploads\/2020\/10\/covid-lab-1024x683.jpg 1024w, https:\/\/propokanpro.com\/wp-content\/uploads\/2020\/10\/covid-lab-300x200.jpg 300w, https:\/\/propokanpro.com\/wp-content\/uploads\/2020\/10\/covid-lab-768x512.jpg 768w, https:\/\/propokanpro.com\/wp-content\/uploads\/2020\/10\/covid-lab-1120x747.jpg 1120w, https:\/\/propokanpro.com\/wp-content\/uploads\/2020\/10\/covid-lab-640x427.jpg 640w, https:\/\/propokanpro.com\/wp-content\/uploads\/2020\/10\/covid-lab.jpg 1200w\" sizes=\"(max-width: 1024px) 100vw, 1024px\" \/><\/figure><div class=\"wp-block-media-text__content\">\n<p class=\"has-medium-font-size\">The radiation dose of the HVAC UVC system was determined in accordance with ISO 15714: 2019 - Method of evaluating the UV dose to airborne microorganisms transiting in-duct ultraviolet germicidal irradiation devices, and in accordance with<strong> <\/strong>Sanitarnim i epidemiolo\u0161kim standardima Ruske federacije &#8211; &#8222;Upotreba UV baktericidnog zra\u010denja za dezinfekciju vazduha&#8220; &#8211; \u0420 3.5.1904-04<\/p>\n<\/div><\/div>\n\n\n\n<div class=\"wp-block-image\"><figure class=\"aligncenter size-full\"><img loading=\"lazy\" decoding=\"async\" width=\"2396\" height=\"1143\" src=\"http:\/\/propokanpro.com\/wp-content\/uploads\/2020\/10\/InkedUV_Dose_Table_LI.jpg\" alt=\"\" class=\"wp-image-2526\" srcset=\"https:\/\/propokanpro.com\/wp-content\/uploads\/2020\/10\/InkedUV_Dose_Table_LI.jpg 2396w, https:\/\/propokanpro.com\/wp-content\/uploads\/2020\/10\/InkedUV_Dose_Table_LI-300x143.jpg 300w, https:\/\/propokanpro.com\/wp-content\/uploads\/2020\/10\/InkedUV_Dose_Table_LI-1024x488.jpg 1024w, https:\/\/propokanpro.com\/wp-content\/uploads\/2020\/10\/InkedUV_Dose_Table_LI-768x366.jpg 768w, https:\/\/propokanpro.com\/wp-content\/uploads\/2020\/10\/InkedUV_Dose_Table_LI-1536x733.jpg 1536w, https:\/\/propokanpro.com\/wp-content\/uploads\/2020\/10\/InkedUV_Dose_Table_LI-2048x977.jpg 2048w, https:\/\/propokanpro.com\/wp-content\/uploads\/2020\/10\/InkedUV_Dose_Table_LI-16x8.jpg 16w, https:\/\/propokanpro.com\/wp-content\/uploads\/2020\/10\/InkedUV_Dose_Table_LI-1120x534.jpg 1120w, https:\/\/propokanpro.com\/wp-content\/uploads\/2020\/10\/InkedUV_Dose_Table_LI-640x305.jpg 640w\" sizes=\"(max-width: 2396px) 100vw, 2396px\" \/><\/figure><\/div>","protected":false},"excerpt":{"rendered":"<p>Kompanija Propokan Pro je ekspert u ultraljubi\u010dastom pro\u010di\u0161\u0107avanju vazduha, pru\u017eaju\u0107i najnaprednije isplative UVC sisteme za sterilizaciju vazduha u&#8230; <a class=\"excerpt-read-more\" href=\"https:\/\/propokanpro.com\/eng\/hvac-uvc\/\"><span>Read More<\/span><\/a><\/p>","protected":false},"author":2,"featured_media":0,"parent":0,"menu_order":0,"comment_status":"closed","ping_status":"closed","template":"","meta":{"footnotes":""},"yoast_head":"<!-- This site is optimized with the Yoast SEO plugin v23.5 - https:\/\/yoast.com\/wordpress\/plugins\/seo\/ -->\n<title>HVAC UVC STERILIZACIJA VAZDUHA - PropokanPro<\/title>\n<meta name=\"robots\" content=\"index, follow, max-snippet:-1, max-image-preview:large, max-video-preview:-1\" \/>\n<link rel=\"canonical\" href=\"https:\/\/propokanpro.com\/eng\/hvac-uvc\/\" \/>\n<meta property=\"og:locale\" content=\"en_US\" \/>\n<meta property=\"og:type\" content=\"article\" \/>\n<meta property=\"og:title\" content=\"HVAC UVC STERILIZACIJA VAZDUHA - PropokanPro\" \/>\n<meta property=\"og:description\" content=\"Kompanija Propokan Pro je ekspert u ultraljubi\u010dastom pro\u010di\u0161\u0107avanju vazduha, pru\u017eaju\u0107i najnaprednije isplative UVC sisteme za sterilizaciju vazduha u... Read More\" \/>\n<meta property=\"og:url\" content=\"https:\/\/propokanpro.com\/eng\/hvac-uvc\/\" \/>\n<meta property=\"og:site_name\" content=\"PropokanPro\" \/>\n<meta property=\"article:modified_time\" content=\"2021-03-17T20:22:54+00:00\" \/>\n<meta property=\"og:image\" content=\"http:\/\/propokanpro.com\/wp-content\/uploads\/2020\/08\/UVC-inside-duct-Web-4.jpg\" \/>\n<meta name=\"twitter:card\" content=\"summary_large_image\" \/>\n<meta name=\"twitter:label1\" content=\"Est. reading time\" \/>\n\t<meta name=\"twitter:data1\" content=\"3 minutes\" \/>\n<script type=\"application\/ld+json\" class=\"yoast-schema-graph\">{\"@context\":\"https:\/\/schema.org\",\"@graph\":[{\"@type\":\"WebPage\",\"@id\":\"https:\/\/propokanpro.com\/hvac-uvc\/\",\"url\":\"https:\/\/propokanpro.com\/hvac-uvc\/\",\"name\":\"HVAC UVC STERILIZACIJA VAZDUHA - PropokanPro\",\"isPartOf\":{\"@id\":\"https:\/\/propokanpro.com\/#website\"},\"primaryImageOfPage\":{\"@id\":\"https:\/\/propokanpro.com\/hvac-uvc\/#primaryimage\"},\"image\":{\"@id\":\"https:\/\/propokanpro.com\/hvac-uvc\/#primaryimage\"},\"thumbnailUrl\":\"http:\/\/propokanpro.com\/wp-content\/uploads\/2020\/08\/UVC-inside-duct-Web-4.jpg\",\"datePublished\":\"2020-09-12T08:50:46+00:00\",\"dateModified\":\"2021-03-17T20:22:54+00:00\",\"breadcrumb\":{\"@id\":\"https:\/\/propokanpro.com\/hvac-uvc\/#breadcrumb\"},\"inLanguage\":\"en-US\",\"potentialAction\":[{\"@type\":\"ReadAction\",\"target\":[\"https:\/\/propokanpro.com\/hvac-uvc\/\"]}]},{\"@type\":\"ImageObject\",\"inLanguage\":\"en-US\",\"@id\":\"https:\/\/propokanpro.com\/hvac-uvc\/#primaryimage\",\"url\":\"http:\/\/propokanpro.com\/wp-content\/uploads\/2020\/08\/UVC-inside-duct-Web-4.jpg\",\"contentUrl\":\"http:\/\/propokanpro.com\/wp-content\/uploads\/2020\/08\/UVC-inside-duct-Web-4.jpg\"},{\"@type\":\"BreadcrumbList\",\"@id\":\"https:\/\/propokanpro.com\/hvac-uvc\/#breadcrumb\",\"itemListElement\":[{\"@type\":\"ListItem\",\"position\":1,\"name\":\"Home\",\"item\":\"https:\/\/propokanpro.com\/\"},{\"@type\":\"ListItem\",\"position\":2,\"name\":\"HVAC UVC STERILIZACIJA VAZDUHA\"}]},{\"@type\":\"WebSite\",\"@id\":\"https:\/\/propokanpro.com\/#website\",\"url\":\"https:\/\/propokanpro.com\/\",\"name\":\"PropokanPro\",\"description\":\"\",\"publisher\":{\"@id\":\"https:\/\/propokanpro.com\/#organization\"},\"potentialAction\":[{\"@type\":\"SearchAction\",\"target\":{\"@type\":\"EntryPoint\",\"urlTemplate\":\"https:\/\/propokanpro.com\/?s={search_term_string}\"},\"query-input\":{\"@type\":\"PropertyValueSpecification\",\"valueRequired\":true,\"valueName\":\"search_term_string\"}}],\"inLanguage\":\"en-US\"},{\"@type\":\"Organization\",\"@id\":\"https:\/\/propokanpro.com\/#organization\",\"name\":\"Propokan Pro d.o.o.\",\"url\":\"https:\/\/propokanpro.com\/\",\"logo\":{\"@type\":\"ImageObject\",\"inLanguage\":\"en-US\",\"@id\":\"https:\/\/propokanpro.com\/#\/schema\/logo\/image\/\",\"url\":\"https:\/\/propokanpro.com\/wp-content\/uploads\/2019\/04\/cropped-miki1-e1554138477224.png\",\"contentUrl\":\"https:\/\/propokanpro.com\/wp-content\/uploads\/2019\/04\/cropped-miki1-e1554138477224.png\",\"width\":200,\"height\":75,\"caption\":\"Propokan Pro d.o.o.\"},\"image\":{\"@id\":\"https:\/\/propokanpro.com\/#\/schema\/logo\/image\/\"},\"sameAs\":[\"https:\/\/www.linkedin.com\/company\/propokan-pro-passive-fire-protection\/?viewAsMember=true\"]}]}<\/script>\n<!-- \/ Yoast SEO plugin. -->","yoast_head_json":{"title":"HVAC UVC STERILIZACIJA VAZDUHA - PropokanPro","robots":{"index":"index","follow":"follow","max-snippet":"max-snippet:-1","max-image-preview":"max-image-preview:large","max-video-preview":"max-video-preview:-1"},"canonical":"https:\/\/propokanpro.com\/eng\/hvac-uvc\/","og_locale":"en_US","og_type":"article","og_title":"HVAC UVC STERILIZACIJA VAZDUHA - PropokanPro","og_description":"Kompanija Propokan Pro je ekspert u ultraljubi\u010dastom pro\u010di\u0161\u0107avanju vazduha, pru\u017eaju\u0107i najnaprednije isplative UVC sisteme za sterilizaciju vazduha u... Read More","og_url":"https:\/\/propokanpro.com\/eng\/hvac-uvc\/","og_site_name":"PropokanPro","article_modified_time":"2021-03-17T20:22:54+00:00","og_image":[{"url":"http:\/\/propokanpro.com\/wp-content\/uploads\/2020\/08\/UVC-inside-duct-Web-4.jpg"}],"twitter_card":"summary_large_image","twitter_misc":{"Est. reading time":"3 minutes"},"schema":{"@context":"https:\/\/schema.org","@graph":[{"@type":"WebPage","@id":"https:\/\/propokanpro.com\/hvac-uvc\/","url":"https:\/\/propokanpro.com\/hvac-uvc\/","name":"HVAC UVC STERILIZACIJA VAZDUHA - PropokanPro","isPartOf":{"@id":"https:\/\/propokanpro.com\/#website"},"primaryImageOfPage":{"@id":"https:\/\/propokanpro.com\/hvac-uvc\/#primaryimage"},"image":{"@id":"https:\/\/propokanpro.com\/hvac-uvc\/#primaryimage"},"thumbnailUrl":"http:\/\/propokanpro.com\/wp-content\/uploads\/2020\/08\/UVC-inside-duct-Web-4.jpg","datePublished":"2020-09-12T08:50:46+00:00","dateModified":"2021-03-17T20:22:54+00:00","breadcrumb":{"@id":"https:\/\/propokanpro.com\/hvac-uvc\/#breadcrumb"},"inLanguage":"en-US","potentialAction":[{"@type":"ReadAction","target":["https:\/\/propokanpro.com\/hvac-uvc\/"]}]},{"@type":"ImageObject","inLanguage":"en-US","@id":"https:\/\/propokanpro.com\/hvac-uvc\/#primaryimage","url":"http:\/\/propokanpro.com\/wp-content\/uploads\/2020\/08\/UVC-inside-duct-Web-4.jpg","contentUrl":"http:\/\/propokanpro.com\/wp-content\/uploads\/2020\/08\/UVC-inside-duct-Web-4.jpg"},{"@type":"BreadcrumbList","@id":"https:\/\/propokanpro.com\/hvac-uvc\/#breadcrumb","itemListElement":[{"@type":"ListItem","position":1,"name":"Home","item":"https:\/\/propokanpro.com\/"},{"@type":"ListItem","position":2,"name":"HVAC UVC STERILIZACIJA VAZDUHA"}]},{"@type":"WebSite","@id":"https:\/\/propokanpro.com\/#website","url":"https:\/\/propokanpro.com\/","name":"PropokanPro","description":"","publisher":{"@id":"https:\/\/propokanpro.com\/#organization"},"potentialAction":[{"@type":"SearchAction","target":{"@type":"EntryPoint","urlTemplate":"https:\/\/propokanpro.com\/?s={search_term_string}"},"query-input":{"@type":"PropertyValueSpecification","valueRequired":true,"valueName":"search_term_string"}}],"inLanguage":"en-US"},{"@type":"Organization","@id":"https:\/\/propokanpro.com\/#organization","name":"AT&amp;\u0422C Propokan pro system doo","url":"https:\/\/propokanpro.com\/","logo":{"@type":"ImageObject","inLanguage":"en-US","@id":"https:\/\/propokanpro.com\/#\/schema\/logo\/image\/","url":"https:\/\/propokanpro.com\/wp-content\/uploads\/2019\/04\/cropped-miki1-e1554138477224.png","contentUrl":"https:\/\/propokanpro.com\/wp-content\/uploads\/2019\/04\/cropped-miki1-e1554138477224.png","width":200,"height":75,"caption":"Propokan Pro d.o.o."},"image":{"@id":"https:\/\/propokanpro.com\/#\/schema\/logo\/image\/"},"sameAs":["https:\/\/www.linkedin.com\/company\/propokan-pro-passive-fire-protection\/?viewAsMember=true"]}]}},"_links":{"self":[{"href":"https:\/\/propokanpro.com\/eng\/wp-json\/wp\/v2\/pages\/2409"}],"collection":[{"href":"https:\/\/propokanpro.com\/eng\/wp-json\/wp\/v2\/pages"}],"about":[{"href":"https:\/\/propokanpro.com\/eng\/wp-json\/wp\/v2\/types\/page"}],"author":[{"embeddable":true,"href":"https:\/\/propokanpro.com\/eng\/wp-json\/wp\/v2\/users\/2"}],"replies":[{"embeddable":true,"href":"https:\/\/propokanpro.com\/eng\/wp-json\/wp\/v2\/comments?post=2409"}],"version-history":[{"count":60,"href":"https:\/\/propokanpro.com\/eng\/wp-json\/wp\/v2\/pages\/2409\/revisions"}],"predecessor-version":[{"id":2773,"href":"https:\/\/propokanpro.com\/eng\/wp-json\/wp\/v2\/pages\/2409\/revisions\/2773"}],"wp:attachment":[{"href":"https:\/\/propokanpro.com\/eng\/wp-json\/wp\/v2\/media?parent=2409"}],"curies":[{"name":"wp","href":"https:\/\/api.w.org\/{rel}","templated":true}]}}