{"id":2183,"date":"2019-10-27T05:11:26","date_gmt":"2019-10-27T05:11:26","guid":{"rendered":"http:\/\/propokanpro.com\/?page_id=2183"},"modified":"2020-11-10T06:00:09","modified_gmt":"2020-11-10T06:00:09","slug":"termo-izolacioni-premaz-za-metal","status":"publish","type":"page","link":"https:\/\/propokanpro.com\/eng\/termo-izolacioni-premaz-za-metal\/","title":{"rendered":"THERMAL INSULATING COATING FOR METAL"},"content":{"rendered":"<p><strong>THERMAL INSULATING COATING <\/strong>for metal is multi-purpose insulation for air-conditioning systems and central heating and plumbing installations.<\/p>\n<p><strong>THERMAL INSULATING COATING<\/strong>&nbsp;je dvokomponentni osnovni antikorozivni premaz na bazi&nbsp; epoksidnog veziva, punila i specijalnih aditiva. Posebno je formulisan kao te\u010dni termoizolacioni premaz&nbsp; za metalne povr\u0161ine koji ima dobra izolaciona svojstva. Zna\u010dajno smanjuje gubitak toplote i efikasno \u0161titi od smrzavanja. Istovremeno obezbe\u0111uje i antikorozivnu za\u0161titu premazanih povr\u0161ina.<\/p>\n<p><em><strong>Thermal Insulating Coating is intended to protect<\/strong><\/em>:<\/p>\n<ul>\n<li>Ventilation and air conditioning ducts<\/li>\n<li>Steel surfaces of industrial and civil objects<\/li>\n<li>Boiler rooms<\/li>\n<li>Hot and cold water pipelines, steam pipelines<\/li>\n<li>The cabin of construction machinery<\/li>\n<li>Engine housings<\/li>\n<li>Cisterns, tanks, containers, valves<\/li>\n<li>Industrial plants<\/li>\n<\/ul>\n<p><strong><em>Thermal Insulating Coating features<\/em>:<\/strong><\/p>\n<ul>\n<li>Excellent covering power<\/li>\n<li>Excellent mechanical characteristics<\/li>\n<li>Protects against condensation<\/li>\n<li>Water-resistant<\/li>\n<li>Effectively protects against freezing<\/li>\n<li>Protects against corrosion<\/li>\n<li>Small thermal conductivity&nbsp;<strong>\u03bb=0,021W\/mK<\/strong>, significantly better than other materials on the market<\/li>\n<li>It has thermal properties at temperatures from&nbsp;<strong>-60\u00b0C to +200\u00b0C<\/strong><\/li>\n<li>Density -&nbsp;<strong>0,80\u00b10.05g\/cm\u00b3<\/strong><\/li>\n<li>The thickness of the wet coating layer applied to the steel surface -&nbsp;<strong>0,5mm<\/strong><\/li>\n<li>Easy and fast implementation with an airless paint sprayer, brush or roller<\/li>\n<li>Long life<\/li>\n<li>The safe solution in case of fire does not drip or accelerate the flame<\/li>\n<\/ul>\n<p>The product has been tested at the IMS laboratory in Belgrade and has a test report.<\/p>\n\n\n<figure class=\"wp-block-embed-youtube aligncenter wp-block-embed is-type-video is-provider-youtube wp-embed-aspect-16-9 wp-has-aspect-ratio\"><div class=\"wp-block-embed__wrapper\">\n<iframe loading=\"lazy\" title=\"Thermal EPO Insultating Coating on Steam Pipe\" width=\"1280\" height=\"720\" src=\"https:\/\/www.youtube.com\/embed\/6JXgXr7FKsc?feature=oembed\" frameborder=\"0\" allow=\"accelerometer; autoplay; clipboard-write; encrypted-media; gyroscope; picture-in-picture\" allowfullscreen><\/iframe>\n<\/div><\/figure>\n\n\n\n<figure class=\"wp-block-embed-youtube aligncenter wp-block-embed is-type-video is-provider-youtube wp-embed-aspect-16-9 wp-has-aspect-ratio\"><div class=\"wp-block-embed__wrapper\">\n<iframe loading=\"lazy\" title=\"Insulating Coating Ice Test\" width=\"1280\" height=\"720\" src=\"https:\/\/www.youtube.com\/embed\/q57uyaOvgkw?feature=oembed\" frameborder=\"0\" allow=\"accelerometer; autoplay; clipboard-write; encrypted-media; gyroscope; picture-in-picture\" allowfullscreen><\/iframe>\n<\/div><\/figure>","protected":false},"excerpt":{"rendered":"<p>TERMO IZOLACIONI PREMAZ za metal je vi\u0161enamenska izolacija za sisteme klimatizacije i instalacije centralnog grejanja i vodovoda. TERMO&#8230; <a class=\"excerpt-read-more\" href=\"https:\/\/propokanpro.com\/eng\/termo-izolacioni-premaz-za-metal\/\"><span>Read More<\/span><\/a><\/p>","protected":false},"author":2,"featured_media":0,"parent":0,"menu_order":0,"comment_status":"closed","ping_status":"closed","template":"","meta":{"footnotes":""},"yoast_head":"<!-- This site is optimized with the Yoast SEO plugin v23.5 - https:\/\/yoast.com\/wordpress\/plugins\/seo\/ -->\n<title>Termo izolacioni premaz za metal - PropokanPro<\/title>\n<meta name=\"robots\" content=\"index, follow, max-snippet:-1, max-image-preview:large, max-video-preview:-1\" \/>\n<link rel=\"canonical\" href=\"https:\/\/propokanpro.com\/eng\/termo-izolacioni-premaz-za-metal\/\" \/>\n<meta property=\"og:locale\" content=\"en_US\" \/>\n<meta property=\"og:type\" content=\"article\" \/>\n<meta property=\"og:title\" content=\"Termo izolacioni premaz za metal - PropokanPro\" \/>\n<meta property=\"og:description\" content=\"TERMO IZOLACIONI PREMAZ za metal je vi\u0161enamenska izolacija za sisteme klimatizacije i instalacije centralnog grejanja i vodovoda. TERMO... Read More\" \/>\n<meta property=\"og:url\" content=\"https:\/\/propokanpro.com\/eng\/termo-izolacioni-premaz-za-metal\/\" \/>\n<meta property=\"og:site_name\" content=\"PropokanPro\" \/>\n<meta property=\"article:modified_time\" content=\"2020-11-10T06:00:09+00:00\" \/>\n<meta name=\"twitter:card\" content=\"summary_large_image\" \/>\n<meta name=\"twitter:label1\" content=\"Est. reading time\" \/>\n\t<meta name=\"twitter:data1\" content=\"1 minute\" \/>\n<script type=\"application\/ld+json\" class=\"yoast-schema-graph\">{\"@context\":\"https:\/\/schema.org\",\"@graph\":[{\"@type\":\"WebPage\",\"@id\":\"https:\/\/propokanpro.com\/eng\/termo-izolacioni-premaz-za-metal\/\",\"url\":\"https:\/\/propokanpro.com\/eng\/termo-izolacioni-premaz-za-metal\/\",\"name\":\"Termo izolacioni premaz za metal - PropokanPro\",\"isPartOf\":{\"@id\":\"https:\/\/propokanpro.com\/#website\"},\"datePublished\":\"2019-10-27T05:11:26+00:00\",\"dateModified\":\"2020-11-10T06:00:09+00:00\",\"breadcrumb\":{\"@id\":\"https:\/\/propokanpro.com\/eng\/termo-izolacioni-premaz-za-metal\/#breadcrumb\"},\"inLanguage\":\"en-US\",\"potentialAction\":[{\"@type\":\"ReadAction\",\"target\":[\"https:\/\/propokanpro.com\/eng\/termo-izolacioni-premaz-za-metal\/\"]}]},{\"@type\":\"BreadcrumbList\",\"@id\":\"https:\/\/propokanpro.com\/eng\/termo-izolacioni-premaz-za-metal\/#breadcrumb\",\"itemListElement\":[{\"@type\":\"ListItem\",\"position\":1,\"name\":\"Home\",\"item\":\"https:\/\/propokanpro.com\/\"},{\"@type\":\"ListItem\",\"position\":2,\"name\":\"Termo izolacioni premaz za metal\"}]},{\"@type\":\"WebSite\",\"@id\":\"https:\/\/propokanpro.com\/#website\",\"url\":\"https:\/\/propokanpro.com\/\",\"name\":\"PropokanPro\",\"description\":\"\",\"publisher\":{\"@id\":\"https:\/\/propokanpro.com\/#organization\"},\"potentialAction\":[{\"@type\":\"SearchAction\",\"target\":{\"@type\":\"EntryPoint\",\"urlTemplate\":\"https:\/\/propokanpro.com\/?s={search_term_string}\"},\"query-input\":{\"@type\":\"PropertyValueSpecification\",\"valueRequired\":true,\"valueName\":\"search_term_string\"}}],\"inLanguage\":\"en-US\"},{\"@type\":\"Organization\",\"@id\":\"https:\/\/propokanpro.com\/#organization\",\"name\":\"Propokan Pro d.o.o.\",\"url\":\"https:\/\/propokanpro.com\/\",\"logo\":{\"@type\":\"ImageObject\",\"inLanguage\":\"en-US\",\"@id\":\"https:\/\/propokanpro.com\/#\/schema\/logo\/image\/\",\"url\":\"https:\/\/propokanpro.com\/wp-content\/uploads\/2019\/04\/cropped-miki1-e1554138477224.png\",\"contentUrl\":\"https:\/\/propokanpro.com\/wp-content\/uploads\/2019\/04\/cropped-miki1-e1554138477224.png\",\"width\":200,\"height\":75,\"caption\":\"Propokan Pro d.o.o.\"},\"image\":{\"@id\":\"https:\/\/propokanpro.com\/#\/schema\/logo\/image\/\"},\"sameAs\":[\"https:\/\/www.linkedin.com\/company\/propokan-pro-passive-fire-protection\/?viewAsMember=true\"]}]}<\/script>\n<!-- \/ Yoast SEO plugin. -->","yoast_head_json":{"title":"Termo izolacioni premaz za metal - PropokanPro","robots":{"index":"index","follow":"follow","max-snippet":"max-snippet:-1","max-image-preview":"max-image-preview:large","max-video-preview":"max-video-preview:-1"},"canonical":"https:\/\/propokanpro.com\/eng\/termo-izolacioni-premaz-za-metal\/","og_locale":"en_US","og_type":"article","og_title":"Termo izolacioni premaz za metal - PropokanPro","og_description":"TERMO IZOLACIONI PREMAZ za metal je vi\u0161enamenska izolacija za sisteme klimatizacije i instalacije centralnog grejanja i vodovoda. TERMO... Read More","og_url":"https:\/\/propokanpro.com\/eng\/termo-izolacioni-premaz-za-metal\/","og_site_name":"PropokanPro","article_modified_time":"2020-11-10T06:00:09+00:00","twitter_card":"summary_large_image","twitter_misc":{"Est. reading time":"1 minute"},"schema":{"@context":"https:\/\/schema.org","@graph":[{"@type":"WebPage","@id":"https:\/\/propokanpro.com\/eng\/termo-izolacioni-premaz-za-metal\/","url":"https:\/\/propokanpro.com\/eng\/termo-izolacioni-premaz-za-metal\/","name":"Termo izolacioni premaz za metal - PropokanPro","isPartOf":{"@id":"https:\/\/propokanpro.com\/#website"},"datePublished":"2019-10-27T05:11:26+00:00","dateModified":"2020-11-10T06:00:09+00:00","breadcrumb":{"@id":"https:\/\/propokanpro.com\/eng\/termo-izolacioni-premaz-za-metal\/#breadcrumb"},"inLanguage":"en-US","potentialAction":[{"@type":"ReadAction","target":["https:\/\/propokanpro.com\/eng\/termo-izolacioni-premaz-za-metal\/"]}]},{"@type":"BreadcrumbList","@id":"https:\/\/propokanpro.com\/eng\/termo-izolacioni-premaz-za-metal\/#breadcrumb","itemListElement":[{"@type":"ListItem","position":1,"name":"Home","item":"https:\/\/propokanpro.com\/"},{"@type":"ListItem","position":2,"name":"Termo izolacioni premaz za metal"}]},{"@type":"WebSite","@id":"https:\/\/propokanpro.com\/#website","url":"https:\/\/propokanpro.com\/","name":"PropokanPro","description":"","publisher":{"@id":"https:\/\/propokanpro.com\/#organization"},"potentialAction":[{"@type":"SearchAction","target":{"@type":"EntryPoint","urlTemplate":"https:\/\/propokanpro.com\/?s={search_term_string}"},"query-input":{"@type":"PropertyValueSpecification","valueRequired":true,"valueName":"search_term_string"}}],"inLanguage":"en-US"},{"@type":"Organization","@id":"https:\/\/propokanpro.com\/#organization","name":"AT&amp;\u0422C Propokan pro system doo","url":"https:\/\/propokanpro.com\/","logo":{"@type":"ImageObject","inLanguage":"en-US","@id":"https:\/\/propokanpro.com\/#\/schema\/logo\/image\/","url":"https:\/\/propokanpro.com\/wp-content\/uploads\/2019\/04\/cropped-miki1-e1554138477224.png","contentUrl":"https:\/\/propokanpro.com\/wp-content\/uploads\/2019\/04\/cropped-miki1-e1554138477224.png","width":200,"height":75,"caption":"Propokan Pro d.o.o."},"image":{"@id":"https:\/\/propokanpro.com\/#\/schema\/logo\/image\/"},"sameAs":["https:\/\/www.linkedin.com\/company\/propokan-pro-passive-fire-protection\/?viewAsMember=true"]}]}},"_links":{"self":[{"href":"https:\/\/propokanpro.com\/eng\/wp-json\/wp\/v2\/pages\/2183"}],"collection":[{"href":"https:\/\/propokanpro.com\/eng\/wp-json\/wp\/v2\/pages"}],"about":[{"href":"https:\/\/propokanpro.com\/eng\/wp-json\/wp\/v2\/types\/page"}],"author":[{"embeddable":true,"href":"https:\/\/propokanpro.com\/eng\/wp-json\/wp\/v2\/users\/2"}],"replies":[{"embeddable":true,"href":"https:\/\/propokanpro.com\/eng\/wp-json\/wp\/v2\/comments?post=2183"}],"version-history":[{"count":4,"href":"https:\/\/propokanpro.com\/eng\/wp-json\/wp\/v2\/pages\/2183\/revisions"}],"predecessor-version":[{"id":2642,"href":"https:\/\/propokanpro.com\/eng\/wp-json\/wp\/v2\/pages\/2183\/revisions\/2642"}],"wp:attachment":[{"href":"https:\/\/propokanpro.com\/eng\/wp-json\/wp\/v2\/media?parent=2183"}],"curies":[{"name":"wp","href":"https:\/\/api.w.org\/{rel}","templated":true}]}}