{"id":2023,"date":"2019-05-04T17:14:19","date_gmt":"2019-05-04T17:14:19","guid":{"rendered":"http:\/\/propokanpro.com\/?page_id=2023"},"modified":"2022-12-03T06:00:35","modified_gmt":"2022-12-03T06:00:35","slug":"jet-ventilatori-u-podzemnim-garazama","status":"publish","type":"page","link":"https:\/\/propokanpro.com\/eng\/jet-ventilatori-u-podzemnim-garazama\/","title":{"rendered":"Jet ventilatori u podzemnim gara\u017eama &#8211; zakonska regulativa i standardi"},"content":{"rendered":"<p class=\"has-medium-font-size\">Ventilacija Jet ventilatorima je relativno nov na\u010din ventilacije podzemnih gara\u017ea, a koja je od 30.10.2022. godine regulisana novim doma\u0107im standardom <strong>SRPS CEN\/TS 12101-11:2022<\/strong>, objavljenim 30.10.2022. godine &#8211; &#8220; Sistemi za kontrolu dima i toplote \u2013 Deo 11: Ventilacioni sistemi sa horizontalnim dotokom vazduha namenjeni za zatvorene parking gara\u017ee&#8220;.<\/p>\r\n<p class=\"has-medium-font-size\"><strong>Obavezne normativne reference<\/strong> standarda SRPS CEN\/TS 12101-11:2022 podrazumevaju me\u0111uostalom slede\u0107e standarde:<br \/>1. SRPS EN 12101-7:2012 &#8211; Sistemi za kontrolu dima i toplote &#8211; Deo 7:Kanali za odimljavanje,<br \/>2. SRPS EN 13501-4:2017 &#8211; Po\u017earna klasifikacija gra\u0111evinskih proizvoda i elemenata zgrade \u2014 Deo 4: Klasifikacija na osnovu podataka dobijenih ispitivanjem otpornosti na po\u017ear na komponentama sistema za kontrolu dima.<\/p>\r\n<p class=\"has-medium-font-size\"><strong>\u010clan 6.4<\/strong> standarda SRPS CEN\/TS 12101-11:2022 defini\u0161e <strong>obaveznu upotrebu kanala za odvod dima i toplote, uklju\u010duju\u0107i i nosa\u010de kanala<\/strong>.<br \/>Stav 6.4.1 &#8211; <strong>Kanali (uklju\u010duju\u0107i i nosa\u010de kanala)<\/strong> u podzemnim gara\u017eama moraju da zadovolje zahteve standarda SRPS EN 13501-4.<br \/>Stav 6.4.2 &#8211; <strong>Ducts<\/strong> moraju da imaju minimalnu klasifikaciju E60060 shodno SRPS EN 13501-4 ukoliko su delovi montiranih Jet ventilatora testirani shodno SRPS EN 12101-3.<br \/>Stav 6.4.3 &#8211; <strong>Kanali za odvod dima i toplote (uklju\u010duju\u0107i i nosa\u010de kanala)<\/strong> kao i prigu\u0161iva\u010di montirani izvan gara\u017ee moraju da imaju minimalnu klasifikaciju E30060 shodno SRPS EN 13501-4.<\/p>\r\n<p class=\"has-medium-font-size\">\u010clan 3.1.8 standarda SRPS CEN\/TS 12101-11:2022 defini\u0161e IZDUVNI VENTILACIONI SISTEM kao sistem koji se sastoji od ventilatora za izvla\u010denje dima, <strong>sistema kanala<\/strong>, strujnog napajanja i kontrola, za izvla\u010denje dima iz podzmenih gara\u017ea.<\/p>\r\n<p class=\"has-medium-font-size\">\u010clan 3.1.9 standarda SRPS CEN\/TS 12101-11:2022 defini\u0161e MESTO IZVLA\u010cENJA kao lokacija usisnog otvora koji vodi do ventilatora za izvla\u010denje dima, ili do <strong>kanala<\/strong> koji vodi do ventilatora za izvla\u010denje dima, kojim se uklanja dim iz podzemne gara\u017ee.<\/p>\r\n<p class=\"has-medium-font-size\">Shodno navedenom, projekti sistema ventilacije i odimljavanja podzemnih gara\u017ea moraju biti ura\u0111eni u skladu sa srpskim standardima SRPS EN 12101-7, SRPS EN 1366-9, SRPS EN 13501-4:2017 i SRPS CEN\/TS 12101-11:2022. Tako\u0111e, shodno svemu navedenom <strong>obavezno je projetkovanje kanalskog sistema za odvod dima i toplote<\/strong>.<\/p>\r\n<p class=\"has-medium-font-size\">Pre dono\u0161enja doma\u0107eg standarda ova oblast je bila regulisana poglavljima br. 8 i 9 britanskog standarda BS 7346-7:2013, do 30.10.2022. godine jedinog standarda koji daje smernice za projektovanje sistema sa Jet ventilatorima. U poglavljima br. 8 i 9, u stavovima 8.2.3 i 9.1.22, britanskog standarda BS 7346-7:2013, eksplicitno je navedeno &#8222;<strong><em>Ductwork, damper and fixing should conform to Clause 13.<\/em><\/strong>&#8222;, tj. da sistem kanala, protivpo\u017earna klapna i sistem ve\u0161anja kanala treba da budu u skadu sa poglavljem br. 13, a u kome se navodi <strong>&#8222;It is generally the case that in car park smoke and heat systems, ductwork is used with together with fans. It is necessary to ensure that the ductwork, its fixing, and any other components such us smoke dampers, perform satisfactorily at least as long as the fans in the case of fire.&#8220;<\/strong><\/p>\r\n\r\n\r\n\r\n<p class=\"has-medium-font-size\">Tako\u0111e, u britanskom propisu <em>Fire Safety Approved Document B Volume 2<\/em> definisana je primena standarda BS 7346, u kome su propisani uslovi za sisteme odvo\u0111enja dima i toplote i sprinkler sistema u podzemnim gara\u017eama, gde se u paragrafu 11.5 &#8211; Mehani\u010dka ventilacija, me\u0111uostalom navodi <strong>&#8222;The system should use E, I and S ductwork in accordance with BS EN 1366-8&#8220;<\/strong>, tj. da sistem MORA da koristi E, I i S kanale u saglasnosti sa BS EN 1366-8.<\/p>\r\n\r\n\r\n\r\n<p class=\"has-medium-font-size\">Shodno poglavljima 4, 30 i 31 Zakona o za\u0161titi od po\u017eara (&#8222;Sl. glasnik RS&#8220;, br. 111\/2009, 20\/2015, 87\/2018 i 87\/2018 &#8211; dr. zakoni), te doma\u0107im i britanskim standardima i propisima <strong>KANALSKI SISTEM U PODZEMNIM GARA\u017dAMA JE OBAVEZAN<\/strong>.<\/p>\r\n\r\n\r\n\r\n<p class=\"has-medium-font-size\">U oblasti odvo\u0111enja dima i toplote postoje objavljeni srpski standardi SRPS EN 12101-7: Sistemi za kontrolu dima i toplote &#8211; Kanali za odimljavanje, kao i SRPS EN 1366-9: Kanali za izvla\u010denje dima iz jednog po\u017earnog sektora. Pravilnikom o tehni\u010dkim zahtevima za za\u0161titu gara\u017ea za putni\u010dke automobile od po\u017eara i eksplozije (&#8222;Sl. List SCG&#8220;, broj 31\/2005) nije striktno definisano koji tip sistema sme ili ne sme da se koristi za ventilaciju i odimljavanje gara\u017ee, te je dozvoljena ventilacija podzemnih gara\u017ea Jet ventilatorima, ali uz obavezan kanalski sistem za ventilaciju i odvod dima i toplote. Ventilacija podzemnih gara\u017ea Jet ventilatorima, shodno zakonskoj regulativi ne mo\u017ee biti zamena, ve\u0107 isklju\u010divo dopuna kanalskom sistemu za odvod dima i toplote.<\/p>\r\n\r\n\r\n\r\n<p class=\"has-medium-font-size\">Ventilacija podzemnih gara\u017ea samo sa Jet ventilatorima, bez kanalskog sistema, tako\u0111e je u suprotnosti i sa \u010dlanovima 98, 99, 101 i 103 Zakona o javnim nabavkama Republike Srbije, gde se navodi da tehni\u010dke specifikacije, izve\u0161taji o ispitivanju, sertifikati i druga dokazna sredstva naru\u010denih proizvoda u javnoj nabavci, treba da budu provereni i usagla\u0161eni sa nacionalnim standardima.<\/p>\r\n\r\n\r\n\r\n<p class=\"has-medium-font-size\">Tako\u0111e, u \u010dlanu 17. Zakona o standardizaciji Republike Srbije navodi se da je primena srpskih standarda dobrovoljna, a da tehni\u010dki i drugi propisi se mogu pozivati samo na objavljene srpske standarde. Izuzetno od stava 2. ovog \u010dlana, ukoliko nema objavljenog srpskog standarda u odgovaraju\u0107oj oblasti, u tehni\u010dkom ili drugom propisu Republike Srbije mo\u017ee se vr\u0161iti pozivanje na me\u0111unarodni, evropski ili nacionalni standard drugih dr\u017eava.\u201c Zakonom o tehni\u010dkim zahtevima za proizvode i ocenjivanju usagla\u0161enosti (&#8222;Sl. glasnik RS&#8220;, br. 49\/2021) ovo nije predvi\u0111eno. Shodno stavu i razja\u0161njenju Ministarstva privrede Republike Srbije, sektora za kvalitet i bezbednost proizvoda, pozivanje na me\u0111unarodne standarde mora biti krajnje restriktivno, u izuzetnim slu\u010dajevima, jer isti su nerazumljivi svima i nedostupni.<\/p>\r\n\r\n\r\n\r\n<p class=\"has-medium-font-size\">Shodno poglavljima 4 i 30 Zakona o za\u0161titi od po\u017eara, Jet ventilatori sa svojim nose\u0107im elementima, kao i svi ostali delovi objekta moraju da o\u010duvaju nosivost konstrukcije tokom odre\u0111enog vremena, i da za utvr\u0111eno vreme ispunjavaju zahtevanu nosivost (R) i\/ili integritet (E) i\/ili toplotnu izolaciju (I) i\/ili drugo o\u010dekivano svojstvo, kako je propisano standardima o ispitivanju i klasifikaciji otpornosti na po\u017ear. Jet ventilatori sa svojim nose\u0107im elementima ne ispunjavaju navedenu zakonsku regulativu jer nose\u0107i elementi, tj. nosa\u010di Jet ventilatora, nisu ispitani, ve\u0107 samo Jet ventilatori. Shodno stavu 2 poglavlja 30 Zakona o za\u0161titi od po\u017eara, Osnovni zahtevi za\u0161tite od po\u017eara prilikom projektovanja i izgradnje, prilikom projektovanja i izgradnje objekta, koji se gradi prema zakonu koji ure\u0111uje oblast planiranja i izgradnje, moraju se obezbediti osnovni zahtevi za\u0161tite od po\u017eara tako da se u slu\u010daju po\u017eara, <strong>tj. primena doma\u0107ih posebnih propisa i standarda je obavezna<\/strong>.<\/p>\r\n\r\n\r\n\r\n<p class=\"has-medium-font-size\">Proizvo\u0111a\u010di Jet ventilatora tvrde da su njihovi sistemi ventilacije veoma efikasni u pore\u0111enju sa kanalskim sistemima za ventilaciju i odvod dima u podzemnim gara\u017eama. Na ovu temu je ura\u0111eno vi\u0161e akademskih analiza, koje pokazuju da sistemi ventilacije sa Jet ventilatorima imaju ozbiljnih nedostataka. \u010cak i sami proizvo\u0111a\u010di Jet ventilatora ukazuju na probleme bezbednosti podzemnih gara\u017ea u slu\u010daju kombinacije Jet sistema sa sistemom prskalica.<\/p>\r\n\r\n\r\n\r\n<p class=\"has-medium-font-size\">&#8222;Ka\u0161njenje u pokretanju Jet ventilatora od 5-7 min nakon detekcije po\u017eara bilo bi po\u017eeljno iz dva razloga:<\/p>\r\n\r\n\r\n\r\n<p class=\"has-medium-font-size\">\u2022 Odlaganje aktiviranja Jet ventilatora pru\u017ea najbolje uslove za evakuaciju uzvodno i nizvodno od po\u017eara;<\/p>\r\n\r\n\r\n\r\n<p class=\"has-medium-font-size\">\u2022 Odlaganjem aktiviranja Jet ventilatora mo\u017ee se izbe\u0107i izazivanje ka\u0161njenja u aktiviranju prskalica u podru\u010djima u blizini sedi\u0161ta vatre.&#8220;<\/p>\r\n\r\n\r\n\r\n<h6 class=\"wp-block-heading\">Preuzeto sa sajta proizvo\u0111a\u010da Jet Fan ventilatora: https:\/\/www.novenco-building.com\/<\/h6>\r\n\r\n\r\n\r\n<p>&nbsp;<\/p>\r\n\r\n\r\n\r\n<figure class=\"wp-block-embed-youtube wp-block-embed is-type-video is-provider-youtube wp-embed-aspect-4-3 wp-has-aspect-ratio\">\r\n<div class=\"wp-block-embed__wrapper\">https:\/\/www.youtube.com\/watch?v=jMko67wvqY8<\/div>\r\n<figcaption><br \/>Comparison of Ducting and Ductless Ventilation system for Car parks &#8211; Smoke Contours<\/figcaption>\r\n<\/figure>\r\n\r\n\r\n\r\n<p class=\"has-medium-font-size\">1.Kako je pokazala analiza pojednostavljenog uzorka, sistem samo sa Jet ventilatorima nije prikladan za podzemne gara\u017ee sa pregradnim zidovima. Samo konvencionalni sistem od kanala za ventilaciju i odvod dima ne zavisi od pregradnih zidova. Ako je potrebno, svi ventilacioni sistemi mogu biti deo aktivnog sistema za\u0161tite od po\u017eara. Glavni zadaci sistema za odvod dima su sigurnost \u017eivota i smanjenje \u0161tete na zgradi u slu\u010daju po\u017eara. Du\u017ee izlaganje pregradnih zidova i plafona vru\u0107im gasovima mo\u017ee izazvati ru\u0161enje betona i opasne uslove za vatrogasce. Stoga bi trebalo razmotriti izbor Jet ventilacionog sistema kao mehani\u010dkog sistema za ventilaciju u podzemnim gara\u017eama sa pregradnim zidovima.<\/p>\r\n\r\n\r\n\r\n<h6 class=\"wp-block-heading\">Taken from the document: <a href=\"http:\/\/propokanpro.com\/wp-content\/uploads\/2019\/05\/Analysis-of-Jet-Fan-Ventilation-System-installed-in-an-Underground-Car-Park-with-Partition-Walls.pdf\">http:\/\/propokanpro.com\/wp-content\/uploads\/2019\/05\/Analysis-of-Jet-Fan-Ventilation-System-installed-in-an-Underground-Car-Park-with-Partition-Walls.pdf<\/a><\/h6>\r\n\r\n\r\n\r\n<p class=\"has-medium-font-size\">2. Rezultati su pokazali da ventilacioni sistem za ga\u0161enje po\u017eara nije bio u stanju da dovoljno provetri podzemnu gara\u017eu kada su izduvna okna postavljena u oba dela gara\u017ee, a Jet ventilatori su bili usmereni na odgovaraju\u0107a okna. \u010cak 575 sekundi nakon \u0161to je po\u017ear uga\u0161en, gara\u017ea je jo\u0161 uvek znatno bila zaga\u0111ena. Preme\u0161tanje oba izduvna okna na stranu nasuprot glavnom dovodu vazduha rezultiralo je velikom koli\u010dinom sve\u017eeg vazduha koji se \u0161irio kroz celu gara\u017eu. Shodno tome, gara\u017ea je bila dobro provetrena, putevi za evakuaciju su bili bez dima, a zaga\u0111enje je bilo eliminisano za manje od 600 sekundi nakon \u0161to je po\u017ear uga\u0161en. Simulacije su pokazale da je pravilna lokacija elemenata ventilacionog sistema klju\u010dna za postizanje visoke efikasnosti sistema za ventilaciju po\u017eara sa Jet ventilatorima. Iako je stopa promene vazduha zaista va\u017ean parametar za razmatranje, smanjenje intenziteta ventilacije sa 15 na 10 stopa promene vazduha po satu, u ovom istra\u017eivanju imalo bi samo sekundarni efekat na efikasnost Jet sistema za ventilaciju po\u017eara.<\/p>\r\n\r\n\r\n\r\n<h6 class=\"wp-block-heading\">Taken from the document: <a href=\"http:\/\/propokanpro.com\/wp-content\/uploads\/2019\/05\/Designing-Jet-Fan-Ventilation-for-an-Underground-Car-Park-by-CFD-simulation.pdf\">http:\/\/propokanpro.com\/wp-content\/uploads\/2019\/05\/Designing-Jet-Fan-Ventilation-for-an-Underground-Car-Park-by-CFD-simulation.pdf<\/a><\/h6>\r\n\r\n\r\n\r\n<p class=\"has-medium-font-size\">3. U CFD analizi uvek postoje gre\u0161ke. Va\u017eno je poznavati izvore tih gre\u0161aka i preduzeti odgovaraju\u0107e mere opreza. Glavni izvor gre\u0161ke za CFD analizu je odabrana numeri\u010dka metoda za re\u0161avanje Navier-Stokesovih jedna\u010dina. Neke od numeri\u010dkih tehnika koje se koriste u CFD-u su Finite metode razlika, Finite metode elemenata i Finite metode zapremine. Jedan FLUENT se koristi u Finite metodi zapremine i izvor gre\u0161ke nastaje kada se diskretizuju transportne jedna\u010dine. Napravljene su interpolacije da bi se prona\u0161le vrednosti na licima \u0107elija, dok se sve informacije \u010duvaju u \u0107elijskim centrima. Ovo je glavna aproksimacija metode kona\u010dne zapremine.<\/p>\r\n\r\n\r\n\r\n<h6 class=\"wp-block-heading\">Taken from the document: <a href=\"http:\/\/propokanpro.com\/wp-content\/uploads\/2019\/05\/DESIGN-AND-ANALYSIS-OF-SMOKE-AND-FIRE-IN-ENCLOSED-SPACES-USING-CFD.pdf\">http:\/\/propokanpro.com\/wp-content\/uploads\/2019\/05\/DESIGN-AND-ANALYSIS-OF-SMOKE-AND-FIRE-IN-ENCLOSED-SPACES-USING-CFD.pdf<\/a><\/h6>\r\n\r\n\r\n\r\n<p>&nbsp;<\/p>","protected":false},"excerpt":{"rendered":"<p>Ventilacija Jet ventilatorima je relativno nov na\u010din ventilacije podzemnih gara\u017ea, a koja je od 30.10.2022. godine regulisana novim&#8230; <a class=\"excerpt-read-more\" href=\"https:\/\/propokanpro.com\/eng\/jet-ventilatori-u-podzemnim-garazama\/\"><span>Read More<\/span><\/a><\/p>","protected":false},"author":2,"featured_media":0,"parent":0,"menu_order":0,"comment_status":"closed","ping_status":"closed","template":"","meta":{"footnotes":""},"yoast_head":"<!-- This site is optimized with the Yoast SEO plugin v23.5 - https:\/\/yoast.com\/wordpress\/plugins\/seo\/ -->\n<title>Jet ventilatori u podzemnim gara\u017eama - zakonska regulativa i standardi - PropokanPro<\/title>\n<meta name=\"robots\" content=\"index, follow, max-snippet:-1, max-image-preview:large, max-video-preview:-1\" \/>\n<link rel=\"canonical\" href=\"https:\/\/propokanpro.com\/eng\/jet-ventilatori-u-podzemnim-garazama\/\" \/>\n<meta property=\"og:locale\" content=\"en_US\" \/>\n<meta property=\"og:type\" content=\"article\" \/>\n<meta property=\"og:title\" content=\"Jet ventilatori u podzemnim gara\u017eama - zakonska regulativa i standardi - PropokanPro\" \/>\n<meta property=\"og:description\" content=\"Ventilacija Jet ventilatorima je relativno nov na\u010din ventilacije podzemnih gara\u017ea, a koja je od 30.10.2022. godine regulisana novim... Read More\" \/>\n<meta property=\"og:url\" content=\"https:\/\/propokanpro.com\/eng\/jet-ventilatori-u-podzemnim-garazama\/\" \/>\n<meta property=\"og:site_name\" content=\"PropokanPro\" \/>\n<meta property=\"article:modified_time\" content=\"2022-12-03T06:00:35+00:00\" \/>\n<meta name=\"twitter:card\" content=\"summary_large_image\" \/>\n<meta name=\"twitter:label1\" content=\"Est. reading time\" \/>\n\t<meta name=\"twitter:data1\" content=\"9 minutes\" \/>\n<script type=\"application\/ld+json\" class=\"yoast-schema-graph\">{\"@context\":\"https:\/\/schema.org\",\"@graph\":[{\"@type\":\"WebPage\",\"@id\":\"https:\/\/propokanpro.com\/jet-ventilatori-u-podzemnim-garazama\/\",\"url\":\"https:\/\/propokanpro.com\/jet-ventilatori-u-podzemnim-garazama\/\",\"name\":\"Jet ventilatori u podzemnim gara\u017eama - zakonska regulativa i standardi - PropokanPro\",\"isPartOf\":{\"@id\":\"https:\/\/propokanpro.com\/#website\"},\"datePublished\":\"2019-05-04T17:14:19+00:00\",\"dateModified\":\"2022-12-03T06:00:35+00:00\",\"breadcrumb\":{\"@id\":\"https:\/\/propokanpro.com\/jet-ventilatori-u-podzemnim-garazama\/#breadcrumb\"},\"inLanguage\":\"en-US\",\"potentialAction\":[{\"@type\":\"ReadAction\",\"target\":[\"https:\/\/propokanpro.com\/jet-ventilatori-u-podzemnim-garazama\/\"]}]},{\"@type\":\"BreadcrumbList\",\"@id\":\"https:\/\/propokanpro.com\/jet-ventilatori-u-podzemnim-garazama\/#breadcrumb\",\"itemListElement\":[{\"@type\":\"ListItem\",\"position\":1,\"name\":\"Home\",\"item\":\"https:\/\/propokanpro.com\/\"},{\"@type\":\"ListItem\",\"position\":2,\"name\":\"Jet ventilatori u podzemnim gara\u017eama \u2013 zakonska regulativa i standardi\"}]},{\"@type\":\"WebSite\",\"@id\":\"https:\/\/propokanpro.com\/#website\",\"url\":\"https:\/\/propokanpro.com\/\",\"name\":\"PropokanPro\",\"description\":\"\",\"publisher\":{\"@id\":\"https:\/\/propokanpro.com\/#organization\"},\"potentialAction\":[{\"@type\":\"SearchAction\",\"target\":{\"@type\":\"EntryPoint\",\"urlTemplate\":\"https:\/\/propokanpro.com\/?s={search_term_string}\"},\"query-input\":{\"@type\":\"PropertyValueSpecification\",\"valueRequired\":true,\"valueName\":\"search_term_string\"}}],\"inLanguage\":\"en-US\"},{\"@type\":\"Organization\",\"@id\":\"https:\/\/propokanpro.com\/#organization\",\"name\":\"Propokan Pro d.o.o.\",\"url\":\"https:\/\/propokanpro.com\/\",\"logo\":{\"@type\":\"ImageObject\",\"inLanguage\":\"en-US\",\"@id\":\"https:\/\/propokanpro.com\/#\/schema\/logo\/image\/\",\"url\":\"https:\/\/propokanpro.com\/wp-content\/uploads\/2019\/04\/cropped-miki1-e1554138477224.png\",\"contentUrl\":\"https:\/\/propokanpro.com\/wp-content\/uploads\/2019\/04\/cropped-miki1-e1554138477224.png\",\"width\":200,\"height\":75,\"caption\":\"Propokan Pro d.o.o.\"},\"image\":{\"@id\":\"https:\/\/propokanpro.com\/#\/schema\/logo\/image\/\"},\"sameAs\":[\"https:\/\/www.linkedin.com\/company\/propokan-pro-passive-fire-protection\/?viewAsMember=true\"]}]}<\/script>\n<!-- \/ Yoast SEO plugin. -->","yoast_head_json":{"title":"Jet ventilatori u podzemnim gara\u017eama - zakonska regulativa i standardi - PropokanPro","robots":{"index":"index","follow":"follow","max-snippet":"max-snippet:-1","max-image-preview":"max-image-preview:large","max-video-preview":"max-video-preview:-1"},"canonical":"https:\/\/propokanpro.com\/eng\/jet-ventilatori-u-podzemnim-garazama\/","og_locale":"en_US","og_type":"article","og_title":"Jet ventilatori u podzemnim gara\u017eama - zakonska regulativa i standardi - PropokanPro","og_description":"Ventilacija Jet ventilatorima je relativno nov na\u010din ventilacije podzemnih gara\u017ea, a koja je od 30.10.2022. godine regulisana novim... Read More","og_url":"https:\/\/propokanpro.com\/eng\/jet-ventilatori-u-podzemnim-garazama\/","og_site_name":"PropokanPro","article_modified_time":"2022-12-03T06:00:35+00:00","twitter_card":"summary_large_image","twitter_misc":{"Est. reading time":"9 minutes"},"schema":{"@context":"https:\/\/schema.org","@graph":[{"@type":"WebPage","@id":"https:\/\/propokanpro.com\/jet-ventilatori-u-podzemnim-garazama\/","url":"https:\/\/propokanpro.com\/jet-ventilatori-u-podzemnim-garazama\/","name":"Jet ventilatori u podzemnim gara\u017eama - zakonska regulativa i standardi - PropokanPro","isPartOf":{"@id":"https:\/\/propokanpro.com\/#website"},"datePublished":"2019-05-04T17:14:19+00:00","dateModified":"2022-12-03T06:00:35+00:00","breadcrumb":{"@id":"https:\/\/propokanpro.com\/jet-ventilatori-u-podzemnim-garazama\/#breadcrumb"},"inLanguage":"en-US","potentialAction":[{"@type":"ReadAction","target":["https:\/\/propokanpro.com\/jet-ventilatori-u-podzemnim-garazama\/"]}]},{"@type":"BreadcrumbList","@id":"https:\/\/propokanpro.com\/jet-ventilatori-u-podzemnim-garazama\/#breadcrumb","itemListElement":[{"@type":"ListItem","position":1,"name":"Home","item":"https:\/\/propokanpro.com\/"},{"@type":"ListItem","position":2,"name":"Jet ventilatori u podzemnim gara\u017eama \u2013 zakonska regulativa i standardi"}]},{"@type":"WebSite","@id":"https:\/\/propokanpro.com\/#website","url":"https:\/\/propokanpro.com\/","name":"PropokanPro","description":"","publisher":{"@id":"https:\/\/propokanpro.com\/#organization"},"potentialAction":[{"@type":"SearchAction","target":{"@type":"EntryPoint","urlTemplate":"https:\/\/propokanpro.com\/?s={search_term_string}"},"query-input":{"@type":"PropertyValueSpecification","valueRequired":true,"valueName":"search_term_string"}}],"inLanguage":"en-US"},{"@type":"Organization","@id":"https:\/\/propokanpro.com\/#organization","name":"AT&amp;\u0422C Propokan pro system doo","url":"https:\/\/propokanpro.com\/","logo":{"@type":"ImageObject","inLanguage":"en-US","@id":"https:\/\/propokanpro.com\/#\/schema\/logo\/image\/","url":"https:\/\/propokanpro.com\/wp-content\/uploads\/2019\/04\/cropped-miki1-e1554138477224.png","contentUrl":"https:\/\/propokanpro.com\/wp-content\/uploads\/2019\/04\/cropped-miki1-e1554138477224.png","width":200,"height":75,"caption":"Propokan Pro d.o.o."},"image":{"@id":"https:\/\/propokanpro.com\/#\/schema\/logo\/image\/"},"sameAs":["https:\/\/www.linkedin.com\/company\/propokan-pro-passive-fire-protection\/?viewAsMember=true"]}]}},"_links":{"self":[{"href":"https:\/\/propokanpro.com\/eng\/wp-json\/wp\/v2\/pages\/2023"}],"collection":[{"href":"https:\/\/propokanpro.com\/eng\/wp-json\/wp\/v2\/pages"}],"about":[{"href":"https:\/\/propokanpro.com\/eng\/wp-json\/wp\/v2\/types\/page"}],"author":[{"embeddable":true,"href":"https:\/\/propokanpro.com\/eng\/wp-json\/wp\/v2\/users\/2"}],"replies":[{"embeddable":true,"href":"https:\/\/propokanpro.com\/eng\/wp-json\/wp\/v2\/comments?post=2023"}],"version-history":[{"count":30,"href":"https:\/\/propokanpro.com\/eng\/wp-json\/wp\/v2\/pages\/2023\/revisions"}],"predecessor-version":[{"id":2885,"href":"https:\/\/propokanpro.com\/eng\/wp-json\/wp\/v2\/pages\/2023\/revisions\/2885"}],"wp:attachment":[{"href":"https:\/\/propokanpro.com\/eng\/wp-json\/wp\/v2\/media?parent=2023"}],"curies":[{"name":"wp","href":"https:\/\/api.w.org\/{rel}","templated":true}]}}