{"id":1670,"date":"2019-04-08T09:44:57","date_gmt":"2019-04-08T09:44:57","guid":{"rendered":"http:\/\/propokanpro.com\/?page_id=1670"},"modified":"2020-10-21T14:57:15","modified_gmt":"2020-10-21T14:57:15","slug":"propokan-tehnicko-resenje","status":"publish","type":"page","link":"https:\/\/propokanpro.com\/eng\/propokan-tehnicko-resenje\/","title":{"rendered":"Propokan Pro System \u2013 Technical Solution"},"content":{"rendered":"\n<p>Protivpo\u017earni sistem ventilacije i odvoda dima i toplote je dizajniran da prenosi dim, vrele gasove i plamen iz oblasti u oblast, i da dovodi sve\u017e vazduh u podru\u010dje po\u017eara. Iz tog razloga neophodno je obezbediti protivpo\u017earnu za\u0161titu ovih sistema za bezbednost \u017eivota i naravno za\u0161titu objekata i imovine.<\/p>\n\n\n\n<p>Evropski i doma\u0107i standardi (SRPS) EN 1366-1 i (SRPS) EN 1366-9 imaju za cilj propisivanje minimalnih uslova kojima se namerava:&nbsp;&nbsp;&nbsp;<\/p>\n\n\n\n<ul><li>Ograni\u010denje \u0161irenja dima kroz sistem kanala u objektu u toku po\u017eara&nbsp;&nbsp;<\/li><li>Ograni\u010denje \u0161irenja vatre kroz kanalne sisteme u objektu u toku po\u017eara<\/li><li>Omogu\u0107avanje dotoka sve\u017eeg vazduha u objekat u toku evakuacije&nbsp;&nbsp;&nbsp;<\/li><li>Omogu\u0107avanje da se sistem vazdu\u0161nih kanala u zgradi, objektu koristi za dodatnu svrhu kontrole dima&nbsp;&nbsp;&nbsp;&nbsp;<\/li><\/ul>\n\n\n\n<p>Propokan sistem protivpo\u017earne za\u0161tite ventilacionih i dimovodnih kanala namenjenih za dovod i za izvla\u010denje dima, obezbe\u0111uje odr\u017eavanje njihovog integriteta i popre\u010dnog preseka unutar po\u017earnog sektora, kako bi se omogu\u0107io maksimalni protok dima koji se mo\u017ee odvesti sa mesta po\u017eara.<\/p>\n\n\n\n<p>Propokan sistem nudi&nbsp; konsultantima, projektantima i izvo\u0111a\u010dima radova, efikasan na\u010din za\u0161tite kanala za odvod dima i ventilaciju. Pru\u017ea otpornost na po\u017ear od 120 minuta uz upotrebu lokalno proizvedenih pocinkovanih kanala (pravougaonog i kru\u017enog popre\u010dnog preseka) za\u0161ti\u0107enog protivpo\u017earnim premazom. Sistem je testiran u ILAC i MRA akreditovanoj &nbsp;laboratoriji FIRES u skladu sa me\u0111unarodnim standardima EN 1366-1, EN 1366-9 i EN 13501-4, a primena na teritoriji Srbije odobrena je od strane nadle\u017enog Ministarstva.<\/p>\n\n\n\n<p>Primena:&nbsp;&nbsp;&nbsp;&nbsp;<\/p>\n\n\n\n<ul><li>Sistemi za odvod dima i toplote\u00a0\u00a0\u00a0\u00a0<\/li><li>Kuhinjski sistemi za izvla\u010denje dima\u00a0\u00a0<\/li><li>Sistemi za izjedna\u010davanje pritiska \u00a0\u00a0\u00a0\u00a0\u00a0<\/li><li>Sistemi ventilacije<\/li><\/ul>\n\n\n\n<p>PROPOKAN za\u0161tita ekspandiraju\u0107im premazima nudi brojne prednosti u odnosu na druge sisteme protivpo\u017earne za\u0161tite, a posebno je zna\u010dajno da se radi o ekolo\u0161ki prihvatljivom sistemu baziranom na materijalima kojima se ne zaga\u0111uje ve\u0107 se njima \u0161titi \u017eivotna sredina HCFC. Primenom ovog sistema protivpo\u017earne za\u0161tite obezbe\u0111uje se standardizovana izrada i monta\u017ea kanala za odimljavanje po DW 144, obezbe\u0111uje se za\u0161tita nosa\u010da kanala na kojima se nalazi optere\u0107enje \u0161to se ne posti\u017ee sa ostalim sistemima za\u0161tite. Najbitnije je u slu\u010daju po\u017eara da kanali zadr\u017ee svoj<strong>\u00a0INTEGRITET<\/strong>\u00a0i\u00a0<strong>STABILNOST<\/strong>\u00a0kako bi omogu\u0107ili nesmetan protok dima, te time opravdali svoju funkciju, \u0161ta se u potpunosti posti\u017ee ovim sistemom za\u0161tite.\u00a0Protivpo\u017earni, ekspandiraju\u0107i premazi su vodorazredivi, njihovo nano\u0161enje je brzo i bezopasno\u00a0po ljude i okolinu, a rezultati za\u0161tite su izuzetno efikasni. Za razliku od ostalih sistema protivpo\u017earne za\u0161tite, ovim sistemom se za mnogo kra\u0107e vreme i uz u\u0161tedu prostora i finansijskih sredstava posti\u017eu delotvorniji rezultati. PROPOKAN SISTEM za\u0161tite\u00a0garantuje 120 minuta\u00a0za\u0161tite\u00a0u slu\u010daju po\u017eara.\u00a0Njime se\u00a0obezbe\u0111uje u\u0161teda\u00a0prostora jer ne smanjuje nivo gara\u017ee, niti se optere\u0107uje konstrukcija kanala, pa se samim tim ne pove\u0107ava kvadratura za\u0161tite. Vizuelno je privla\u010dniji jer je mogu\u0107 RAL, odnosno mogu\u0107e je nano\u0161enje zavr\u0161ne boje po izboru investitora. Ovaj sistem za\u0161tite \u0161tedi vreme izvo\u0111enja radova koje je za 60 do70% kra\u0107e u odnosu na druge sisteme za\u0161tite.\u00a0<strong>I na kraju, ali nikako poslednje po zna\u010daju, cena ovog sistema za\u0161tite je ni\u017ea u odnosu na ostale sisteme protivpo\u017earne za\u0161tite.<\/strong><\/p>\n\n\n\n<p>[vc_row][vc_column]<div class=\"share-options align-left\"><h6>Podelite:<\/h6><a href=\"\" class=\"twitter-sharer\" onClick=\"twitterSharer()\"><i class=\"fa fa-twitter\"><\/i><\/a><a href=\"\" class=\"facebook-sharer\" onClick=\"facebookSharer()\"><i class=\"fa fa-facebook\"><\/i><\/a><a href=\"\" class=\"pinterest-sharer\" onClick=\"pinterestSharer()\"><i class=\"fa fa-pinterest\"><\/i><\/a><a href=\"\" class=\"google-sharer\" onClick=\"googleSharer()\"><i class=\"fa fa-google-plus\"><\/i><\/a><a href=\"\" class=\"delicious-sharer\" onClick=\"deliciousSharer()\"><i class=\"fa fa-share\"><\/i><\/a><a href=\"\" class=\"linkedin-sharer\" onClick=\"linkedinSharer()\"><i class=\"fa fa-linkedin\"><\/i><\/a><\/div><p><\/p>[\/vc_column][\/vc_row]<\/p>\n","protected":false},"excerpt":{"rendered":"<p>Protivpo\u017earni sistem ventilacije i odvoda dima i toplote je dizajniran da prenosi dim, vrele gasove i plamen iz&#8230; <a class=\"excerpt-read-more\" href=\"https:\/\/propokanpro.com\/eng\/propokan-tehnicko-resenje\/\"><span>Read More<\/span><\/a><\/p>","protected":false},"author":1,"featured_media":0,"parent":0,"menu_order":0,"comment_status":"closed","ping_status":"closed","template":"","meta":{"footnotes":""},"yoast_head":"<!-- This site is optimized with the Yoast SEO plugin v23.5 - https:\/\/yoast.com\/wordpress\/plugins\/seo\/ -->\n<title>Propokan sistem \u2013 tehni\u010dko re\u0161enje - PropokanPro<\/title>\n<meta name=\"robots\" content=\"index, follow, max-snippet:-1, max-image-preview:large, max-video-preview:-1\" \/>\n<link rel=\"canonical\" href=\"https:\/\/propokanpro.com\/eng\/propokan-tehnicko-resenje\/\" \/>\n<meta property=\"og:locale\" content=\"en_US\" \/>\n<meta property=\"og:type\" content=\"article\" \/>\n<meta property=\"og:title\" content=\"Propokan sistem \u2013 tehni\u010dko re\u0161enje - PropokanPro\" \/>\n<meta property=\"og:description\" content=\"Protivpo\u017earni sistem ventilacije i odvoda dima i toplote je dizajniran da prenosi dim, vrele gasove i plamen iz... Read More\" \/>\n<meta property=\"og:url\" content=\"https:\/\/propokanpro.com\/eng\/propokan-tehnicko-resenje\/\" \/>\n<meta property=\"og:site_name\" content=\"PropokanPro\" \/>\n<meta property=\"article:modified_time\" content=\"2020-10-21T14:57:15+00:00\" \/>\n<meta name=\"twitter:card\" content=\"summary_large_image\" \/>\n<meta name=\"twitter:label1\" content=\"Est. reading time\" \/>\n\t<meta name=\"twitter:data1\" content=\"3 minutes\" \/>\n<script type=\"application\/ld+json\" class=\"yoast-schema-graph\">{\"@context\":\"https:\/\/schema.org\",\"@graph\":[{\"@type\":\"WebPage\",\"@id\":\"https:\/\/propokanpro.com\/eng\/propokan-tehnicko-resenje\/\",\"url\":\"https:\/\/propokanpro.com\/eng\/propokan-tehnicko-resenje\/\",\"name\":\"Propokan sistem \u2013 tehni\u010dko re\u0161enje - PropokanPro\",\"isPartOf\":{\"@id\":\"https:\/\/propokanpro.com\/#website\"},\"datePublished\":\"2019-04-08T09:44:57+00:00\",\"dateModified\":\"2020-10-21T14:57:15+00:00\",\"breadcrumb\":{\"@id\":\"https:\/\/propokanpro.com\/eng\/propokan-tehnicko-resenje\/#breadcrumb\"},\"inLanguage\":\"en-US\",\"potentialAction\":[{\"@type\":\"ReadAction\",\"target\":[\"https:\/\/propokanpro.com\/eng\/propokan-tehnicko-resenje\/\"]}]},{\"@type\":\"BreadcrumbList\",\"@id\":\"https:\/\/propokanpro.com\/eng\/propokan-tehnicko-resenje\/#breadcrumb\",\"itemListElement\":[{\"@type\":\"ListItem\",\"position\":1,\"name\":\"Home\",\"item\":\"https:\/\/propokanpro.com\/\"},{\"@type\":\"ListItem\",\"position\":2,\"name\":\"Propokan sistem \u2013 tehni\u010dko re\u0161enje\"}]},{\"@type\":\"WebSite\",\"@id\":\"https:\/\/propokanpro.com\/#website\",\"url\":\"https:\/\/propokanpro.com\/\",\"name\":\"PropokanPro\",\"description\":\"\",\"publisher\":{\"@id\":\"https:\/\/propokanpro.com\/#organization\"},\"potentialAction\":[{\"@type\":\"SearchAction\",\"target\":{\"@type\":\"EntryPoint\",\"urlTemplate\":\"https:\/\/propokanpro.com\/?s={search_term_string}\"},\"query-input\":{\"@type\":\"PropertyValueSpecification\",\"valueRequired\":true,\"valueName\":\"search_term_string\"}}],\"inLanguage\":\"en-US\"},{\"@type\":\"Organization\",\"@id\":\"https:\/\/propokanpro.com\/#organization\",\"name\":\"Propokan Pro d.o.o.\",\"url\":\"https:\/\/propokanpro.com\/\",\"logo\":{\"@type\":\"ImageObject\",\"inLanguage\":\"en-US\",\"@id\":\"https:\/\/propokanpro.com\/#\/schema\/logo\/image\/\",\"url\":\"https:\/\/propokanpro.com\/wp-content\/uploads\/2019\/04\/cropped-miki1-e1554138477224.png\",\"contentUrl\":\"https:\/\/propokanpro.com\/wp-content\/uploads\/2019\/04\/cropped-miki1-e1554138477224.png\",\"width\":200,\"height\":75,\"caption\":\"Propokan Pro d.o.o.\"},\"image\":{\"@id\":\"https:\/\/propokanpro.com\/#\/schema\/logo\/image\/\"},\"sameAs\":[\"https:\/\/www.linkedin.com\/company\/propokan-pro-passive-fire-protection\/?viewAsMember=true\"]}]}<\/script>\n<!-- \/ Yoast SEO plugin. -->","yoast_head_json":{"title":"Propokan sistem \u2013 tehni\u010dko re\u0161enje - PropokanPro","robots":{"index":"index","follow":"follow","max-snippet":"max-snippet:-1","max-image-preview":"max-image-preview:large","max-video-preview":"max-video-preview:-1"},"canonical":"https:\/\/propokanpro.com\/eng\/propokan-tehnicko-resenje\/","og_locale":"en_US","og_type":"article","og_title":"Propokan sistem \u2013 tehni\u010dko re\u0161enje - PropokanPro","og_description":"Protivpo\u017earni sistem ventilacije i odvoda dima i toplote je dizajniran da prenosi dim, vrele gasove i plamen iz... Read More","og_url":"https:\/\/propokanpro.com\/eng\/propokan-tehnicko-resenje\/","og_site_name":"PropokanPro","article_modified_time":"2020-10-21T14:57:15+00:00","twitter_card":"summary_large_image","twitter_misc":{"Est. reading time":"3 minutes"},"schema":{"@context":"https:\/\/schema.org","@graph":[{"@type":"WebPage","@id":"https:\/\/propokanpro.com\/eng\/propokan-tehnicko-resenje\/","url":"https:\/\/propokanpro.com\/eng\/propokan-tehnicko-resenje\/","name":"Propokan sistem \u2013 tehni\u010dko re\u0161enje - PropokanPro","isPartOf":{"@id":"https:\/\/propokanpro.com\/#website"},"datePublished":"2019-04-08T09:44:57+00:00","dateModified":"2020-10-21T14:57:15+00:00","breadcrumb":{"@id":"https:\/\/propokanpro.com\/eng\/propokan-tehnicko-resenje\/#breadcrumb"},"inLanguage":"en-US","potentialAction":[{"@type":"ReadAction","target":["https:\/\/propokanpro.com\/eng\/propokan-tehnicko-resenje\/"]}]},{"@type":"BreadcrumbList","@id":"https:\/\/propokanpro.com\/eng\/propokan-tehnicko-resenje\/#breadcrumb","itemListElement":[{"@type":"ListItem","position":1,"name":"Home","item":"https:\/\/propokanpro.com\/"},{"@type":"ListItem","position":2,"name":"Propokan sistem \u2013 tehni\u010dko re\u0161enje"}]},{"@type":"WebSite","@id":"https:\/\/propokanpro.com\/#website","url":"https:\/\/propokanpro.com\/","name":"PropokanPro","description":"","publisher":{"@id":"https:\/\/propokanpro.com\/#organization"},"potentialAction":[{"@type":"SearchAction","target":{"@type":"EntryPoint","urlTemplate":"https:\/\/propokanpro.com\/?s={search_term_string}"},"query-input":{"@type":"PropertyValueSpecification","valueRequired":true,"valueName":"search_term_string"}}],"inLanguage":"en-US"},{"@type":"Organization","@id":"https:\/\/propokanpro.com\/#organization","name":"AT&amp;\u0422C Propokan pro system doo","url":"https:\/\/propokanpro.com\/","logo":{"@type":"ImageObject","inLanguage":"en-US","@id":"https:\/\/propokanpro.com\/#\/schema\/logo\/image\/","url":"https:\/\/propokanpro.com\/wp-content\/uploads\/2019\/04\/cropped-miki1-e1554138477224.png","contentUrl":"https:\/\/propokanpro.com\/wp-content\/uploads\/2019\/04\/cropped-miki1-e1554138477224.png","width":200,"height":75,"caption":"Propokan Pro d.o.o."},"image":{"@id":"https:\/\/propokanpro.com\/#\/schema\/logo\/image\/"},"sameAs":["https:\/\/www.linkedin.com\/company\/propokan-pro-passive-fire-protection\/?viewAsMember=true"]}]}},"_links":{"self":[{"href":"https:\/\/propokanpro.com\/eng\/wp-json\/wp\/v2\/pages\/1670"}],"collection":[{"href":"https:\/\/propokanpro.com\/eng\/wp-json\/wp\/v2\/pages"}],"about":[{"href":"https:\/\/propokanpro.com\/eng\/wp-json\/wp\/v2\/types\/page"}],"author":[{"embeddable":true,"href":"https:\/\/propokanpro.com\/eng\/wp-json\/wp\/v2\/users\/1"}],"replies":[{"embeddable":true,"href":"https:\/\/propokanpro.com\/eng\/wp-json\/wp\/v2\/comments?post=1670"}],"version-history":[{"count":5,"href":"https:\/\/propokanpro.com\/eng\/wp-json\/wp\/v2\/pages\/1670\/revisions"}],"predecessor-version":[{"id":2548,"href":"https:\/\/propokanpro.com\/eng\/wp-json\/wp\/v2\/pages\/1670\/revisions\/2548"}],"wp:attachment":[{"href":"https:\/\/propokanpro.com\/eng\/wp-json\/wp\/v2\/media?parent=1670"}],"curies":[{"name":"wp","href":"https:\/\/api.w.org\/{rel}","templated":true}]}}