{"id":1531,"date":"2019-04-05T10:17:32","date_gmt":"2019-04-05T10:17:32","guid":{"rendered":"http:\/\/propokanpro.com\/?page_id=1531"},"modified":"2023-01-31T14:05:42","modified_gmt":"2023-01-31T14:05:42","slug":"politika-privatnosti","status":"publish","type":"page","link":"https:\/\/propokanpro.com\/eng\/politika-privatnosti\/","title":{"rendered":"PRIVACY POLICY"},"content":{"rendered":"<p>Pristupom ovoj veb stranici posetilac prihvata ova pravila, tako\r\nda je potrebno da ih prethodno pro\u010dita pre kori\u0161\u0107enja iste. U slu\u010daju da nije\r\nsaglasan sa sadr\u017einom ovih pravila, potrebno je da odmah napusti ovu internet\r\nprezentaciju.<\/p>\r\n\r\n\r\n\r\n<p>Ova veb stranica i svi tekstovi, slike, grafi\u010dki, audio i video\r\nmaterijal i druga dela u skladu sa Zakonom o autorskom i srodnim pravima su\r\nvlasni\u0161tvo AT&#038;TC Propokan Pro System d.o.o., Beograd, Srbija ili su u pitanju autorska dela\r\nkojima su na AT&#038;TC Propokan Pro System d.o.o. preneta imovinska prava autora. Svako kori\u0161\u0107enje\r\nistih je strogo zabranjeno (bilo u komercijalne ili nekomercijalne svrhe), a\r\nkori\u0161\u0107enje istih bez prethodnog odobrenja povla\u010di za sobom pravo AT&#038;TC Propokan Pro System d.o.o.\r\nda od korisnika zahteva naknadu \u0161tete (kako materijalne, tako i nematerijalne)\r\ni osnov su za krivi\u010dno gonjenje kako pravnih, tako i fizi\u010dkih lica, kao i\r\ngonjenje u skladu sa odredbama Zakona o privrednim prestupima.<\/p>\r\n\r\n\r\n\r\n<p>Radi pristupanja &nbsp;veb stranici posetilac nije u obavezi da\r\nostavi bilo kakav li\u010dni podatak. &nbsp;Me\u0111utim, posetilac \u0107e biti u obavezi da\r\ndostavi odre\u0111ene podatke, ali isklju\u010divo po sopstvenom izboru, a radi\r\nostvarivanja odre\u0111enih prava, pri \u010demu se naro\u010dito misli na pru\u017eanje odre\u0111enih\r\ninformacija vezanih za AT&#038;TC Propokan Pro System d.o.o., koje posetilac zatra\u017ei na sopstveni\r\nzahtev. Podaci se dostavljaju putem formulara ili preko e-mail adrese\r\nposetioca. U tom slu\u010daju, li\u010dni podaci uklju\u010duju ime i prezime posetioca i\r\ne-mail adresu. U slu\u010daju potrebe, mogu\u0107e je da \u0107e posetilac biti u obavezi da\r\ndostavi jo\u0161 neke podatke, o \u010demu \u0107e biti blagovremeno obave\u0161ten, a sve\r\nisklju\u010divo radi ostvarenja odre\u0111enih prava odnosno izvr\u0161enja usluga od strane AT&#038;TC Propokan Pro System d.o.o..<\/p>\r\n\r\n\r\n\r\n<p>Informacije i podaci koji se saznaju ne\u0107e biti kori\u0161\u0107en radi\r\nli\u010dne identifikacije posetilaca, ve\u0107 da bi se periodi\u010dno utvrdila pose\u0107enost\r\nveb stranice, prose\u010dno vreme provedeno na veb stranici, koli\u010dinu pregledanih\r\nstranica, a sve radi unapre\u0111enja sadr\u017eaja veb stranice. Pre eventualno tra\u017eenih\r\ndodatnih podataka odnosno dodatnih li\u010dnih informacija od posetioca, neophodno\r\nje dobiti prethodni pristanak (putem formulara ili putem e-mail adrese\r\nposetioca), uz obave\u0161tenje o prikupljanju i upotrebi podataka. Pomenuti podaci\r\nbi\u0107e isklju\u010divo kori\u0161\u0107eni radi odgovaranja na pitanja posetioca i\/ili pru\u017eanje\r\ni pobolj\u0161anje usluga AT&#038;TC Propokan Pro System d.o.o.. Posetilac ima pravo na obave\u0161tenje o obradi\r\npodataka, pravo da zahteva kopiju podataka koji se na njega odnose, kao i da\r\nizvr\u0161e uvid u obra\u0111ivane podatke odnosno da zahteva ispravku, dopunu,\r\na\u017euriranje, brisanje podataka, kao i prekid i privremenu obustavu obrade prema\r\nodredbama Zakona o za\u0161titi podataka o li\u010dnosti.<\/p>\r\n\r\n\r\n\r\n<p>Dostavljeni podaci \u0107uvaju se na serveru, a pristup istom imaju\r\nlica koja budu anga\u017eovana radi obrade podataka u navedene svrhe, kao i svrhe za\r\nkoje je posetilac naknadno dao odobrenje. Maloletni posetioci ne smeju\r\ndostavljati podatke bez prethodne saglasnosti roditelja, usvojica ili\r\nstaratelja.<\/p>\r\n\r\n\r\n\r\n<p>Ova veb stranica omogu\u0107ava kori\u0161\u0107enje HTML-cookies\/kola\u010di\u0107a koji\r\nse postvaljaju na ra\u010dunar posetioca i predstavljaju tekstualne datoteke koje\r\nprilikom svake posete \u0161alju informacije o veb stranicama sa kojih je posetilac\r\npristupio veb stranici. Ove informacije se koriste radi boljeg upoznavanja sa\r\nnavikama posetilaca, a naro\u010dito radi bolje pretrage i unapre\u0111enja\r\nfunkcionisanja ove veb stranice. Kori\u0161\u0107enje kola\u010di\u0107a je standardna praksa na\r\nInternetu i ve\u0107ina pretra\u017eiva\u010da je pode\u0161ena tako da automatski prihvata sve\r\nkola\u010di\u0107e. Korisnik u svakom trenutku mo\u017ee odlu\u010diti da prestane da ih koristi\r\nru\u010dnim brisanjem ili posebno podesiti pretra\u017eiva\u010d za rad sa kola\u010di\u0107ima.<\/p>\r\n\r\n\r\n\r\n<p>Veb stranica mo\u017ee sadr\u017eati linkove ili banere drugih veb\r\nstranica \u010diji vlasnik ili korisnik nije AT&#038;TC Propokan Pro System d.o.o., tako da AT&#038;TC Propokan Pro System d.o.o. ne\r\nkontroli\u0161e i nije odgovoran za rad, sadr\u017eaj, op\u0161te uslove kori\u0161\u0107enja ili\r\nbezbednost istih i posetilac na sopstveni rizik i bez saglasnosti AT&#038;TC Propokan Pro System d.o.o.\r\npristupa istim.<\/p>\r\n\r\n\r\n\r\n<p>Veb stranica se od strane posetioca koristi na sopstveni rizik i\r\nAT&#038;TC Propokan Pro System d.o.o. ne\u0107e biti odgovoran za materijalnu ili nematerijalnu \u0161tetu koja\r\nnastane iz kori\u0161\u0107enja ili je u&nbsp; bilo kojoj vezi sa kori\u0161\u0107enjem&nbsp; veb\r\nstranica ili sadr\u017eaja objavljenim na njoj.<\/p>\r\n\r\n\r\n\r\n<p>AT&#038;TC Propokan Pro System d.o.o. mo\u017ee u svakom trenutku izmeniti ove uslove\r\nkori\u0161\u0107enja, bez prethodne najave i obaveziva\u0107e svakog posetioca.&nbsp;<\/p>\r\n\r\n\r\n\r\n<p>Za svako dodatno poja\u0161njenje povodom ovih Op\u0161tih uslova i svaku\r\nbudu\u0107u komunikaciju&nbsp; posetilac mo\u017ee kontaktirati AT&#038;TC Propokan Pro System d.o.o. preko e-mail\r\nadrese:&nbsp;<a href=\"mailto:office@propokanpro.com\">office@propokanpro.com<\/a><\/p>","protected":false},"excerpt":{"rendered":"<p>Pristupom ovoj veb stranici posetilac prihvata ova pravila, tako da je potrebno da ih prethodno pro\u010dita pre kori\u0161\u0107enja&#8230; <a class=\"excerpt-read-more\" href=\"https:\/\/propokanpro.com\/eng\/politika-privatnosti\/\"><span>Read More<\/span><\/a><\/p>","protected":false},"author":1,"featured_media":0,"parent":0,"menu_order":0,"comment_status":"closed","ping_status":"closed","template":"","meta":{"footnotes":""},"yoast_head":"<!-- This site is optimized with the Yoast SEO plugin v23.5 - https:\/\/yoast.com\/wordpress\/plugins\/seo\/ -->\n<title>Politika privatnosti - PropokanPro<\/title>\n<meta name=\"robots\" content=\"index, follow, max-snippet:-1, max-image-preview:large, max-video-preview:-1\" \/>\n<link rel=\"canonical\" href=\"https:\/\/propokanpro.com\/eng\/politika-privatnosti\/\" \/>\n<meta property=\"og:locale\" content=\"en_US\" \/>\n<meta property=\"og:type\" content=\"article\" \/>\n<meta property=\"og:title\" content=\"Politika privatnosti - PropokanPro\" \/>\n<meta property=\"og:description\" content=\"Pristupom ovoj veb stranici posetilac prihvata ova pravila, tako da je potrebno da ih prethodno pro\u010dita pre kori\u0161\u0107enja... Read More\" \/>\n<meta property=\"og:url\" content=\"https:\/\/propokanpro.com\/eng\/politika-privatnosti\/\" \/>\n<meta property=\"og:site_name\" content=\"PropokanPro\" \/>\n<meta property=\"article:modified_time\" content=\"2023-01-31T14:05:42+00:00\" \/>\n<meta name=\"twitter:card\" content=\"summary_large_image\" \/>\n<meta name=\"twitter:label1\" content=\"Est. reading time\" \/>\n\t<meta name=\"twitter:data1\" content=\"4 minutes\" \/>\n<script type=\"application\/ld+json\" class=\"yoast-schema-graph\">{\"@context\":\"https:\/\/schema.org\",\"@graph\":[{\"@type\":\"WebPage\",\"@id\":\"https:\/\/propokanpro.com\/politika-privatnosti\/\",\"url\":\"https:\/\/propokanpro.com\/politika-privatnosti\/\",\"name\":\"Politika privatnosti - PropokanPro\",\"isPartOf\":{\"@id\":\"https:\/\/propokanpro.com\/#website\"},\"datePublished\":\"2019-04-05T10:17:32+00:00\",\"dateModified\":\"2023-01-31T14:05:42+00:00\",\"breadcrumb\":{\"@id\":\"https:\/\/propokanpro.com\/politika-privatnosti\/#breadcrumb\"},\"inLanguage\":\"en-US\",\"potentialAction\":[{\"@type\":\"ReadAction\",\"target\":[\"https:\/\/propokanpro.com\/politika-privatnosti\/\"]}]},{\"@type\":\"BreadcrumbList\",\"@id\":\"https:\/\/propokanpro.com\/politika-privatnosti\/#breadcrumb\",\"itemListElement\":[{\"@type\":\"ListItem\",\"position\":1,\"name\":\"Home\",\"item\":\"https:\/\/propokanpro.com\/\"},{\"@type\":\"ListItem\",\"position\":2,\"name\":\"Politika privatnosti\"}]},{\"@type\":\"WebSite\",\"@id\":\"https:\/\/propokanpro.com\/#website\",\"url\":\"https:\/\/propokanpro.com\/\",\"name\":\"PropokanPro\",\"description\":\"\",\"publisher\":{\"@id\":\"https:\/\/propokanpro.com\/#organization\"},\"potentialAction\":[{\"@type\":\"SearchAction\",\"target\":{\"@type\":\"EntryPoint\",\"urlTemplate\":\"https:\/\/propokanpro.com\/?s={search_term_string}\"},\"query-input\":{\"@type\":\"PropertyValueSpecification\",\"valueRequired\":true,\"valueName\":\"search_term_string\"}}],\"inLanguage\":\"en-US\"},{\"@type\":\"Organization\",\"@id\":\"https:\/\/propokanpro.com\/#organization\",\"name\":\"Propokan Pro d.o.o.\",\"url\":\"https:\/\/propokanpro.com\/\",\"logo\":{\"@type\":\"ImageObject\",\"inLanguage\":\"en-US\",\"@id\":\"https:\/\/propokanpro.com\/#\/schema\/logo\/image\/\",\"url\":\"https:\/\/propokanpro.com\/wp-content\/uploads\/2019\/04\/cropped-miki1-e1554138477224.png\",\"contentUrl\":\"https:\/\/propokanpro.com\/wp-content\/uploads\/2019\/04\/cropped-miki1-e1554138477224.png\",\"width\":200,\"height\":75,\"caption\":\"Propokan Pro d.o.o.\"},\"image\":{\"@id\":\"https:\/\/propokanpro.com\/#\/schema\/logo\/image\/\"},\"sameAs\":[\"https:\/\/www.linkedin.com\/company\/propokan-pro-passive-fire-protection\/?viewAsMember=true\"]}]}<\/script>\n<!-- \/ Yoast SEO plugin. -->","yoast_head_json":{"title":"Politika privatnosti - PropokanPro","robots":{"index":"index","follow":"follow","max-snippet":"max-snippet:-1","max-image-preview":"max-image-preview:large","max-video-preview":"max-video-preview:-1"},"canonical":"https:\/\/propokanpro.com\/eng\/politika-privatnosti\/","og_locale":"en_US","og_type":"article","og_title":"Politika privatnosti - PropokanPro","og_description":"Pristupom ovoj veb stranici posetilac prihvata ova pravila, tako da je potrebno da ih prethodno pro\u010dita pre kori\u0161\u0107enja... Read More","og_url":"https:\/\/propokanpro.com\/eng\/politika-privatnosti\/","og_site_name":"PropokanPro","article_modified_time":"2023-01-31T14:05:42+00:00","twitter_card":"summary_large_image","twitter_misc":{"Est. reading time":"4 minutes"},"schema":{"@context":"https:\/\/schema.org","@graph":[{"@type":"WebPage","@id":"https:\/\/propokanpro.com\/politika-privatnosti\/","url":"https:\/\/propokanpro.com\/politika-privatnosti\/","name":"Politika privatnosti - PropokanPro","isPartOf":{"@id":"https:\/\/propokanpro.com\/#website"},"datePublished":"2019-04-05T10:17:32+00:00","dateModified":"2023-01-31T14:05:42+00:00","breadcrumb":{"@id":"https:\/\/propokanpro.com\/politika-privatnosti\/#breadcrumb"},"inLanguage":"en-US","potentialAction":[{"@type":"ReadAction","target":["https:\/\/propokanpro.com\/politika-privatnosti\/"]}]},{"@type":"BreadcrumbList","@id":"https:\/\/propokanpro.com\/politika-privatnosti\/#breadcrumb","itemListElement":[{"@type":"ListItem","position":1,"name":"Home","item":"https:\/\/propokanpro.com\/"},{"@type":"ListItem","position":2,"name":"Politika privatnosti"}]},{"@type":"WebSite","@id":"https:\/\/propokanpro.com\/#website","url":"https:\/\/propokanpro.com\/","name":"PropokanPro","description":"","publisher":{"@id":"https:\/\/propokanpro.com\/#organization"},"potentialAction":[{"@type":"SearchAction","target":{"@type":"EntryPoint","urlTemplate":"https:\/\/propokanpro.com\/?s={search_term_string}"},"query-input":{"@type":"PropertyValueSpecification","valueRequired":true,"valueName":"search_term_string"}}],"inLanguage":"en-US"},{"@type":"Organization","@id":"https:\/\/propokanpro.com\/#organization","name":"AT&amp;\u0422C Propokan pro system doo","url":"https:\/\/propokanpro.com\/","logo":{"@type":"ImageObject","inLanguage":"en-US","@id":"https:\/\/propokanpro.com\/#\/schema\/logo\/image\/","url":"https:\/\/propokanpro.com\/wp-content\/uploads\/2019\/04\/cropped-miki1-e1554138477224.png","contentUrl":"https:\/\/propokanpro.com\/wp-content\/uploads\/2019\/04\/cropped-miki1-e1554138477224.png","width":200,"height":75,"caption":"Propokan Pro d.o.o."},"image":{"@id":"https:\/\/propokanpro.com\/#\/schema\/logo\/image\/"},"sameAs":["https:\/\/www.linkedin.com\/company\/propokan-pro-passive-fire-protection\/?viewAsMember=true"]}]}},"_links":{"self":[{"href":"https:\/\/propokanpro.com\/eng\/wp-json\/wp\/v2\/pages\/1531"}],"collection":[{"href":"https:\/\/propokanpro.com\/eng\/wp-json\/wp\/v2\/pages"}],"about":[{"href":"https:\/\/propokanpro.com\/eng\/wp-json\/wp\/v2\/types\/page"}],"author":[{"embeddable":true,"href":"https:\/\/propokanpro.com\/eng\/wp-json\/wp\/v2\/users\/1"}],"replies":[{"embeddable":true,"href":"https:\/\/propokanpro.com\/eng\/wp-json\/wp\/v2\/comments?post=1531"}],"version-history":[{"count":4,"href":"https:\/\/propokanpro.com\/eng\/wp-json\/wp\/v2\/pages\/1531\/revisions"}],"predecessor-version":[{"id":2909,"href":"https:\/\/propokanpro.com\/eng\/wp-json\/wp\/v2\/pages\/1531\/revisions\/2909"}],"wp:attachment":[{"href":"https:\/\/propokanpro.com\/eng\/wp-json\/wp\/v2\/media?parent=1531"}],"curies":[{"name":"wp","href":"https:\/\/api.w.org\/{rel}","templated":true}]}}