{"id":1471,"date":"2019-04-05T08:41:14","date_gmt":"2019-04-05T08:41:14","guid":{"rendered":"http:\/\/propokanpro.com\/?page_id=1471"},"modified":"2025-12-05T06:42:49","modified_gmt":"2025-12-05T06:42:49","slug":"opste","status":"publish","type":"page","link":"https:\/\/propokanpro.com\/eng\/opste\/","title":{"rendered":"General"},"content":{"rendered":"<p>Ova sekcija predstavlja rezime naj\u010de\u0161\u0107e postavljanih pitanja od strane projektanata i izvo\u0111a\u010da koje smo do sada ozna\u010dili u isto vreme i kao jako korisna za upoznavanje sa sistemom PP za\u0161tite Propokan:<\/p>\r\n\r\n\r\n\r\n<p><strong>General<\/strong><\/p>\r\n<p>&nbsp;<\/p>\r\n\r\n\r\n\r\n<ul>\r\n<li><strong>Da li <\/strong><strong>sistem<\/strong><strong> protivpo\u017earne za\u0161tite kanala ima rok trajanja ?<\/strong><\/li>\r\n<\/ul>\r\n\r\n\r\n\r\n<p>Odgovor: Ne. Pre samog nano\u0161enja na kanal komponente sistema (odma\u0161\u0107iva\u010d, prajmer i protivpo\u017earni premaz imaju neograni\u010den rok trajanja. Isto je i kada se one nanesu na kanal, tj. nakon ugradnje)<strong>.<\/strong><\/p>\r\n\r\n\r\n\r\n<ul>\r\n<li><strong>Kolika su pakovanja komponenti sistema za\u0161tite Propokan ?<\/strong><\/li>\r\n<\/ul>\r\n\r\n\r\n\r\n<p>Odgovor: Pakovanje samog PP premaza je 25 kg \u0161to je dovoljno za za\u0161titu 45 m2 kanala. Ostale komponente sistema (odma\u0161\u0107iva\u010d i prajmer) su ta\u010dno odmerene za gore navedenu povr\u0161inu i u posebnim su pakovanjima. Na jednoj paleti ima ukupno 25 ovakvih paketa, tj. 625 kg PP premaza i prate\u0107ih komponenti \u0161to je dovoljno za za\u0161titu oko 1.125 m2 kanala.<\/p>\r\n\r\n\r\n\r\n<ul>\r\n<li><strong>Koji su preporu\u010deni uslovi skladi\u0161tenja komponenti sistema Propokan ?<\/strong><\/li>\r\n<\/ul>\r\n\r\n\r\n\r\n<p>Odgovor: Preporu\u010deni uslovi skladistenja su u temperaturnom intervalu od +5 \u00b0C do +25 \u00b0C.<\/p>\r\n\r\n\r\n\r\n<ul>\r\n<li><strong>Da li komponente sistema na neki na\u010din \u0161tetne po okolinu ili otrovne ?<\/strong><\/li>\r\n<\/ul>\r\n\r\n\r\n\r\n<p>Odgovor: Ne. Pored toga Propokan sistem je HCFC (halogen free freon free) \u0161to zna\u010di da u toku izlaganja povi\u0161enoj temperaturi ne emituje halogen i freon i ne ugro\u017eava ljude i okolinu. Tako\u0111e odlikuje ga i jako mali sadrzaj VOC.<\/p>\r\n\r\n\r\n\r\n<ul>\r\n<li><strong>Da li je sistem Propokan ekolo\u0161ki proizvod ?<\/strong><\/li>\r\n<\/ul>\r\n\r\n\r\n\r\n<p>Odgovor: Da, proizvod je ekolo\u0161ki prihvatljiv u potpunosti i njime se mo\u017ee rukovati na bilo kom mestu bez negativnih uticaja na prirodnu okolinu.<\/p>\r\n<ul>\r\n<li><strong>Da li postoji ralika izme\u0111u servisnih ventilacionih instalacija u objektu i kanala za ventilaciju u gara\u017eama ?<\/strong><\/li>\r\n<\/ul>\r\n<p>\r\n\r\n<\/p>\r\n<p>Odgovor: Da, Va\u017eno je praviti razliku izme\u0111u servisnih ventilaconih instalacija u objektu i kanala za ventilaciju u gara\u017eama.<\/p>\r\n<ul>\r\n<li><strong>Da li vi\u0161e-sektorski kanali za odvod dima mogu zahtevati izolaciju ?<\/strong><\/li>\r\n<\/ul>\r\n<p>\r\n\r\n<\/p>\r\n<p>Odgovor: Da, Vi\u0161e-sektorski kanali za odvod dima mogu zahtevati izlolaciju, a to zavisi od projekta prostora. Vi\u0161e sektora u gara\u017eama je besmisleno, jer kada se urade prodori sa jedno-sektorskim kanalima, onda je drugi sektor opet jedno-sektorski.<\/p>\r\n<ul>\r\n<li><strong>\u0160ta su dualni kanali tipa C ?<\/strong><\/li>\r\n<\/ul>\r\n<p>\r\n\r\n<\/p>\r\n<p>Odgovor: Dualni kanali tipa C slu\u017ee kao uobi\u010dajeni sistem ventilacije u normalnim uslovima, ali se u slu\u010daju po\u017eara pretvaraju u sistem za odvod dima, pru\u017eaju\u0107i tako ekonomi\u010dan dualni sistem. Jedno-sektorski i vi\u0161e-sektorki kanali za odvod dima su uvek dualni kanali.<\/p>\r\n<ul>\r\n<li><strong>Da li se mogu primeniti metode ispitivanja u skladu sa EN 1366-1 obi\u010dnih servisnih instalacija za zgrade u vi\u0161e sektora, umesto metoda i za\u0161tita u skladu sa standardom EN 1366-8 (EN 1366-9) ?<\/strong><\/li>\r\n<\/ul>\r\n<p>\r\n\r\n<\/p>\r\n<p>Odgovor: Ne, U praksi se \u010desto de\u0161ava da se primenjuju metode ispitivanja u skladu sa EN 1366-1 za metode i za\u0161titu u skladu sa EN 1366-8 (EN 1366-9) obi\u010dnih servisnih instalacija za zgrade u vi\u0161e sektora, kao da je ispitivanje izvr\u0161eno u skladu sa EN 1366-8. Ovo je neispravno, jer su ispitivanja u skladu sa EN 1366-8 vi\u0161e-sektorskih kanala za odvod dima mnogo kompleksnija od ispitivanja u skladu sa EN 1366-1 servisnih instalacija za zgrade u vi\u0161e sektora.<\/p>\r\n<ul>\r\n<li><strong>Da li je potrebno pre ispitivanja u skladu sa EN 1366-9 ispitati kanal u skladu sa EN 1366-1 ?<\/strong><\/li>\r\n<\/ul>\r\n<p>\r\n\r\n<\/p>\r\n<p>Odgovor: Ne, za razliku od ispitivanja u skladu sa EN 1366-8, nije preduslov da se kanal ispituje u skladu sa EN 1366-1, ve\u0107 se taj standard podrazumeva, tj. da su pri ispitivanju u skladu sa standardom EN 1366-9 ispunjeni svi uslovi standarda EN 1366-1 (EN 1366-9, ta\u010dka 2).<\/p>\r\n<ul>\r\n<li><strong>Da li su kompenzatori \u0161tite kanal u skladu sa standardima EN 1366-1, EN 1366-8 i EN 1366-9 ?<\/strong><\/li>\r\n<\/ul>\r\n<p>\r\n\r\n<\/p>\r\n<p>Odgovor: Ne, Kompenzatori ne predstavljaju protiv po\u017earnu za\u0161titu kanala za odvod dima ili kanala za ventilaciju.<\/p>\r\n<p>Komprenzatori su samo ure\u0111aji koji se koriste za spre\u010davanje o\u0161te\u0107enja od sila koje nastaju \u0161irenjem, tj. da ne do\u0111e do deformacije kanala u slu\u010daju po\u017eara (<em>EN 1366-9, ta\u010dka 3, \u010dlan 7 i EN 1366-1, ta\u010dka 3, \u010dlan 4<\/em>). Prema evropskim standardima EN 1366-1 i EN 1366-9, za\u0161ti\u0107eni kanali su isklju\u010divo kanali za\u0161ti\u0107eni sa sve \u010detiri strane, sa za\u0161ti\u0107enim spojevima kanala, i za\u0161ti\u0107enim nosa\u010dima kanala (<em>EN 1366-9, ta\u010dka 1 i EN 1366-1, ta\u010dka 13, \u010dlan 1<\/em>).<\/p>\r\n<p>Na tr\u017ei\u0161tu se mogu na\u0107i izve\u0161taji laboratorija o ispitivanju uzorka kanala sa kompenzatorom, bez ikakve za\u0161tite, kojima u naslovu pi\u0161e EN 1366-9, \u0161to samo zna\u010di da je uzorak kanala testiran po metodi EN 1366-9, a ne i da je kanal za\u0161ti\u0107en u skladu sa standardom EN 1366-9.<\/p>\r\n<ul>\r\n<li><strong>Da li postoji srpski standard koji reguli\u0161e upotrebu Jet fan sistema u podzemnim gara\u017eama ?<\/strong><\/li>\r\n<\/ul>\r\n<p>\r\n\r\n<\/p>\r\n<p>Odgovor: Da, postoji srpski standard SRPS CEN\/TS 12101-11:2022, objavljen 30.10.2022. godine. Postoji i britanski standard BS 7346-7, koji reguli\u0161e ovu oblast, ali on nije u skladu sa zakonima Republike Srbije.<\/p>\r\n<ul>\r\n<li><strong>Da li je po novom Zakonu o gra\u0111evinskim materijalima Republike Srbije potrebno priznavanje va\u017eenja inostranih isprava, tj izve\u0161taja inostranih akreditovanih laboratorija ?<\/strong><\/li>\r\n<\/ul>\r\n<p>\r\n\r\n<\/p>\r\n<p>Odgovor: Ne, Shodno najnovijem Zakonu o gra\u0111evinskim materijalima Republike Srbije, Ministarstvo gra\u0111evinarstva Republike Srbije ne izdaje vi\u0161e re\u0161enja, tj. priznanja va\u017eenja inostranih isprava. Po novom zakonu izve\u0161taji inostranih akreditovanih laboratorija se priznaju po automatizmu. U slu\u010daju da nosilac prava inostranih izve\u0161taja zahteva od Ministarstva gra\u0111evinarstva priznanje inostranih isprava, Ministarstvo gra\u0111evinarstva po novom zakonu o gra\u0111evinskim materijalima mo\u017ee da izda isklju\u010divo mi\u0161ljenje za za\u0161titu materijala, a ne re\u0161enje. Mi\u0161ljenje resornog Ministarstva gra\u0111evinarstva je pravno obavezno za protivpo\u017earnu inspekciju i inspekciju na gradili\u0161tima, te inspekcije nemaju ovla\u0161\u0107enje da ospore zvani\u010dan dokument resornog Ministarstva Republike Srbije.<\/p>\r\n<ul>\r\n<li><strong>\u0160ta ta\u010dno zna\u010de &#8222;normativne reference&#8220; (normative references) koje se pominju u EN standardima i u izve\u0161tajima akreditovanih laboratorija ?<\/strong><\/li>\r\n<\/ul>\r\n<p>Odgovor: Normativne reference su lista obaveznih i neophodnih izjava ili EN standarda, za primenu odre\u0111enog standarda. Kao normativna referenca navodi se obavezno najmanje jedna izjava u tekstu, pod uslovom da to nije navedeno u informativnom prilogu, napomeni, primeru ili re\u010denici \u010diji glavni verbalni oblik izra\u017eava preporuku ili dozvolu. Npr. u standardu EN 1366-9, kao jedna od normativni referenci se navodi standard EN 1366-1, \u0161to zna\u010di da su pri ispitivanju u skladu sa standardom EN 1366-9 ispunjeni svi uslovi standarda EN 1366-1. \u010cesto se de\u0161ava da ljudi pogre\u0161no tuma\u010de normativne reference i me\u0161aju ih sa informativnim referencama, koje sugeri\u0161u, navode na odre\u0111enu oblast i nisu obavezne. Suprotno od informativnih, NORMATIVNE REFERENCE SU OBAVEZNE.<\/p>","protected":false},"excerpt":{"rendered":"<p>Ova sekcija predstavlja rezime naj\u010de\u0161\u0107e postavljanih pitanja od strane projektanata i izvo\u0111a\u010da koje smo do sada ozna\u010dili u&#8230; <a class=\"excerpt-read-more\" href=\"https:\/\/propokanpro.com\/eng\/opste\/\"><span>Read More<\/span><\/a><\/p>","protected":false},"author":1,"featured_media":0,"parent":0,"menu_order":0,"comment_status":"closed","ping_status":"closed","template":"","meta":{"footnotes":""},"yoast_head":"<!-- This site is optimized with the Yoast SEO plugin v23.5 - https:\/\/yoast.com\/wordpress\/plugins\/seo\/ -->\n<title>Op\u0161te - PropokanPro<\/title>\n<meta name=\"robots\" content=\"index, follow, max-snippet:-1, max-image-preview:large, max-video-preview:-1\" \/>\n<link rel=\"canonical\" href=\"https:\/\/propokanpro.com\/eng\/opste\/\" \/>\n<meta property=\"og:locale\" content=\"en_US\" \/>\n<meta property=\"og:type\" content=\"article\" \/>\n<meta property=\"og:title\" content=\"Op\u0161te - PropokanPro\" \/>\n<meta property=\"og:description\" content=\"Ova sekcija predstavlja rezime naj\u010de\u0161\u0107e postavljanih pitanja od strane projektanata i izvo\u0111a\u010da koje smo do sada ozna\u010dili u... Read More\" \/>\n<meta property=\"og:url\" content=\"https:\/\/propokanpro.com\/eng\/opste\/\" \/>\n<meta property=\"og:site_name\" content=\"PropokanPro\" \/>\n<meta property=\"article:modified_time\" content=\"2025-12-05T06:42:49+00:00\" \/>\n<meta name=\"twitter:card\" content=\"summary_large_image\" \/>\n<meta name=\"twitter:label1\" content=\"Est. reading time\" \/>\n\t<meta name=\"twitter:data1\" content=\"6 minutes\" \/>\n<script type=\"application\/ld+json\" class=\"yoast-schema-graph\">{\"@context\":\"https:\/\/schema.org\",\"@graph\":[{\"@type\":\"WebPage\",\"@id\":\"https:\/\/propokanpro.com\/opste\/\",\"url\":\"https:\/\/propokanpro.com\/opste\/\",\"name\":\"Op\u0161te - PropokanPro\",\"isPartOf\":{\"@id\":\"https:\/\/propokanpro.com\/#website\"},\"datePublished\":\"2019-04-05T08:41:14+00:00\",\"dateModified\":\"2025-12-05T06:42:49+00:00\",\"breadcrumb\":{\"@id\":\"https:\/\/propokanpro.com\/opste\/#breadcrumb\"},\"inLanguage\":\"en-US\",\"potentialAction\":[{\"@type\":\"ReadAction\",\"target\":[\"https:\/\/propokanpro.com\/opste\/\"]}]},{\"@type\":\"BreadcrumbList\",\"@id\":\"https:\/\/propokanpro.com\/opste\/#breadcrumb\",\"itemListElement\":[{\"@type\":\"ListItem\",\"position\":1,\"name\":\"Home\",\"item\":\"https:\/\/propokanpro.com\/\"},{\"@type\":\"ListItem\",\"position\":2,\"name\":\"Op\u0161te\"}]},{\"@type\":\"WebSite\",\"@id\":\"https:\/\/propokanpro.com\/#website\",\"url\":\"https:\/\/propokanpro.com\/\",\"name\":\"PropokanPro\",\"description\":\"\",\"publisher\":{\"@id\":\"https:\/\/propokanpro.com\/#organization\"},\"potentialAction\":[{\"@type\":\"SearchAction\",\"target\":{\"@type\":\"EntryPoint\",\"urlTemplate\":\"https:\/\/propokanpro.com\/?s={search_term_string}\"},\"query-input\":{\"@type\":\"PropertyValueSpecification\",\"valueRequired\":true,\"valueName\":\"search_term_string\"}}],\"inLanguage\":\"en-US\"},{\"@type\":\"Organization\",\"@id\":\"https:\/\/propokanpro.com\/#organization\",\"name\":\"Propokan Pro d.o.o.\",\"url\":\"https:\/\/propokanpro.com\/\",\"logo\":{\"@type\":\"ImageObject\",\"inLanguage\":\"en-US\",\"@id\":\"https:\/\/propokanpro.com\/#\/schema\/logo\/image\/\",\"url\":\"https:\/\/propokanpro.com\/wp-content\/uploads\/2019\/04\/cropped-miki1-e1554138477224.png\",\"contentUrl\":\"https:\/\/propokanpro.com\/wp-content\/uploads\/2019\/04\/cropped-miki1-e1554138477224.png\",\"width\":200,\"height\":75,\"caption\":\"Propokan Pro d.o.o.\"},\"image\":{\"@id\":\"https:\/\/propokanpro.com\/#\/schema\/logo\/image\/\"},\"sameAs\":[\"https:\/\/www.linkedin.com\/company\/propokan-pro-passive-fire-protection\/?viewAsMember=true\"]}]}<\/script>\n<!-- \/ Yoast SEO plugin. -->","yoast_head_json":{"title":"Op\u0161te - PropokanPro","robots":{"index":"index","follow":"follow","max-snippet":"max-snippet:-1","max-image-preview":"max-image-preview:large","max-video-preview":"max-video-preview:-1"},"canonical":"https:\/\/propokanpro.com\/eng\/opste\/","og_locale":"en_US","og_type":"article","og_title":"Op\u0161te - PropokanPro","og_description":"Ova sekcija predstavlja rezime naj\u010de\u0161\u0107e postavljanih pitanja od strane projektanata i izvo\u0111a\u010da koje smo do sada ozna\u010dili u... Read More","og_url":"https:\/\/propokanpro.com\/eng\/opste\/","og_site_name":"PropokanPro","article_modified_time":"2025-12-05T06:42:49+00:00","twitter_card":"summary_large_image","twitter_misc":{"Est. reading time":"6 minutes"},"schema":{"@context":"https:\/\/schema.org","@graph":[{"@type":"WebPage","@id":"https:\/\/propokanpro.com\/opste\/","url":"https:\/\/propokanpro.com\/opste\/","name":"Op\u0161te - PropokanPro","isPartOf":{"@id":"https:\/\/propokanpro.com\/#website"},"datePublished":"2019-04-05T08:41:14+00:00","dateModified":"2025-12-05T06:42:49+00:00","breadcrumb":{"@id":"https:\/\/propokanpro.com\/opste\/#breadcrumb"},"inLanguage":"en-US","potentialAction":[{"@type":"ReadAction","target":["https:\/\/propokanpro.com\/opste\/"]}]},{"@type":"BreadcrumbList","@id":"https:\/\/propokanpro.com\/opste\/#breadcrumb","itemListElement":[{"@type":"ListItem","position":1,"name":"Home","item":"https:\/\/propokanpro.com\/"},{"@type":"ListItem","position":2,"name":"Op\u0161te"}]},{"@type":"WebSite","@id":"https:\/\/propokanpro.com\/#website","url":"https:\/\/propokanpro.com\/","name":"PropokanPro","description":"","publisher":{"@id":"https:\/\/propokanpro.com\/#organization"},"potentialAction":[{"@type":"SearchAction","target":{"@type":"EntryPoint","urlTemplate":"https:\/\/propokanpro.com\/?s={search_term_string}"},"query-input":{"@type":"PropertyValueSpecification","valueRequired":true,"valueName":"search_term_string"}}],"inLanguage":"en-US"},{"@type":"Organization","@id":"https:\/\/propokanpro.com\/#organization","name":"AT&amp;\u0422C Propokan pro system doo","url":"https:\/\/propokanpro.com\/","logo":{"@type":"ImageObject","inLanguage":"en-US","@id":"https:\/\/propokanpro.com\/#\/schema\/logo\/image\/","url":"https:\/\/propokanpro.com\/wp-content\/uploads\/2019\/04\/cropped-miki1-e1554138477224.png","contentUrl":"https:\/\/propokanpro.com\/wp-content\/uploads\/2019\/04\/cropped-miki1-e1554138477224.png","width":200,"height":75,"caption":"Propokan Pro d.o.o."},"image":{"@id":"https:\/\/propokanpro.com\/#\/schema\/logo\/image\/"},"sameAs":["https:\/\/www.linkedin.com\/company\/propokan-pro-passive-fire-protection\/?viewAsMember=true"]}]}},"_links":{"self":[{"href":"https:\/\/propokanpro.com\/eng\/wp-json\/wp\/v2\/pages\/1471"}],"collection":[{"href":"https:\/\/propokanpro.com\/eng\/wp-json\/wp\/v2\/pages"}],"about":[{"href":"https:\/\/propokanpro.com\/eng\/wp-json\/wp\/v2\/types\/page"}],"author":[{"embeddable":true,"href":"https:\/\/propokanpro.com\/eng\/wp-json\/wp\/v2\/users\/1"}],"replies":[{"embeddable":true,"href":"https:\/\/propokanpro.com\/eng\/wp-json\/wp\/v2\/comments?post=1471"}],"version-history":[{"count":13,"href":"https:\/\/propokanpro.com\/eng\/wp-json\/wp\/v2\/pages\/1471\/revisions"}],"predecessor-version":[{"id":3070,"href":"https:\/\/propokanpro.com\/eng\/wp-json\/wp\/v2\/pages\/1471\/revisions\/3070"}],"wp:attachment":[{"href":"https:\/\/propokanpro.com\/eng\/wp-json\/wp\/v2\/media?parent=1471"}],"curies":[{"name":"wp","href":"https:\/\/api.w.org\/{rel}","templated":true}]}}