{"id":1469,"date":"2019-04-05T08:40:55","date_gmt":"2019-04-05T08:40:55","guid":{"rendered":"http:\/\/propokanpro.com\/?page_id=1469"},"modified":"2022-12-03T05:42:02","modified_gmt":"2022-12-03T05:42:02","slug":"izvodjenje","status":"publish","type":"page","link":"https:\/\/propokanpro.com\/eng\/izvodjenje\/","title":{"rendered":"Construction"},"content":{"rendered":"<p>Ova sekcija predstavlja rezime naj\u010de\u0161\u0107e postavljanih pitanja od strane projektanata i izvo\u0111a\u010da koje smo do sada ozna\u010dili u isto vreme i kao jako korisna za upoznavanje sa sistemom PP za\u0161tite Propokan:<\/p>\r\n\r\n\r\n\r\n<p><strong>Izvo<\/strong><strong>\u0111<\/strong><strong>enje<\/strong><\/p>\r\n<p>&nbsp;<\/p>\r\n\r\n\r\n\r\n<ul>\r\n<li><strong>Kolika je potro\u0161nja sistema Propokan po m2 razvijene povr\u0161ine \u0161ti\u0107enog kanala ?<\/strong><\/li>\r\n<\/ul>\r\n\r\n\r\n\r\n<p>Odgovor: Potro\u0161nja sistema Propokan (u skladu sa Tehni\u010dkim listovima komponenti sistema) je:<\/p>\r\n\r\n\r\n\r\n<p>&#8211; Protivpo\u017earni premaz: 2,0 kg\/m2 za debljinu suvog filma od 1mm. Kako je atestnom dokumentacijom zahtevan suvi sloj debljine 300-350\u00b5m\u00a0 to je za 1m2 za\u0161ti\u0107ene povr\u0161ine potrebno 0,6 do 0,7 kg premaza.<\/p>\r\n\r\n\r\n\r\n<p>&#8211; PP Prajmer: 0,15 kg\/m2 za debljinu suvog filma od 30 \u00b5m \u0161to je ujedno i zahtevano atestnom dokumentacijom (50\u00b120\u00b5m).<\/p>\r\n\r\n\r\n\r\n<ul>\r\n<li><strong>Da li se preko sistema za\u0161tite mo\u017ee naneti zavr\u0161na boja iz RAL karte ?<\/strong><\/li>\r\n<\/ul>\r\n\r\n\r\n\r\n<p>Odgovor: Da. Zavr\u0161na boja iz RAL karte se mo\u017ee naneti preko sistema PP za\u0161tite Propokan i to bez ikakvog uticaja na funkciju i efikasnost za\u0161tite. Ovo u mnogome doprinosi vizuelnoj dopadljivosti za\u0161ti\u010denog kanala, uklapanju u enterijer i posebnim zahtevima investitora.<\/p>\r\n\r\n\r\n\r\n<ul>\r\n<li><strong>Da li je sistem Propokan vodoperiv ?<\/strong><\/li>\r\n<\/ul>\r\n\r\n\r\n\r\n<p>Odgovor: Da. Kanal se nakon ugradnje mo\u017ee prati ili \u010distiti vla\u017enom krpom bez ikakvog uticaja na funkcionalnost PP za\u0161tite.<\/p>\r\n\r\n\r\n\r\n<ul>\r\n<li><strong>Da li je potrebna posebna obuka za nanosenje sistema za\u0161tite Propokan ?<\/strong><\/li>\r\n<\/ul>\r\n\r\n\r\n\r\n<p>Odgovor: Da, ali ona se bitno ne razlikuje od nano\u0161enja drugih premaza ili farbi.<\/p>\r\n\r\n\r\n\r\n<ul>\r\n<li><strong>Da li potrebna posebna licenca za nano\u0161enje (izvo\u0111enje radova) sistema za\u0161tite Propokan ?<\/strong><\/li>\r\n<\/ul>\r\n\r\n\r\n\r\n<p>Odgovor: Ne, me\u0111utim u skladu sa doma\u0107im zakonima kompanija koja se bavi izvo\u0111enjem protivpo\u017earnih instalacija mora posedovati odgovaraju\u0107e licence.<\/p>\r\n\r\n\r\n\r\n<ul>\r\n<li><strong>Da li je potreban neki poseban alat za nano\u0161enje sistema Propokan ?<\/strong><\/li>\r\n<\/ul>\r\n\r\n\r\n\r\n<p>Odgovor: Protivpo\u017earni premaz se mo\u017ee nanositi airless aparatom, \u010detkom ili valjkom, a PP prajmer se mo\u017ee nanositi kompresorom, \u010detkom ili valjkom.<\/p>\r\n\r\n\r\n\r\n<ul>\r\n<li><strong>Da li sistem Propokan osloba\u0111a \u0161tetne gasove prilikom izlaganja vatri (u toku po\u017eara) ?<\/strong><\/li>\r\n<\/ul>\r\n\r\n\r\n\r\n<p>Odgovor: Ne, Propokan sistem je HCFC (halogen free freon free) \u0161to zna\u010di da u toku izlaganja povi\u0161enoj temperaturi ne emituje halogen i freon i ne ugro\u017eava ljude i okolinu.<\/p>\r\n\r\n\r\n\r\n<ul>\r\n<li><strong>Koliki je vek trajanja sistema Propokan nakon nano\u0161enja na kanal ?<\/strong><\/li>\r\n<\/ul>\r\n\r\n\r\n\r\n<p>Odgovor: Vek trajanja je neograni\u010den.<\/p>\r\n\r\n\r\n\r\n<ul>\r\n<li><strong>Da li se sistem Propokan mo\u017ee koristiti samo za za\u0161titu prodora kanala kroz zid ?<\/strong><\/li>\r\n<\/ul>\r\n\r\n\r\n\r\n<p>Odgovor: Da, PP za\u0161tita prodora kanala kroz zid je sastavni deo ispitivanja koja su izvr\u0161ena u skladu sa EN 1366-1 i EN 1366-9 tako da se sistem Propokan mo\u017ee koristiti za za\u0161titu prodora kanala kroz zid.<\/p>\r\n\r\n\r\n\r\n<ul>\r\n<li><strong>Da li se sistem Propokan mo\u017ee koristiti za za\u0161titu prodora cevi i kablova kroz zid ili plo\u010du ?<\/strong><\/li>\r\n<\/ul>\r\n\r\n\r\n\r\n<p>Odgovor: Da, sistem Propokan je ispitan i u skladu sa (SRPS) EN 1366-3.<\/p>\r\n\r\n\r\n\r\n<ul>\r\n<li><strong>Na kojim materijalima se mo\u017ee korisititi sistem za\u0161tite Propokan ?<\/strong><\/li>\r\n<\/ul>\r\n\r\n\r\n\r\n<p>Odgovor: Propokan sistem se mo\u017ee nanositi na pocinkovani \u010deli\u010dni lim, crni \u010deli\u010dni lim, kao i na \u010delik.<\/p>\r\n\r\n\r\n\r\n<ul>\r\n<li><strong>Da li postoji preporu\u010dena temperatura materijala na koji se nanosi Propokan sistem ?<\/strong><\/li>\r\n<\/ul>\r\n\r\n\r\n\r\n<p>Odgovor: Da, preporuka je da temperatura povr\u0161ine materijala (\u010delicni lim) bude iznad +5 \u00b0C.<\/p>\r\n\r\n\r\n\r\n<ul>\r\n<li><strong>Da li se Propokan sistem nanosi na sve \u010detiri strane kanala, u slu\u010daju da se kanal montira uz plafon ?<\/strong><\/li>\r\n<\/ul>\r\n\r\n\r\n\r\n<p>Odgovor: Da, u skladu za zahtevima samih standarda i opisa testova u (SRPS) EN 1366-1 i (SRPS) EN 1366-9, kanal se mora za\u0161tititi sa sve \u010detiri strane, i sam plafon ne mo\u017ee zameniti gornju stranu kanala.<\/p>\r\n\r\n\r\n\r\n<ul>\r\n<li><strong>Da li se pored kanala, Propokan sistemom \u0161tite spojevi i nosa\u010di kanala ?<\/strong><\/li>\r\n<\/ul>\r\n\r\n\r\n\r\n<p>Odgovor: Da, u skladu za zahtevima samih standarda i opisa testova u (SRPS) EN 1366-1 i (SRPS) EN 1366-9, nosa\u010di kanala (navojna \u0161ipka i L profil) i spojevi delova kanala (prirubnice) se moraju za\u0161tititi.<\/p>","protected":false},"excerpt":{"rendered":"<p>Ova sekcija predstavlja rezime naj\u010de\u0161\u0107e postavljanih pitanja od strane projektanata i izvo\u0111a\u010da koje smo do sada ozna\u010dili u&#8230; <a class=\"excerpt-read-more\" href=\"https:\/\/propokanpro.com\/eng\/izvodjenje\/\"><span>Read More<\/span><\/a><\/p>","protected":false},"author":1,"featured_media":0,"parent":0,"menu_order":0,"comment_status":"closed","ping_status":"closed","template":"","meta":{"footnotes":""},"yoast_head":"<!-- This site is optimized with the Yoast SEO plugin v23.5 - https:\/\/yoast.com\/wordpress\/plugins\/seo\/ -->\n<title>Izvo\u0111enje - PropokanPro<\/title>\n<meta name=\"robots\" content=\"index, follow, max-snippet:-1, max-image-preview:large, max-video-preview:-1\" \/>\n<link rel=\"canonical\" href=\"https:\/\/propokanpro.com\/eng\/izvodjenje\/\" \/>\n<meta property=\"og:locale\" content=\"en_US\" \/>\n<meta property=\"og:type\" content=\"article\" \/>\n<meta property=\"og:title\" content=\"Izvo\u0111enje - PropokanPro\" \/>\n<meta property=\"og:description\" content=\"Ova sekcija predstavlja rezime naj\u010de\u0161\u0107e postavljanih pitanja od strane projektanata i izvo\u0111a\u010da koje smo do sada ozna\u010dili u... Read More\" \/>\n<meta property=\"og:url\" content=\"https:\/\/propokanpro.com\/eng\/izvodjenje\/\" \/>\n<meta property=\"og:site_name\" content=\"PropokanPro\" \/>\n<meta property=\"article:modified_time\" content=\"2022-12-03T05:42:02+00:00\" \/>\n<meta name=\"twitter:card\" content=\"summary_large_image\" \/>\n<meta name=\"twitter:label1\" content=\"Est. reading time\" \/>\n\t<meta name=\"twitter:data1\" content=\"4 minutes\" \/>\n<script type=\"application\/ld+json\" class=\"yoast-schema-graph\">{\"@context\":\"https:\/\/schema.org\",\"@graph\":[{\"@type\":\"WebPage\",\"@id\":\"https:\/\/propokanpro.com\/izvodjenje\/\",\"url\":\"https:\/\/propokanpro.com\/izvodjenje\/\",\"name\":\"Izvo\u0111enje - PropokanPro\",\"isPartOf\":{\"@id\":\"https:\/\/propokanpro.com\/#website\"},\"datePublished\":\"2019-04-05T08:40:55+00:00\",\"dateModified\":\"2022-12-03T05:42:02+00:00\",\"breadcrumb\":{\"@id\":\"https:\/\/propokanpro.com\/izvodjenje\/#breadcrumb\"},\"inLanguage\":\"en-US\",\"potentialAction\":[{\"@type\":\"ReadAction\",\"target\":[\"https:\/\/propokanpro.com\/izvodjenje\/\"]}]},{\"@type\":\"BreadcrumbList\",\"@id\":\"https:\/\/propokanpro.com\/izvodjenje\/#breadcrumb\",\"itemListElement\":[{\"@type\":\"ListItem\",\"position\":1,\"name\":\"Home\",\"item\":\"https:\/\/propokanpro.com\/\"},{\"@type\":\"ListItem\",\"position\":2,\"name\":\"Izvo\u0111enje\"}]},{\"@type\":\"WebSite\",\"@id\":\"https:\/\/propokanpro.com\/#website\",\"url\":\"https:\/\/propokanpro.com\/\",\"name\":\"PropokanPro\",\"description\":\"\",\"publisher\":{\"@id\":\"https:\/\/propokanpro.com\/#organization\"},\"potentialAction\":[{\"@type\":\"SearchAction\",\"target\":{\"@type\":\"EntryPoint\",\"urlTemplate\":\"https:\/\/propokanpro.com\/?s={search_term_string}\"},\"query-input\":{\"@type\":\"PropertyValueSpecification\",\"valueRequired\":true,\"valueName\":\"search_term_string\"}}],\"inLanguage\":\"en-US\"},{\"@type\":\"Organization\",\"@id\":\"https:\/\/propokanpro.com\/#organization\",\"name\":\"Propokan Pro d.o.o.\",\"url\":\"https:\/\/propokanpro.com\/\",\"logo\":{\"@type\":\"ImageObject\",\"inLanguage\":\"en-US\",\"@id\":\"https:\/\/propokanpro.com\/#\/schema\/logo\/image\/\",\"url\":\"https:\/\/propokanpro.com\/wp-content\/uploads\/2019\/04\/cropped-miki1-e1554138477224.png\",\"contentUrl\":\"https:\/\/propokanpro.com\/wp-content\/uploads\/2019\/04\/cropped-miki1-e1554138477224.png\",\"width\":200,\"height\":75,\"caption\":\"Propokan Pro d.o.o.\"},\"image\":{\"@id\":\"https:\/\/propokanpro.com\/#\/schema\/logo\/image\/\"},\"sameAs\":[\"https:\/\/www.linkedin.com\/company\/propokan-pro-passive-fire-protection\/?viewAsMember=true\"]}]}<\/script>\n<!-- \/ Yoast SEO plugin. -->","yoast_head_json":{"title":"Izvo\u0111enje - PropokanPro","robots":{"index":"index","follow":"follow","max-snippet":"max-snippet:-1","max-image-preview":"max-image-preview:large","max-video-preview":"max-video-preview:-1"},"canonical":"https:\/\/propokanpro.com\/eng\/izvodjenje\/","og_locale":"en_US","og_type":"article","og_title":"Izvo\u0111enje - PropokanPro","og_description":"Ova sekcija predstavlja rezime naj\u010de\u0161\u0107e postavljanih pitanja od strane projektanata i izvo\u0111a\u010da koje smo do sada ozna\u010dili u... Read More","og_url":"https:\/\/propokanpro.com\/eng\/izvodjenje\/","og_site_name":"PropokanPro","article_modified_time":"2022-12-03T05:42:02+00:00","twitter_card":"summary_large_image","twitter_misc":{"Est. reading time":"4 minutes"},"schema":{"@context":"https:\/\/schema.org","@graph":[{"@type":"WebPage","@id":"https:\/\/propokanpro.com\/izvodjenje\/","url":"https:\/\/propokanpro.com\/izvodjenje\/","name":"Izvo\u0111enje - PropokanPro","isPartOf":{"@id":"https:\/\/propokanpro.com\/#website"},"datePublished":"2019-04-05T08:40:55+00:00","dateModified":"2022-12-03T05:42:02+00:00","breadcrumb":{"@id":"https:\/\/propokanpro.com\/izvodjenje\/#breadcrumb"},"inLanguage":"en-US","potentialAction":[{"@type":"ReadAction","target":["https:\/\/propokanpro.com\/izvodjenje\/"]}]},{"@type":"BreadcrumbList","@id":"https:\/\/propokanpro.com\/izvodjenje\/#breadcrumb","itemListElement":[{"@type":"ListItem","position":1,"name":"Home","item":"https:\/\/propokanpro.com\/"},{"@type":"ListItem","position":2,"name":"Izvo\u0111enje"}]},{"@type":"WebSite","@id":"https:\/\/propokanpro.com\/#website","url":"https:\/\/propokanpro.com\/","name":"PropokanPro","description":"","publisher":{"@id":"https:\/\/propokanpro.com\/#organization"},"potentialAction":[{"@type":"SearchAction","target":{"@type":"EntryPoint","urlTemplate":"https:\/\/propokanpro.com\/?s={search_term_string}"},"query-input":{"@type":"PropertyValueSpecification","valueRequired":true,"valueName":"search_term_string"}}],"inLanguage":"en-US"},{"@type":"Organization","@id":"https:\/\/propokanpro.com\/#organization","name":"AT&amp;\u0422C Propokan pro system doo","url":"https:\/\/propokanpro.com\/","logo":{"@type":"ImageObject","inLanguage":"en-US","@id":"https:\/\/propokanpro.com\/#\/schema\/logo\/image\/","url":"https:\/\/propokanpro.com\/wp-content\/uploads\/2019\/04\/cropped-miki1-e1554138477224.png","contentUrl":"https:\/\/propokanpro.com\/wp-content\/uploads\/2019\/04\/cropped-miki1-e1554138477224.png","width":200,"height":75,"caption":"Propokan Pro d.o.o."},"image":{"@id":"https:\/\/propokanpro.com\/#\/schema\/logo\/image\/"},"sameAs":["https:\/\/www.linkedin.com\/company\/propokan-pro-passive-fire-protection\/?viewAsMember=true"]}]}},"_links":{"self":[{"href":"https:\/\/propokanpro.com\/eng\/wp-json\/wp\/v2\/pages\/1469"}],"collection":[{"href":"https:\/\/propokanpro.com\/eng\/wp-json\/wp\/v2\/pages"}],"about":[{"href":"https:\/\/propokanpro.com\/eng\/wp-json\/wp\/v2\/types\/page"}],"author":[{"embeddable":true,"href":"https:\/\/propokanpro.com\/eng\/wp-json\/wp\/v2\/users\/1"}],"replies":[{"embeddable":true,"href":"https:\/\/propokanpro.com\/eng\/wp-json\/wp\/v2\/comments?post=1469"}],"version-history":[{"count":6,"href":"https:\/\/propokanpro.com\/eng\/wp-json\/wp\/v2\/pages\/1469\/revisions"}],"predecessor-version":[{"id":2880,"href":"https:\/\/propokanpro.com\/eng\/wp-json\/wp\/v2\/pages\/1469\/revisions\/2880"}],"wp:attachment":[{"href":"https:\/\/propokanpro.com\/eng\/wp-json\/wp\/v2\/media?parent=1469"}],"curies":[{"name":"wp","href":"https:\/\/api.w.org\/{rel}","templated":true}]}}