{"id":1463,"date":"2019-04-05T08:37:29","date_gmt":"2019-04-05T08:37:29","guid":{"rendered":"http:\/\/propokanpro.com\/?page_id=1463"},"modified":"2019-07-30T15:16:55","modified_gmt":"2019-07-30T15:16:55","slug":"pp-zastita-celicnih-konstrukcija","status":"publish","type":"page","link":"https:\/\/propokanpro.com\/eng\/pp-zastita-celicnih-konstrukcija\/","title":{"rendered":"Fire Rated Steel Structure"},"content":{"rendered":"\r\n<p>Za\u0161tita \u017eivota i imovine u slu\u010daju po\u017eara je presudna potreba u na\u0161em modernom \u017eivotu. Kako se udeo zgrada vi\u0161ih od 20 metara zna\u010dajno povec\u0301ao u posljednjih nekoliko dekada, zna\u010daj za\u0161tite od po\u017eara, a posebno strukturne za\u0161tite od po\u017eara, tako\u0111e se povec\u0301ao. Nedavne katastrofe po\u017eara, kao \u0161to su u Dubaiju ili Londonu, sa tragi\u010dnom vatrom Grenfell kule sa 79 smrtnih slu\u010dajeva, dokazuju zna\u010daj odgovarajuc\u0301ih mera za\u0161tite od po\u017eara.<\/p>\r\n<p>Intumescenti premazi se \u0161iroko koriste za za\u0161titu \u010deli\u010dnih konstrukcija od gubitka njihove \u010dvrstoc\u0301e tokom po\u017eara tokom odre\u0111enog vremena, spre\u010davajuc\u0301i da se zgrada uru\u0161i i omoguc\u0301i ljudima da se bezbedno evakui\u0161u.<\/p>\r\n<p>Intumescentna pena koja prodire mo\u017ee da postigne debljinu od 10 do 100 puta ve\u0107u od prvobitno nanesenog sloja, i izoluje materijal podloge kroz svoju nisku toplotnu provodljivost.<\/p>\r\n<p>Intumescentni sistemi su idealni za kombinovanje atraktivnog arhitektonskog izgleda sa za\u0161titom od po\u017eara i ne koriste se samo na \u010deli\u010dnim konstrukcijama.<\/p>\r\n<p>Vodeni intumescentni premazi su sve popularniji zbog svojih ekolo\u0161ki prihvatljivih aspekata u odnosu na premaze na bazi rastvara\u010da. PROPOKAN PRO SISTEM je revolucionarni, bez halogena usporiva\u010d plamena koji produ\u017eava rok trajanja upijajuc\u0301ih premaza na vodenoj bazi, bez uticaja na protivpo\u017earna svojstva &#8211; stoga podr\u017eava globalni trend prema formulacijama bez VOC.<\/p>\r\n<h6 style=\"text-align: right;\"><img loading=\"lazy\" decoding=\"async\" class=\"aligncenter wp-image-1947 size-full\" src=\"http:\/\/propokanpro.com\/wp-content\/uploads\/2019\/04\/celicne-konstrukcije-1.jpg\" alt=\"\" width=\"900\" height=\"550\" srcset=\"https:\/\/propokanpro.com\/wp-content\/uploads\/2019\/04\/celicne-konstrukcije-1.jpg 900w, https:\/\/propokanpro.com\/wp-content\/uploads\/2019\/04\/celicne-konstrukcije-1-300x183.jpg 300w, https:\/\/propokanpro.com\/wp-content\/uploads\/2019\/04\/celicne-konstrukcije-1-768x469.jpg 768w, https:\/\/propokanpro.com\/wp-content\/uploads\/2019\/04\/celicne-konstrukcije-1-640x391.jpg 640w\" sizes=\"(max-width: 900px) 100vw, 900px\" \/>picture taken from PCI Magazine<\/h6>\r\n<p>&nbsp;<\/p>\r\n<p><strong>Komponente sistema<\/strong><\/p>\r\n<p>Sistem protivpo\u017earne za\u0161tite \u010deli\u010dnih konstrukcija Propokan Pro sastoji se od tri glavne komponente:<\/p>\r\n<ol>\r\n<li>Prajmer<\/li>\r\n<li>Protivpo\u017earni premaz &#8211; za za\u0161titu od po\u017eara 30, 60, 90 i 120 minuta.<\/li>\r\n<li>Zavr\u0161ni PP emajl.<\/li>\r\n<\/ol>\r\n\r\n\r\n\r\n<p style=\"text-align: left;\">[vc_row][vc_column]<div class=\"share-options align-left\"><h6>Podelite:<\/h6><a href=\"\" class=\"twitter-sharer\" onClick=\"twitterSharer()\"><i class=\"fa fa-twitter\"><\/i><\/a><a href=\"\" class=\"facebook-sharer\" onClick=\"facebookSharer()\"><i class=\"fa fa-facebook\"><\/i><\/a><a href=\"\" class=\"pinterest-sharer\" onClick=\"pinterestSharer()\"><i class=\"fa fa-pinterest\"><\/i><\/a><a href=\"\" class=\"google-sharer\" onClick=\"googleSharer()\"><i class=\"fa fa-google-plus\"><\/i><\/a><a href=\"\" class=\"delicious-sharer\" onClick=\"deliciousSharer()\"><i class=\"fa fa-share\"><\/i><\/a><a href=\"\" class=\"linkedin-sharer\" onClick=\"linkedinSharer()\"><i class=\"fa fa-linkedin\"><\/i><\/a><\/div><p><\/p>[\/vc_column][\/vc_row]<\/p>\r\n","protected":false},"excerpt":{"rendered":"<p>Za\u0161tita \u017eivota i imovine u slu\u010daju po\u017eara je presudna potreba u na\u0161em modernom \u017eivotu. Kako se udeo zgrada&#8230; <a class=\"excerpt-read-more\" href=\"https:\/\/propokanpro.com\/eng\/pp-zastita-celicnih-konstrukcija\/\"><span>Read More<\/span><\/a><\/p>","protected":false},"author":1,"featured_media":0,"parent":0,"menu_order":0,"comment_status":"closed","ping_status":"closed","template":"","meta":{"footnotes":""},"yoast_head":"<!-- This site is optimized with the Yoast SEO plugin v23.5 - https:\/\/yoast.com\/wordpress\/plugins\/seo\/ -->\n<title>PP za\u0161tita \u010deli\u010dnih konstrukcija - PropokanPro<\/title>\n<meta name=\"robots\" content=\"index, follow, max-snippet:-1, max-image-preview:large, max-video-preview:-1\" \/>\n<link rel=\"canonical\" href=\"https:\/\/propokanpro.com\/eng\/pp-zastita-celicnih-konstrukcija\/\" \/>\n<meta property=\"og:locale\" content=\"en_US\" \/>\n<meta property=\"og:type\" content=\"article\" \/>\n<meta property=\"og:title\" content=\"PP za\u0161tita \u010deli\u010dnih konstrukcija - PropokanPro\" \/>\n<meta property=\"og:description\" content=\"Za\u0161tita \u017eivota i imovine u slu\u010daju po\u017eara je presudna potreba u na\u0161em modernom \u017eivotu. Kako se udeo zgrada... Read More\" \/>\n<meta property=\"og:url\" content=\"https:\/\/propokanpro.com\/eng\/pp-zastita-celicnih-konstrukcija\/\" \/>\n<meta property=\"og:site_name\" content=\"PropokanPro\" \/>\n<meta property=\"article:modified_time\" content=\"2019-07-30T15:16:55+00:00\" \/>\n<meta property=\"og:image\" content=\"http:\/\/propokanpro.com\/wp-content\/uploads\/2019\/04\/celicne-konstrukcije-1.jpg\" \/>\n<meta name=\"twitter:card\" content=\"summary_large_image\" \/>\n<meta name=\"twitter:label1\" content=\"Est. reading time\" \/>\n\t<meta name=\"twitter:data1\" content=\"1 minute\" \/>\n<script type=\"application\/ld+json\" class=\"yoast-schema-graph\">{\"@context\":\"https:\/\/schema.org\",\"@graph\":[{\"@type\":\"WebPage\",\"@id\":\"https:\/\/propokanpro.com\/pp-zastita-celicnih-konstrukcija\/\",\"url\":\"https:\/\/propokanpro.com\/pp-zastita-celicnih-konstrukcija\/\",\"name\":\"PP za\u0161tita \u010deli\u010dnih konstrukcija - PropokanPro\",\"isPartOf\":{\"@id\":\"https:\/\/propokanpro.com\/#website\"},\"primaryImageOfPage\":{\"@id\":\"https:\/\/propokanpro.com\/pp-zastita-celicnih-konstrukcija\/#primaryimage\"},\"image\":{\"@id\":\"https:\/\/propokanpro.com\/pp-zastita-celicnih-konstrukcija\/#primaryimage\"},\"thumbnailUrl\":\"http:\/\/propokanpro.com\/wp-content\/uploads\/2019\/04\/celicne-konstrukcije-1.jpg\",\"datePublished\":\"2019-04-05T08:37:29+00:00\",\"dateModified\":\"2019-07-30T15:16:55+00:00\",\"breadcrumb\":{\"@id\":\"https:\/\/propokanpro.com\/pp-zastita-celicnih-konstrukcija\/#breadcrumb\"},\"inLanguage\":\"en-US\",\"potentialAction\":[{\"@type\":\"ReadAction\",\"target\":[\"https:\/\/propokanpro.com\/pp-zastita-celicnih-konstrukcija\/\"]}]},{\"@type\":\"ImageObject\",\"inLanguage\":\"en-US\",\"@id\":\"https:\/\/propokanpro.com\/pp-zastita-celicnih-konstrukcija\/#primaryimage\",\"url\":\"http:\/\/propokanpro.com\/wp-content\/uploads\/2019\/04\/celicne-konstrukcije-1.jpg\",\"contentUrl\":\"http:\/\/propokanpro.com\/wp-content\/uploads\/2019\/04\/celicne-konstrukcije-1.jpg\"},{\"@type\":\"BreadcrumbList\",\"@id\":\"https:\/\/propokanpro.com\/pp-zastita-celicnih-konstrukcija\/#breadcrumb\",\"itemListElement\":[{\"@type\":\"ListItem\",\"position\":1,\"name\":\"Home\",\"item\":\"https:\/\/propokanpro.com\/\"},{\"@type\":\"ListItem\",\"position\":2,\"name\":\"PP za\u0161tita \u010deli\u010dnih konstrukcija\"}]},{\"@type\":\"WebSite\",\"@id\":\"https:\/\/propokanpro.com\/#website\",\"url\":\"https:\/\/propokanpro.com\/\",\"name\":\"PropokanPro\",\"description\":\"\",\"publisher\":{\"@id\":\"https:\/\/propokanpro.com\/#organization\"},\"potentialAction\":[{\"@type\":\"SearchAction\",\"target\":{\"@type\":\"EntryPoint\",\"urlTemplate\":\"https:\/\/propokanpro.com\/?s={search_term_string}\"},\"query-input\":{\"@type\":\"PropertyValueSpecification\",\"valueRequired\":true,\"valueName\":\"search_term_string\"}}],\"inLanguage\":\"en-US\"},{\"@type\":\"Organization\",\"@id\":\"https:\/\/propokanpro.com\/#organization\",\"name\":\"Propokan Pro d.o.o.\",\"url\":\"https:\/\/propokanpro.com\/\",\"logo\":{\"@type\":\"ImageObject\",\"inLanguage\":\"en-US\",\"@id\":\"https:\/\/propokanpro.com\/#\/schema\/logo\/image\/\",\"url\":\"https:\/\/propokanpro.com\/wp-content\/uploads\/2019\/04\/cropped-miki1-e1554138477224.png\",\"contentUrl\":\"https:\/\/propokanpro.com\/wp-content\/uploads\/2019\/04\/cropped-miki1-e1554138477224.png\",\"width\":200,\"height\":75,\"caption\":\"Propokan Pro d.o.o.\"},\"image\":{\"@id\":\"https:\/\/propokanpro.com\/#\/schema\/logo\/image\/\"},\"sameAs\":[\"https:\/\/www.linkedin.com\/company\/propokan-pro-passive-fire-protection\/?viewAsMember=true\"]}]}<\/script>\n<!-- \/ Yoast SEO plugin. -->","yoast_head_json":{"title":"PP za\u0161tita \u010deli\u010dnih konstrukcija - PropokanPro","robots":{"index":"index","follow":"follow","max-snippet":"max-snippet:-1","max-image-preview":"max-image-preview:large","max-video-preview":"max-video-preview:-1"},"canonical":"https:\/\/propokanpro.com\/eng\/pp-zastita-celicnih-konstrukcija\/","og_locale":"en_US","og_type":"article","og_title":"PP za\u0161tita \u010deli\u010dnih konstrukcija - PropokanPro","og_description":"Za\u0161tita \u017eivota i imovine u slu\u010daju po\u017eara je presudna potreba u na\u0161em modernom \u017eivotu. Kako se udeo zgrada... Read More","og_url":"https:\/\/propokanpro.com\/eng\/pp-zastita-celicnih-konstrukcija\/","og_site_name":"PropokanPro","article_modified_time":"2019-07-30T15:16:55+00:00","og_image":[{"url":"http:\/\/propokanpro.com\/wp-content\/uploads\/2019\/04\/celicne-konstrukcije-1.jpg"}],"twitter_card":"summary_large_image","twitter_misc":{"Est. reading time":"1 minute"},"schema":{"@context":"https:\/\/schema.org","@graph":[{"@type":"WebPage","@id":"https:\/\/propokanpro.com\/pp-zastita-celicnih-konstrukcija\/","url":"https:\/\/propokanpro.com\/pp-zastita-celicnih-konstrukcija\/","name":"PP za\u0161tita \u010deli\u010dnih konstrukcija - PropokanPro","isPartOf":{"@id":"https:\/\/propokanpro.com\/#website"},"primaryImageOfPage":{"@id":"https:\/\/propokanpro.com\/pp-zastita-celicnih-konstrukcija\/#primaryimage"},"image":{"@id":"https:\/\/propokanpro.com\/pp-zastita-celicnih-konstrukcija\/#primaryimage"},"thumbnailUrl":"http:\/\/propokanpro.com\/wp-content\/uploads\/2019\/04\/celicne-konstrukcije-1.jpg","datePublished":"2019-04-05T08:37:29+00:00","dateModified":"2019-07-30T15:16:55+00:00","breadcrumb":{"@id":"https:\/\/propokanpro.com\/pp-zastita-celicnih-konstrukcija\/#breadcrumb"},"inLanguage":"en-US","potentialAction":[{"@type":"ReadAction","target":["https:\/\/propokanpro.com\/pp-zastita-celicnih-konstrukcija\/"]}]},{"@type":"ImageObject","inLanguage":"en-US","@id":"https:\/\/propokanpro.com\/pp-zastita-celicnih-konstrukcija\/#primaryimage","url":"http:\/\/propokanpro.com\/wp-content\/uploads\/2019\/04\/celicne-konstrukcije-1.jpg","contentUrl":"http:\/\/propokanpro.com\/wp-content\/uploads\/2019\/04\/celicne-konstrukcije-1.jpg"},{"@type":"BreadcrumbList","@id":"https:\/\/propokanpro.com\/pp-zastita-celicnih-konstrukcija\/#breadcrumb","itemListElement":[{"@type":"ListItem","position":1,"name":"Home","item":"https:\/\/propokanpro.com\/"},{"@type":"ListItem","position":2,"name":"PP za\u0161tita \u010deli\u010dnih konstrukcija"}]},{"@type":"WebSite","@id":"https:\/\/propokanpro.com\/#website","url":"https:\/\/propokanpro.com\/","name":"PropokanPro","description":"","publisher":{"@id":"https:\/\/propokanpro.com\/#organization"},"potentialAction":[{"@type":"SearchAction","target":{"@type":"EntryPoint","urlTemplate":"https:\/\/propokanpro.com\/?s={search_term_string}"},"query-input":{"@type":"PropertyValueSpecification","valueRequired":true,"valueName":"search_term_string"}}],"inLanguage":"en-US"},{"@type":"Organization","@id":"https:\/\/propokanpro.com\/#organization","name":"AT&amp;\u0422C Propokan pro system doo","url":"https:\/\/propokanpro.com\/","logo":{"@type":"ImageObject","inLanguage":"en-US","@id":"https:\/\/propokanpro.com\/#\/schema\/logo\/image\/","url":"https:\/\/propokanpro.com\/wp-content\/uploads\/2019\/04\/cropped-miki1-e1554138477224.png","contentUrl":"https:\/\/propokanpro.com\/wp-content\/uploads\/2019\/04\/cropped-miki1-e1554138477224.png","width":200,"height":75,"caption":"Propokan Pro d.o.o."},"image":{"@id":"https:\/\/propokanpro.com\/#\/schema\/logo\/image\/"},"sameAs":["https:\/\/www.linkedin.com\/company\/propokan-pro-passive-fire-protection\/?viewAsMember=true"]}]}},"_links":{"self":[{"href":"https:\/\/propokanpro.com\/eng\/wp-json\/wp\/v2\/pages\/1463"}],"collection":[{"href":"https:\/\/propokanpro.com\/eng\/wp-json\/wp\/v2\/pages"}],"about":[{"href":"https:\/\/propokanpro.com\/eng\/wp-json\/wp\/v2\/types\/page"}],"author":[{"embeddable":true,"href":"https:\/\/propokanpro.com\/eng\/wp-json\/wp\/v2\/users\/1"}],"replies":[{"embeddable":true,"href":"https:\/\/propokanpro.com\/eng\/wp-json\/wp\/v2\/comments?post=1463"}],"version-history":[{"count":11,"href":"https:\/\/propokanpro.com\/eng\/wp-json\/wp\/v2\/pages\/1463\/revisions"}],"predecessor-version":[{"id":2156,"href":"https:\/\/propokanpro.com\/eng\/wp-json\/wp\/v2\/pages\/1463\/revisions\/2156"}],"wp:attachment":[{"href":"https:\/\/propokanpro.com\/eng\/wp-json\/wp\/v2\/media?parent=1463"}],"curies":[{"name":"wp","href":"https:\/\/api.w.org\/{rel}","templated":true}]}}