{"id":1421,"date":"2019-04-04T13:31:19","date_gmt":"2019-04-04T13:31:19","guid":{"rendered":"http:\/\/propokanpro.com\/?page_id=1421"},"modified":"2022-12-13T14:21:37","modified_gmt":"2022-12-13T14:21:37","slug":"nasi-partneri","status":"publish","type":"page","link":"https:\/\/propokanpro.com\/eng\/nasi-partneri\/","title":{"rendered":"Partners"},"content":{"rendered":"\r\n<p>Inovativni pristup, profesionalni i edukativni poslovni anga\u017eman pored ostalog podrazumeva blisku saradnju sa na\u0161im partnerima koji se bave proizvodnjom komponenata Propokan protivpo\u017earnog sistema za\u0161tite (Pitura d.o.o.) kao i distribucijom i monta\u017eom gotovog proizvoda, protivpo\u017earnog kanala za ventilaciju i odvod dima i toplote (Iluterm d.o.o, Alfaco d.o.o., Termo&amp;Cold d.o.o., Montgrej d.o.o. Crna Gora).<\/p>\r\n\r\n\r\n\r\n<p>&nbsp;<\/p>\r\n\r\n\r\n\r\n<p class=\"has-medium-font-size\"><strong>Proizvodnja<\/strong><\/p>\r\n\r\n\r\n\r\n<figure class=\"wp-block-image size-large is-resized\"><img loading=\"lazy\" decoding=\"async\" class=\"wp-image-835\" src=\"http:\/\/propokanpro.com\/wp-content\/uploads\/2019\/04\/aa.png\" alt=\"\" width=\"113\" height=\"113\" \/><\/figure>\r\n\r\n\r\n\r\n<p><strong>Pitura d.o.o. Beograd<\/strong> \u2013 lider na polju proizvodnje, uvoza i distribucije premaza i prajmera proizvodi komponente Propokan protivpo\u017earnog sistema za\u0161tite \u2013 odma\u0161\u0107iva\u010d i prajmer. \u00a0 <br \/><a href=\"https:\/\/www.pitura.co.rs\">https:\/\/www.pitura.co.rs<\/a><\/p>\r\n\r\n\r\n\r\n<p>&nbsp;<\/p>\r\n\r\n\r\n\r\n<p class=\"has-medium-font-size\"><strong>Distribucija i monta\u017ea<\/strong><\/p>\r\n\r\n\r\n\r\n<p>Monta\u017ea propivpo\u017earnog kanala za ventilaciju i odvod dima i toplote kao i distribucija komponenata Propokan sistema za\u0161tite:<\/p>\r\n\r\n\r\n\r\n\r\n\r\n<p>&nbsp;<\/p>\r\n\r\n\r\n\r\n<figure class=\"wp-block-image size-large\"><img loading=\"lazy\" decoding=\"async\" width=\"121\" height=\"90\" class=\"wp-image-838\" src=\"http:\/\/propokanpro.com\/wp-content\/uploads\/2019\/04\/ddd.jpg\" alt=\"\" \/><\/figure>\r\n\r\n\r\n\r\n<p><strong>Iluterm d.o.o, Beograd<\/strong> \u2013 projektovanje i izvo\u0111enje termotehni\u010dkih instalacija kao i ugradnje i o\u010ditavanja merno regulacione opreme. <br \/><a href=\"http:\/\/iluterm.com\/\">http:\/\/iluterm.com<\/a><\/p>\r\n\r\n\r\n\r\n<p>&nbsp;<\/p>\r\n\r\n\r\n\r\n<figure class=\"wp-block-image\"><img loading=\"lazy\" decoding=\"async\" width=\"300\" height=\"70\" class=\"wp-image-2090\" src=\"http:\/\/propokanpro.com\/wp-content\/uploads\/2019\/06\/alfaco-logo-1058x247-cm.png\" alt=\"\" \/><\/figure>\r\n\r\n\r\n\r\n<p class=\"wp-block-image\"><strong>Alfaco in\u017eenjering d.o.o, \u010ca\u010dak <\/strong>\u00a0\u2013 proizvodnja, projektovanje i izvo\u0111enje termotehni\u010dkih\u00a0 i elektro instalacija\u00a0 \u00a0 \u00a0 \u00a0 \u00a0 \u00a0 \u00a0 \u00a0 \u00a0 \u00a0 \u00a0 \u00a0 \u00a0 \u00a0 \u00a0 \u00a0 \u00a0 \u00a0 \u00a0 \u00a0 \u00a0 \u00a0 \u00a0 \u00a0 \u00a0 \u00a0 \u00a0 \u00a0 \u00a0 \u00a0 \u00a0 \u00a0 \u00a0 \u00a0 \u00a0 \u00a0 \u00a0 \u00a0 \u00a0 \u00a0 \u00a0(grejanje, hla\u0111enje, klimatizacija i ventilacija, <span lang=\"sr-Latn-RS\">kao i elektromotorni pogon i upravljanje<\/span>).\u00a0 \u00a0 \u00a0 \u00a0 \u00a0\u00a0<\/p>\r\n\r\n\r\n\r\n<p><a href=\"http:\/\/alfacoing.com\">http:\/\/alfacoing.com<\/a><\/p>\r\n\r\n\r\n\r\n<p>&nbsp;<\/p>\r\n\r\n\r\n\r\n<figure class=\"wp-block-image size-large is-resized\"><img loading=\"lazy\" decoding=\"async\" class=\"wp-image-2135\" src=\"http:\/\/propokanpro.com\/wp-content\/uploads\/2019\/06\/Termocold-logo-retina.png\" alt=\"\" width=\"191\" height=\"40\" srcset=\"https:\/\/propokanpro.com\/wp-content\/uploads\/2019\/06\/Termocold-logo-retina.png 764w, https:\/\/propokanpro.com\/wp-content\/uploads\/2019\/06\/Termocold-logo-retina-300x63.png 300w, https:\/\/propokanpro.com\/wp-content\/uploads\/2019\/06\/Termocold-logo-retina-640x134.png 640w\" sizes=\"(max-width: 191px) 100vw, 191px\" \/><\/figure>\r\n\r\n\r\n\r\n<p><strong>Termo &amp; Cold d.o.o, Beograd<\/strong> \u2013 projektovanje i izvo\u0111enje termotehni\u010dkih instalacija kao i proizvodnja ventilacionih kanala, distributivnih\u00a0 \u00a0 \u00a0 \u00a0 \u00a0 \u00a0 \u00a0 \u00a0 \u00a0 \u00a0 elemenata, i \u010deli\u010dnih konstrukcija. <br \/><a href=\"https:\/\/termocold.rs\/\">https:\/\/termocold.rs\/<\/a><\/p>\r\n\r\n\r\n\r\n<p>&nbsp;<\/p>\r\n\r\n\r\n\r\n<figure class=\"wp-block-image size-large is-resized\"><img loading=\"lazy\" decoding=\"async\" class=\"wp-image-2783\" src=\"http:\/\/propokanpro.com\/wp-content\/uploads\/2021\/04\/Montgrej-logo-1024x461.jpg\" alt=\"\" width=\"128\" height=\"57\" srcset=\"https:\/\/propokanpro.com\/wp-content\/uploads\/2021\/04\/Montgrej-logo-1024x461.jpg 1024w, https:\/\/propokanpro.com\/wp-content\/uploads\/2021\/04\/Montgrej-logo-300x135.jpg 300w, https:\/\/propokanpro.com\/wp-content\/uploads\/2021\/04\/Montgrej-logo-768x346.jpg 768w, https:\/\/propokanpro.com\/wp-content\/uploads\/2021\/04\/Montgrej-logo-1536x691.jpg 1536w, https:\/\/propokanpro.com\/wp-content\/uploads\/2021\/04\/Montgrej-logo-16x7.jpg 16w, https:\/\/propokanpro.com\/wp-content\/uploads\/2021\/04\/Montgrej-logo-1120x504.jpg 1120w, https:\/\/propokanpro.com\/wp-content\/uploads\/2021\/04\/Montgrej-logo-640x288.jpg 640w, https:\/\/propokanpro.com\/wp-content\/uploads\/2021\/04\/Montgrej-logo.jpg 1600w\" sizes=\"(max-width: 128px) 100vw, 128px\" \/><\/figure>\r\n\r\n\r\n\r\n<p><strong>Montgrej d.o.o, Podgorica, Crna Gora<\/strong> \u2013 monta\u017ea HVAC opreme i instalacija, grejanje, hla\u0111enje i klimatizacija, kao i servisiranje, pu\u0161tanje u rad opreme i instalacija, proizvodnja HVAC delova instalacija i projektovanje. <br \/><a href=\"https:\/\/montgrej.me\">https:\/\/montgrej.me<\/a><\/p>\r\n\r\n\r\n\r\n<p>&nbsp;<\/p>\r\n\r\n\r\n\r\n<p class=\"has-medium-font-size\"><strong>Projektovanje <\/strong><\/p>\r\n\r\n\r\n\r\n<div class=\"wp-block-image\">\r\n<figure class=\"alignleft is-resized\"><img loading=\"lazy\" decoding=\"async\" class=\"wp-image-1518\" src=\"http:\/\/propokanpro.com\/wp-content\/uploads\/2019\/04\/B2-project-logo.jpg\" alt=\"\" width=\"270\" height=\"84\" srcset=\"https:\/\/propokanpro.com\/wp-content\/uploads\/2019\/04\/B2-project-logo.jpg 878w, https:\/\/propokanpro.com\/wp-content\/uploads\/2019\/04\/B2-project-logo-300x93.jpg 300w, https:\/\/propokanpro.com\/wp-content\/uploads\/2019\/04\/B2-project-logo-768x238.jpg 768w, https:\/\/propokanpro.com\/wp-content\/uploads\/2019\/04\/B2-project-logo-640x198.jpg 640w\" sizes=\"(max-width: 270px) 100vw, 270px\" \/><\/figure>\r\n<\/div>\r\n\r\n\r\n\r\n<p><strong>B2 Project &#8211; <\/strong>projektovanje instalacija ventilacije, klimatizacije, grejanja i hla\u0111enja u gra\u0111evinarstvu.<\/p>\r\n\r\n\r\n\r\n<p>Projektovanje se vr\u0161i u skladu sa doma\u0107im i inostranim standardima (SRPS; \u00a0ASHRAE; EN; VDI, BS; \u0421\u041d\u0438\u041f, \u0421\u0430\u043d\u041f\u0438\u043d itd.), na srpskom, ruskom i engleskom jeziku.<\/p>\r\n\r\n\r\n\r\n<p>Shodno zahtevima savremenog gra\u0111evinarstva, projektovanje je organizovano i u BIM sofveru.<\/p>\r\n\r\n\r\n\r\n<p><strong>B2 Project<\/strong> biro mo\u017ee da ponudi izradu projekata svih vrsta instalacija u gra\u0111evinarstvu na doma\u0107em i inostranom tr\u017ei\u0161tu (arhitekturu, ma\u0161inske, elektro instalacije, vodovod i kanalizacija, sprinkler, projekti automatike, itd.).<\/p>\r\n\r\n\r\n\r\n<p>Rad <strong>B2 Project<\/strong>-a je zasnovan na po\u0161tovanju va\u017ee\u0107ih propisa, tehni\u010dkih standarda i preporuka renomiranih me\u0111unarodnih tehni\u010dkih dru\u0161tava i istovremenom tra\u017eenju najboljeg mogu\u0107eg re\u0161enja uzimaju\u0107i u obzir ekonomska ograni\u010denja i ekolo\u0161ke interese<strong>.<\/strong><\/p>\r\n\r\n\r\n\r\n<p>Reference predstavljaju projekti objekata raznolikih namena (tr\u017eni centri, hotelski kompleksi, medicinski objekti, industrijski objekti raznih namena, privatne vile, poslovni, obrazovni, komercijalni i rezidencijalni objekti).<\/p>\r\n\r\n\r\n\r\n<p><a href=\"http:\/\/www.b2project.rs\">http:\/\/www.b2project.rs<\/a><\/p>\r\n\r\n\r\n\r\n<div class=\"wp-block-file\"><a href=\"http:\/\/propokanpro.com\/wp-content\/uploads\/2019\/04\/B2-project-HVAC-referenc-list-2019.pdf\"> Referenc lista: <\/a><a class=\"wp-block-file__button\" href=\"http:\/\/propokanpro.com\/wp-content\/uploads\/2019\/04\/B2-project-HVAC-referenc-list-2019.pdf\" download=\"\">Download<\/a><\/div>\r\n\r\n\r\n\r\n<div>\u00a0<\/div>\r\n\r\n\r\n\r\n<div>\u00a0<\/div>\r\n\r\n\r\n\r\n<div class=\"wp-block-image\">\r\n<figure class=\"alignleft is-resized\"><img loading=\"lazy\" decoding=\"async\" class=\"wp-image-1791\" src=\"http:\/\/propokanpro.com\/wp-content\/uploads\/2019\/04\/unnamed.png\" alt=\"\" width=\"59\" height=\"59\" \/><\/figure>\r\n<\/div>\r\n\r\n\r\n\r\n<p><strong>STUDIO ARCHITONIC<\/strong> &#8211; predstavlja samostalan, fleksibilan i operativan tim stru\u010dnjaka profesionalno osposobljenih da na najvi\u0161em nivou realizuje poslove iz oblasti arhitekture i dizajna, tehni\u010dko \u2013 tehnolo\u0161ke podr\u0161ke, stru\u010dnog nadzora, projektnih finansija, nabavke i organizacije.<\/p>\r\n\r\n\r\n\r\n<p>Obavlja poslove i pru\u017ea usluge arhitektonsko gra\u0111evinskog projektovanja aerodroma, poslovnih, stambenih, \u0161kolskih, industrijskih, komercijalnih i turisti\u010dkih kapaciteta, kao i ostalog potrebnog za realizaciju javnih i privatnih investicija.<\/p>\r\n\r\n\r\n\r\n<p>Jedna od referentnih konsultanskih ku\u0107a specijalizovanih za pru\u017eanje usluga i kreiranje optimalnih re\u0161enja u interakciji sa klijentima kroz definisanje konkretnih zahteva i potreba, uz sagledavanje sposobnosti i mogu\u0107nosti za njihovu uspe\u0161nu realizaciju.<\/p>\r\n<p><a href=\"http:\/\/www.architonic.rs\">http:\/\/www.architonic.rs<\/a><\/p>\r\n<p>\r\n\r\n<\/p>\r\n<div class=\"wp-block-file\"><a href=\"http:\/\/propokanpro.com\/wp-content\/uploads\/2019\/04\/Studio-Architonic_Portfolio-REV-04.pdf\">Studio Architonic_Portfolio<\/a><a class=\"wp-block-file__button\" href=\"http:\/\/propokanpro.com\/wp-content\/uploads\/2019\/04\/Studio-Architonic_Portfolio-REV-04.pdf\" download=\"\">Download<\/a><\/div>\r\n<p>\r\n\r\n<\/p>\n<p>[vc_row][vc_column]<div class=\"share-options align-left\"><h6>Podelite:<\/h6><a href=\"\" class=\"twitter-sharer\" onClick=\"twitterSharer()\"><i class=\"fa fa-twitter\"><\/i><\/a><a href=\"\" class=\"facebook-sharer\" onClick=\"facebookSharer()\"><i class=\"fa fa-facebook\"><\/i><\/a><a href=\"\" class=\"pinterest-sharer\" onClick=\"pinterestSharer()\"><i class=\"fa fa-pinterest\"><\/i><\/a><a href=\"\" class=\"google-sharer\" onClick=\"googleSharer()\"><i class=\"fa fa-google-plus\"><\/i><\/a><a href=\"\" class=\"delicious-sharer\" onClick=\"deliciousSharer()\"><i class=\"fa fa-share\"><\/i><\/a><a href=\"\" class=\"linkedin-sharer\" onClick=\"linkedinSharer()\"><i class=\"fa fa-linkedin\"><\/i><\/a><\/div><p><\/p>[\/vc_column][\/vc_row]<\/p>\n<p>\n<\/p>","protected":false},"excerpt":{"rendered":"<p>Inovativni pristup, profesionalni i edukativni poslovni anga\u017eman pored ostalog podrazumeva blisku saradnju sa na\u0161im partnerima koji se bave&#8230; <a class=\"excerpt-read-more\" href=\"https:\/\/propokanpro.com\/eng\/nasi-partneri\/\"><span>Read More<\/span><\/a><\/p>","protected":false},"author":1,"featured_media":0,"parent":0,"menu_order":0,"comment_status":"closed","ping_status":"closed","template":"","meta":{"footnotes":""},"yoast_head":"<!-- This site is optimized with the Yoast SEO plugin v23.5 - https:\/\/yoast.com\/wordpress\/plugins\/seo\/ -->\n<title>Partneri - PropokanPro<\/title>\n<meta name=\"robots\" content=\"index, follow, max-snippet:-1, max-image-preview:large, max-video-preview:-1\" \/>\n<link rel=\"canonical\" href=\"https:\/\/propokanpro.com\/eng\/nasi-partneri\/\" \/>\n<meta property=\"og:locale\" content=\"en_US\" \/>\n<meta property=\"og:type\" content=\"article\" \/>\n<meta property=\"og:title\" content=\"Partneri - PropokanPro\" \/>\n<meta property=\"og:description\" content=\"Inovativni pristup, profesionalni i edukativni poslovni anga\u017eman pored ostalog podrazumeva blisku saradnju sa na\u0161im partnerima koji se bave... Read More\" \/>\n<meta property=\"og:url\" content=\"https:\/\/propokanpro.com\/eng\/nasi-partneri\/\" \/>\n<meta property=\"og:site_name\" content=\"PropokanPro\" \/>\n<meta property=\"article:modified_time\" content=\"2022-12-13T14:21:37+00:00\" \/>\n<meta property=\"og:image\" content=\"http:\/\/propokanpro.com\/wp-content\/uploads\/2019\/04\/aa.png\" \/>\n<meta name=\"twitter:card\" content=\"summary_large_image\" \/>\n<meta name=\"twitter:label1\" content=\"Est. reading time\" \/>\n\t<meta name=\"twitter:data1\" content=\"4 minutes\" \/>\n<script type=\"application\/ld+json\" class=\"yoast-schema-graph\">{\"@context\":\"https:\/\/schema.org\",\"@graph\":[{\"@type\":\"WebPage\",\"@id\":\"https:\/\/propokanpro.com\/nasi-partneri\/\",\"url\":\"https:\/\/propokanpro.com\/nasi-partneri\/\",\"name\":\"Partneri - PropokanPro\",\"isPartOf\":{\"@id\":\"https:\/\/propokanpro.com\/#website\"},\"primaryImageOfPage\":{\"@id\":\"https:\/\/propokanpro.com\/nasi-partneri\/#primaryimage\"},\"image\":{\"@id\":\"https:\/\/propokanpro.com\/nasi-partneri\/#primaryimage\"},\"thumbnailUrl\":\"http:\/\/propokanpro.com\/wp-content\/uploads\/2019\/04\/aa.png\",\"datePublished\":\"2019-04-04T13:31:19+00:00\",\"dateModified\":\"2022-12-13T14:21:37+00:00\",\"breadcrumb\":{\"@id\":\"https:\/\/propokanpro.com\/nasi-partneri\/#breadcrumb\"},\"inLanguage\":\"en-US\",\"potentialAction\":[{\"@type\":\"ReadAction\",\"target\":[\"https:\/\/propokanpro.com\/nasi-partneri\/\"]}]},{\"@type\":\"ImageObject\",\"inLanguage\":\"en-US\",\"@id\":\"https:\/\/propokanpro.com\/nasi-partneri\/#primaryimage\",\"url\":\"http:\/\/propokanpro.com\/wp-content\/uploads\/2019\/04\/aa.png\",\"contentUrl\":\"http:\/\/propokanpro.com\/wp-content\/uploads\/2019\/04\/aa.png\"},{\"@type\":\"BreadcrumbList\",\"@id\":\"https:\/\/propokanpro.com\/nasi-partneri\/#breadcrumb\",\"itemListElement\":[{\"@type\":\"ListItem\",\"position\":1,\"name\":\"Home\",\"item\":\"https:\/\/propokanpro.com\/\"},{\"@type\":\"ListItem\",\"position\":2,\"name\":\"Partneri\"}]},{\"@type\":\"WebSite\",\"@id\":\"https:\/\/propokanpro.com\/#website\",\"url\":\"https:\/\/propokanpro.com\/\",\"name\":\"PropokanPro\",\"description\":\"\",\"publisher\":{\"@id\":\"https:\/\/propokanpro.com\/#organization\"},\"potentialAction\":[{\"@type\":\"SearchAction\",\"target\":{\"@type\":\"EntryPoint\",\"urlTemplate\":\"https:\/\/propokanpro.com\/?s={search_term_string}\"},\"query-input\":{\"@type\":\"PropertyValueSpecification\",\"valueRequired\":true,\"valueName\":\"search_term_string\"}}],\"inLanguage\":\"en-US\"},{\"@type\":\"Organization\",\"@id\":\"https:\/\/propokanpro.com\/#organization\",\"name\":\"Propokan Pro d.o.o.\",\"url\":\"https:\/\/propokanpro.com\/\",\"logo\":{\"@type\":\"ImageObject\",\"inLanguage\":\"en-US\",\"@id\":\"https:\/\/propokanpro.com\/#\/schema\/logo\/image\/\",\"url\":\"https:\/\/propokanpro.com\/wp-content\/uploads\/2019\/04\/cropped-miki1-e1554138477224.png\",\"contentUrl\":\"https:\/\/propokanpro.com\/wp-content\/uploads\/2019\/04\/cropped-miki1-e1554138477224.png\",\"width\":200,\"height\":75,\"caption\":\"Propokan Pro d.o.o.\"},\"image\":{\"@id\":\"https:\/\/propokanpro.com\/#\/schema\/logo\/image\/\"},\"sameAs\":[\"https:\/\/www.linkedin.com\/company\/propokan-pro-passive-fire-protection\/?viewAsMember=true\"]}]}<\/script>\n<!-- \/ Yoast SEO plugin. -->","yoast_head_json":{"title":"Partneri - PropokanPro","robots":{"index":"index","follow":"follow","max-snippet":"max-snippet:-1","max-image-preview":"max-image-preview:large","max-video-preview":"max-video-preview:-1"},"canonical":"https:\/\/propokanpro.com\/eng\/nasi-partneri\/","og_locale":"en_US","og_type":"article","og_title":"Partneri - PropokanPro","og_description":"Inovativni pristup, profesionalni i edukativni poslovni anga\u017eman pored ostalog podrazumeva blisku saradnju sa na\u0161im partnerima koji se bave... Read More","og_url":"https:\/\/propokanpro.com\/eng\/nasi-partneri\/","og_site_name":"PropokanPro","article_modified_time":"2022-12-13T14:21:37+00:00","og_image":[{"url":"http:\/\/propokanpro.com\/wp-content\/uploads\/2019\/04\/aa.png"}],"twitter_card":"summary_large_image","twitter_misc":{"Est. reading time":"4 minutes"},"schema":{"@context":"https:\/\/schema.org","@graph":[{"@type":"WebPage","@id":"https:\/\/propokanpro.com\/nasi-partneri\/","url":"https:\/\/propokanpro.com\/nasi-partneri\/","name":"Partneri - PropokanPro","isPartOf":{"@id":"https:\/\/propokanpro.com\/#website"},"primaryImageOfPage":{"@id":"https:\/\/propokanpro.com\/nasi-partneri\/#primaryimage"},"image":{"@id":"https:\/\/propokanpro.com\/nasi-partneri\/#primaryimage"},"thumbnailUrl":"http:\/\/propokanpro.com\/wp-content\/uploads\/2019\/04\/aa.png","datePublished":"2019-04-04T13:31:19+00:00","dateModified":"2022-12-13T14:21:37+00:00","breadcrumb":{"@id":"https:\/\/propokanpro.com\/nasi-partneri\/#breadcrumb"},"inLanguage":"en-US","potentialAction":[{"@type":"ReadAction","target":["https:\/\/propokanpro.com\/nasi-partneri\/"]}]},{"@type":"ImageObject","inLanguage":"en-US","@id":"https:\/\/propokanpro.com\/nasi-partneri\/#primaryimage","url":"http:\/\/propokanpro.com\/wp-content\/uploads\/2019\/04\/aa.png","contentUrl":"http:\/\/propokanpro.com\/wp-content\/uploads\/2019\/04\/aa.png"},{"@type":"BreadcrumbList","@id":"https:\/\/propokanpro.com\/nasi-partneri\/#breadcrumb","itemListElement":[{"@type":"ListItem","position":1,"name":"Home","item":"https:\/\/propokanpro.com\/"},{"@type":"ListItem","position":2,"name":"Partneri"}]},{"@type":"WebSite","@id":"https:\/\/propokanpro.com\/#website","url":"https:\/\/propokanpro.com\/","name":"PropokanPro","description":"","publisher":{"@id":"https:\/\/propokanpro.com\/#organization"},"potentialAction":[{"@type":"SearchAction","target":{"@type":"EntryPoint","urlTemplate":"https:\/\/propokanpro.com\/?s={search_term_string}"},"query-input":{"@type":"PropertyValueSpecification","valueRequired":true,"valueName":"search_term_string"}}],"inLanguage":"en-US"},{"@type":"Organization","@id":"https:\/\/propokanpro.com\/#organization","name":"AT&amp;\u0422C Propokan pro system doo","url":"https:\/\/propokanpro.com\/","logo":{"@type":"ImageObject","inLanguage":"en-US","@id":"https:\/\/propokanpro.com\/#\/schema\/logo\/image\/","url":"https:\/\/propokanpro.com\/wp-content\/uploads\/2019\/04\/cropped-miki1-e1554138477224.png","contentUrl":"https:\/\/propokanpro.com\/wp-content\/uploads\/2019\/04\/cropped-miki1-e1554138477224.png","width":200,"height":75,"caption":"Propokan Pro d.o.o."},"image":{"@id":"https:\/\/propokanpro.com\/#\/schema\/logo\/image\/"},"sameAs":["https:\/\/www.linkedin.com\/company\/propokan-pro-passive-fire-protection\/?viewAsMember=true"]}]}},"_links":{"self":[{"href":"https:\/\/propokanpro.com\/eng\/wp-json\/wp\/v2\/pages\/1421"}],"collection":[{"href":"https:\/\/propokanpro.com\/eng\/wp-json\/wp\/v2\/pages"}],"about":[{"href":"https:\/\/propokanpro.com\/eng\/wp-json\/wp\/v2\/types\/page"}],"author":[{"embeddable":true,"href":"https:\/\/propokanpro.com\/eng\/wp-json\/wp\/v2\/users\/1"}],"replies":[{"embeddable":true,"href":"https:\/\/propokanpro.com\/eng\/wp-json\/wp\/v2\/comments?post=1421"}],"version-history":[{"count":46,"href":"https:\/\/propokanpro.com\/eng\/wp-json\/wp\/v2\/pages\/1421\/revisions"}],"predecessor-version":[{"id":2893,"href":"https:\/\/propokanpro.com\/eng\/wp-json\/wp\/v2\/pages\/1421\/revisions\/2893"}],"wp:attachment":[{"href":"https:\/\/propokanpro.com\/eng\/wp-json\/wp\/v2\/media?parent=1421"}],"curies":[{"name":"wp","href":"https:\/\/api.w.org\/{rel}","templated":true}]}}